{"id":2,"date":"2025-01-23T11:23:10","date_gmt":"2025-01-23T11:23:10","guid":{"rendered":"http:\/\/digitalhelp.rgdi.net\/modelobasico\/?page_id=2"},"modified":"2025-01-23T14:03:06","modified_gmt":"2025-01-23T14:03:06","slug":"servicos","status":"publish","type":"page","link":"https:\/\/digitalhelp.rgdi.net\/modelobasico\/servicos\/","title":{"rendered":"P\u00e1gina de Servi\u00e7os, Produtos ou Benef\u00edcios"},"content":{"rendered":"\n<div class=\"wp-block-cover alignfull is-light\" style=\"padding-right:var(--wp--preset--spacing--80);padding-left:var(--wp--preset--spacing--80);min-height:50vh;aspect-ratio:unset;\"><span aria-hidden=\"true\" class=\"wp-block-cover__background has-background-dim-100 has-background-dim\" style=\"background-color:#ffffff\"><\/span><div class=\"wp-block-cover__inner-container is-layout-flow wp-block-cover-is-layout-flow\">\n<div class=\"wp-block-media-text alignwide is-stacked-on-mobile is-vertically-aligned-center is-image-fill-element\" style=\"grid-template-columns:56% auto\"><figure class=\"wp-block-media-text__media\"><img decoding=\"async\" src=\"https:\/\/s.w.org\/images\/core\/5.8\/soil.jpg\" alt=\"Close-up of dried, cracked earth.\" style=\"object-position:50% 50%\"\/><\/figure><div class=\"wp-block-media-text__content\">\n<h2 class=\"wp-block-heading has-text-color\" style=\"color:#000000;font-size:clamp(20px, 1.25rem + ((1vw - 3.2px) * 1.111), 32px);\"><strong>Fale sobre um Item<\/strong><\/h2>\n\n\n\n<p class=\"has-text-color\" style=\"color:#000000;font-size:clamp(14px, 0.875rem + ((1vw - 3.2px) * 0.278), 17px);\">\u00a0Sed sed porttitor nulla. Ut egestas tincidunt ante in condimentum. Donec purus magna, fringilla id turpis venenatis, semper vestibulum mauris.<\/p>\n\n\n\n<div class=\"wp-block-buttons is-layout-flex wp-block-buttons-is-layout-flex\">\n<div class=\"wp-block-button is-style-fill\"><a class=\"wp-block-button__link has-vivid-green-cyan-background-color has-background wp-element-button\">WhatsApp<\/a><\/div>\n<\/div>\n<\/div><\/div>\n<\/div><\/div>\n\n\n\n<h2 class=\"wp-block-heading\" style=\"font-size:clamp(23.043px, 1.44rem + ((1vw - 3.2px) * 1.385), 38px);px;line-height:1.4\"><strong>Lorem ipsum dolor sit amet, consectetur adipiscing elit.<\/strong><\/h2>\n\n\n\n<div class=\"wp-block-columns is-layout-flex wp-container-core-columns-is-layout-28f84493 wp-block-columns-is-layout-flex\">\n<div class=\"wp-block-column is-layout-flow wp-block-column-is-layout-flow\">\n<p style=\"font-size:clamp(14px, 0.875rem + ((1vw - 3.2px) * 0.37), 18px);px\">Cras ligula ligula, varius sed imperdiet eget, facilisis vitae dolor. Sed eu urna ut ipsum fermentum vestibulum. Vivamus molestie, lorem et sollicitudin dictum, justo eros blandit magna, non accumsan odio mi ut lectus. Cras consectetur rhoncus dolor, nec volutpat elit pulvinar vel. Maecenas vitae mi ut sapien iaculis viverra. Sed at augue lorem. Sed placerat orci vel velit lacinia cursus. Mauris gravida lacus nulla, non porta erat pulvinar eu. In tincidunt diam vel dictum euismod. Pellentesque et interdum dui. Pellentesque leo elit, dictum vel metus vitae, gravida vestibulum metus.<\/p>\n<\/div>\n\n\n\n<div class=\"wp-block-column is-layout-flow wp-block-column-is-layout-flow\">\n<p style=\"font-size:clamp(14px, 0.875rem + ((1vw - 3.2px) * 0.37), 18px);px\">Cras ligula ligula, varius sed imperdiet eget, facilisis vitae dolor. Sed eu urna ut ipsum fermentum vestibulum. Vivamus molestie, lorem et sollicitudin dictum, justo eros blandit magna, non accumsan odio mi ut lectus. Cras consectetur rhoncus dolor, nec volutpat elit pulvinar vel. Maecenas vitae mi ut sapien iaculis viverra. Sed at augue lorem. Sed placerat orci vel velit lacinia cursus. Mauris gravida lacus nulla, non porta erat pulvinar eu. In tincidunt diam vel dictum euismod. Pellentesque et interdum dui. Pellentesque leo elit, dictum vel metus vitae, gravida vestibulum metus.<\/p>\n<\/div>\n<\/div>\n\n\n\n<div class=\"wp-block-cover alignfull is-light\" style=\"padding-right:var(--wp--preset--spacing--80);padding-left:var(--wp--preset--spacing--80);min-height:50vh;aspect-ratio:unset;\"><span aria-hidden=\"true\" class=\"wp-block-cover__background has-background-dim-100 has-background-dim\" style=\"background-color:#ffffff\"><\/span><div class=\"wp-block-cover__inner-container is-layout-flow wp-block-cover-is-layout-flow\">\n<div class=\"wp-block-media-text alignwide has-media-on-the-right is-stacked-on-mobile is-vertically-aligned-center is-image-fill-element\" style=\"grid-template-columns:auto 56%\"><div class=\"wp-block-media-text__content\">\n<h2 class=\"wp-block-heading has-text-color\" style=\"color:#000000;font-size:clamp(20px, 1.25rem + ((1vw - 3.2px) * 1.111), 32px);\"><strong>Fale sobre um Item<\/strong><\/h2>\n\n\n\n<p class=\"has-text-color\" style=\"color:#000000;font-size:clamp(14px, 0.875rem + ((1vw - 3.2px) * 0.278), 17px);\">\u00a0Sed sed porttitor nulla. Ut egestas tincidunt ante in condimentum. Donec purus magna, fringilla id turpis venenatis, semper vestibulum mauris.<\/p>\n\n\n\n<div class=\"wp-block-buttons is-layout-flex wp-block-buttons-is-layout-flex\">\n<div class=\"wp-block-button is-style-fill\"><a class=\"wp-block-button__link has-vivid-green-cyan-background-color has-background wp-element-button\">WhatsApp<\/a><\/div>\n<\/div>\n<\/div><figure class=\"wp-block-media-text__media\"><img decoding=\"async\" src=\"https:\/\/s.w.org\/images\/core\/5.8\/soil.jpg\" alt=\"Close-up of dried, cracked earth.\" style=\"object-position:50% 50%\"\/><\/figure><\/div>\n<\/div><\/div>\n","protected":false},"excerpt":{"rendered":"<p>Lorem ipsum dolor sit amet, consectetur adipiscing elit. Cras ligula ligula, varius sed imperdiet eget, facilisis vitae dolor. Sed eu urna ut ipsum fermentum vestibulum. Vivamus molestie, lorem et sollicitudin dictum, justo eros blandit magna, non accumsan odio mi ut lectus. Cras consectetur rhoncus dolor, nec volutpat elit pulvinar vel. Maecenas vitae mi ut sapien&hellip;<\/p>\n","protected":false},"author":1,"featured_media":0,"parent":0,"menu_order":0,"comment_status":"closed","ping_status":"closed","template":"","meta":{"_eb_attr":"","footnotes":""},"class_list":["post-2","page","type-page","status-publish","hentry"],"_links":{"self":[{"href":"https:\/\/digitalhelp.rgdi.net\/modelobasico\/wp-json\/wp\/v2\/pages\/2","targetHints":{"allow":["GET"]}}],"collection":[{"href":"https:\/\/digitalhelp.rgdi.net\/modelobasico\/wp-json\/wp\/v2\/pages"}],"about":[{"href":"https:\/\/digitalhelp.rgdi.net\/modelobasico\/wp-json\/wp\/v2\/types\/page"}],"author":[{"embeddable":true,"href":"https:\/\/digitalhelp.rgdi.net\/modelobasico\/wp-json\/wp\/v2\/users\/1"}],"replies":[{"embeddable":true,"href":"https:\/\/digitalhelp.rgdi.net\/modelobasico\/wp-json\/wp\/v2\/comments?post=2"}],"version-history":[{"count":5,"href":"https:\/\/digitalhelp.rgdi.net\/modelobasico\/wp-json\/wp\/v2\/pages\/2\/revisions"}],"predecessor-version":[{"id":92,"href":"https:\/\/digitalhelp.rgdi.net\/modelobasico\/wp-json\/wp\/v2\/pages\/2\/revisions\/92"}],"wp:attachment":[{"href":"https:\/\/digitalhelp.rgdi.net\/modelobasico\/wp-json\/wp\/v2\/media?parent=2"}],"curies":[{"name":"wp","href":"https:\/\/api.w.org\/{rel}","templated":true}]}}