{"id":66,"date":"2025-02-03T19:25:24","date_gmt":"2025-02-03T19:25:24","guid":{"rendered":"https:\/\/digitalhelp.rgdi.net\/modelopremium\/?post_type=product&#038;p=66"},"modified":"2025-02-04T18:01:27","modified_gmt":"2025-02-04T18:01:27","slug":"titulo-produto","status":"publish","type":"product","link":"https:\/\/digitalhelp.rgdi.net\/modelopremium\/produto\/titulo-produto\/","title":{"rendered":"Titulo Produto"},"content":{"rendered":"<p>Descri\u00e7\u00e3o completa do produto<\/p>\n","protected":false},"excerpt":{"rendered":"<p>Descri\u00e7\u00e3o curta do produto, aparece ao lado do produto, abaixo do t\u00edtulo<\/p>\n","protected":false},"featured_media":73,"template":"","meta":{"_eb_attr":""},"product_brand":[],"product_cat":[20],"product_tag":[],"class_list":{"0":"post-66","1":"product","2":"type-product","3":"status-publish","4":"has-post-thumbnail","6":"product_cat-categoria-1","8":"first","9":"instock","10":"sale","11":"shipping-taxable","12":"purchasable","13":"product-type-simple"},"_links":{"self":[{"href":"https:\/\/digitalhelp.rgdi.net\/modelopremium\/wp-json\/wp\/v2\/product\/66","targetHints":{"allow":["GET"]}}],"collection":[{"href":"https:\/\/digitalhelp.rgdi.net\/modelopremium\/wp-json\/wp\/v2\/product"}],"about":[{"href":"https:\/\/digitalhelp.rgdi.net\/modelopremium\/wp-json\/wp\/v2\/types\/product"}],"wp:featuredmedia":[{"embeddable":true,"href":"https:\/\/digitalhelp.rgdi.net\/modelopremium\/wp-json\/wp\/v2\/media\/73"}],"wp:attachment":[{"href":"https:\/\/digitalhelp.rgdi.net\/modelopremium\/wp-json\/wp\/v2\/media?parent=66"}],"wp:term":[{"taxonomy":"product_brand","embeddable":true,"href":"https:\/\/digitalhelp.rgdi.net\/modelopremium\/wp-json\/wp\/v2\/product_brand?post=66"},{"taxonomy":"product_cat","embeddable":true,"href":"https:\/\/digitalhelp.rgdi.net\/modelopremium\/wp-json\/wp\/v2\/product_cat?post=66"},{"taxonomy":"product_tag","embeddable":true,"href":"https:\/\/digitalhelp.rgdi.net\/modelopremium\/wp-json\/wp\/v2\/product_tag?post=66"}],"curies":[{"name":"wp","href":"https:\/\/api.w.org\/{rel}","templated":true}]}}