{"id":189,"date":"2020-05-18T17:33:12","date_gmt":"2020-05-18T20:33:12","guid":{"rendered":"http:\/\/digitalhelp.rgdi.net\/site\/?page_id=189"},"modified":"2025-08-15T09:02:00","modified_gmt":"2025-08-15T12:02:00","slug":"portfolio","status":"publish","type":"page","link":"https:\/\/digitalhelp.rgdi.net\/site\/portfolio\/","title":{"rendered":"PORTF\u00d3LIO CRIATIVO"},"content":{"rendered":"\n<div class=\"blockart-section blockart-section-ba98605a\"><div class=\"blockart-container\"><div class=\"blockart-section-inner\">\n<div class=\"blockart-column blockart-column-c4ca4299\"><div class=\"blockart-column-inner\">\n<div class=\"blockart-section blockart-section-4d09122d\"><div class=\"blockart-container\"><div class=\"blockart-section-inner\">\n<div class=\"blockart-column blockart-column-1382648b\"><div class=\"blockart-column-inner\"><\/div><\/div>\n\n\n\n<div class=\"blockart-column blockart-column-b86127d1\"><div class=\"blockart-column-inner\">\n<h2 class=\"blockart-heading blockart-heading-6eaf83a0\">Portf\u00f3lio<\/h2>\n\n\n\n<p class=\"blockart-paragraph blockart-paragraph-5fb3ad02\">S\u00e3o mais de 20 anos entregando projetos e servi\u00e7os eficientes para institui\u00e7\u00f5es e empresas de todo o Brasil.<\/p>\n<\/div><\/div>\n\n\n\n<div class=\"blockart-column blockart-column-bd4e0df9\"><div class=\"blockart-column-inner\"><\/div><\/div>\n<\/div><\/div><\/div>\n\n\n\n<p><\/p>\n<\/div><\/div>\n<\/div><\/div><\/div>\n\n\n\n<div class=\"blockart-section blockart-section-c19474c9\"><div class=\"blockart-container\"><div class=\"blockart-section-inner\">\n<div class=\"blockart-column blockart-column-70983f30\"><div class=\"blockart-column-inner\">\n<figure class=\"blockart-image blockart-image-f3c8d524\"><a href=\"https:\/\/digitalhelp.rgdi.net\/site\/sites-corporativos\/\"><img loading=\"lazy\" decoding=\"async\" class=\"wp-image-5566 hover-effect-zoom-in filter-none mask mask-none\" src=\"https:\/\/digitalhelp.rgdi.net\/site\/wp-content\/uploads\/2023\/09\/zion.png\" alt=\"\" height=\"1080\" width=\"1080\" srcset=\"https:\/\/digitalhelp.rgdi.net\/site\/wp-content\/uploads\/2023\/09\/zion.png 1080w, https:\/\/digitalhelp.rgdi.net\/site\/wp-content\/uploads\/2023\/09\/zion-400x400.png 400w, https:\/\/digitalhelp.rgdi.net\/site\/wp-content\/uploads\/2023\/09\/zion-1024x1024.png 1024w, https:\/\/digitalhelp.rgdi.net\/site\/wp-content\/uploads\/2023\/09\/zion-768x768.png 768w, https:\/\/digitalhelp.rgdi.net\/site\/wp-content\/uploads\/2023\/09\/zion-200x200.png 200w, https:\/\/digitalhelp.rgdi.net\/site\/wp-content\/uploads\/2023\/09\/zion-300x300.png 300w, https:\/\/digitalhelp.rgdi.net\/site\/wp-content\/uploads\/2023\/09\/zion-600x600.png 600w, https:\/\/digitalhelp.rgdi.net\/site\/wp-content\/uploads\/2023\/09\/zion-800x800.png 800w, https:\/\/digitalhelp.rgdi.net\/site\/wp-content\/uploads\/2023\/09\/zion-45x45.png 45w\" sizes=\"auto, (max-width: 1080px) 100vw, 1080px\" \/><\/a><\/figure>\n\n\n\n<h4 class=\"blockart-heading blockart-heading-e5dd10ba\"><a href=\"https:\/\/digitalhelp.rgdi.net\/site\/sites-corporativos\/\">SITES CORPORATIVOS<\/a><\/h4>\n<\/div><\/div>\n\n\n\n<div class=\"blockart-column blockart-column-59ff5a08\"><div class=\"blockart-column-inner\">\n<figure class=\"blockart-image blockart-image-ebad7393\"><a href=\"https:\/\/digitalhelp.rgdi.net\/site\/institucionais\/\"><img loading=\"lazy\" decoding=\"async\" class=\"wp-image-4764 hover-effect-zoom-in filter-none mask mask-none\" src=\"https:\/\/digitalhelp.rgdi.net\/site\/wp-content\/uploads\/2023\/01\/1.png\" alt=\"\" height=\"1080\" width=\"1080\" srcset=\"https:\/\/digitalhelp.rgdi.net\/site\/wp-content\/uploads\/2023\/01\/1.png 1080w, https:\/\/digitalhelp.rgdi.net\/site\/wp-content\/uploads\/2023\/01\/1-400x400.png 400w, https:\/\/digitalhelp.rgdi.net\/site\/wp-content\/uploads\/2023\/01\/1-1024x1024.png 1024w, https:\/\/digitalhelp.rgdi.net\/site\/wp-content\/uploads\/2023\/01\/1-768x768.png 768w, https:\/\/digitalhelp.rgdi.net\/site\/wp-content\/uploads\/2023\/01\/1-45x45.png 45w, https:\/\/digitalhelp.rgdi.net\/site\/wp-content\/uploads\/2023\/01\/1-300x300.png 300w, https:\/\/digitalhelp.rgdi.net\/site\/wp-content\/uploads\/2023\/01\/1-600x600.png 600w, https:\/\/digitalhelp.rgdi.net\/site\/wp-content\/uploads\/2023\/01\/1-100x100.png 100w\" sizes=\"auto, (max-width: 1080px) 100vw, 1080px\" \/><\/a><\/figure>\n\n\n\n<h4 class=\"blockart-heading blockart-heading-b03cae32\"><a href=\"https:\/\/digitalhelp.rgdi.net\/site\/institucionais\/\" data-type=\"link\" data-id=\"https:\/\/digitalhelp.rgdi.net\/site\/institucionais\/\" target=\"_blank\" rel=\"noreferrer noopener\">SITES INSTITUCIONAIS<\/a><\/h4>\n<\/div><\/div>\n\n\n\n<div class=\"blockart-column blockart-column-4722bc0d\"><div class=\"blockart-column-inner\">\n<figure class=\"blockart-image blockart-image-d20962ff\"><a href=\"https:\/\/digitalhelp.rgdi.net\/site\/page-links-e-landing-pages\/\"><img loading=\"lazy\" decoding=\"async\" width=\"1080\" height=\"1080\" class=\"wp-image-6606 hover-effect-zoom-in filter-none mask mask-none\" src=\"https:\/\/digitalhelp.rgdi.net\/site\/wp-content\/uploads\/2025\/08\/pagelinks.png\" alt=\"\" srcset=\"https:\/\/digitalhelp.rgdi.net\/site\/wp-content\/uploads\/2025\/08\/pagelinks.png 1080w, https:\/\/digitalhelp.rgdi.net\/site\/wp-content\/uploads\/2025\/08\/pagelinks-400x400.png 400w, https:\/\/digitalhelp.rgdi.net\/site\/wp-content\/uploads\/2025\/08\/pagelinks-1024x1024.png 1024w, https:\/\/digitalhelp.rgdi.net\/site\/wp-content\/uploads\/2025\/08\/pagelinks-768x768.png 768w, https:\/\/digitalhelp.rgdi.net\/site\/wp-content\/uploads\/2025\/08\/pagelinks-200x200.png 200w, https:\/\/digitalhelp.rgdi.net\/site\/wp-content\/uploads\/2025\/08\/pagelinks-300x300.png 300w, https:\/\/digitalhelp.rgdi.net\/site\/wp-content\/uploads\/2025\/08\/pagelinks-600x600.png 600w, https:\/\/digitalhelp.rgdi.net\/site\/wp-content\/uploads\/2025\/08\/pagelinks-800x800.png 800w, https:\/\/digitalhelp.rgdi.net\/site\/wp-content\/uploads\/2025\/08\/pagelinks-45x45.png 45w, https:\/\/digitalhelp.rgdi.net\/site\/wp-content\/uploads\/2025\/08\/pagelinks-100x100.png 100w\" sizes=\"auto, (max-width: 1080px) 100vw, 1080px\" \/><\/a><\/figure>\n\n\n\n<h4 class=\"blockart-heading blockart-heading-8419b5ac\"><a href=\"https:\/\/digitalhelp.rgdi.net\/site\/page-links-e-landing-pages\/\">PAGE LINKS E LANDING PAGES<\/a><\/h4>\n<\/div><\/div>\n\n\n\n<div class=\"blockart-column blockart-column-1000c1e5\"><div class=\"blockart-column-inner\">\n<figure class=\"blockart-image blockart-image-dcb8b6ba\"><a href=\"https:\/\/digitalhelp.rgdi.net\/site\/diagramacao\/\"><img loading=\"lazy\" decoding=\"async\" class=\"wp-image-3622 hover-effect-zoom-in filter-none mask mask-none\" src=\"https:\/\/digitalhelp.rgdi.net\/site\/wp-content\/uploads\/2021\/07\/diagramacao.jpg\" alt=\"\" height=\"350\" width=\"350\" srcset=\"https:\/\/digitalhelp.rgdi.net\/site\/wp-content\/uploads\/2021\/07\/diagramacao.jpg 350w, https:\/\/digitalhelp.rgdi.net\/site\/wp-content\/uploads\/2021\/07\/diagramacao-300x300.jpg 300w, https:\/\/digitalhelp.rgdi.net\/site\/wp-content\/uploads\/2021\/07\/diagramacao-100x100.jpg 100w\" sizes=\"auto, (max-width: 350px) 100vw, 350px\" \/><\/a><\/figure>\n\n\n\n<h4 class=\"blockart-heading blockart-heading-a1faa546\"><a href=\"https:\/\/digitalhelp.rgdi.net\/site\/diagramacao\/\">DIAGRAMA\u00c7\u00c3O<\/a><\/h4>\n<\/div><\/div>\n<\/div><\/div><\/div>\n\n\n\n<p><\/p>\n","protected":false},"excerpt":{"rendered":"","protected":false},"author":1,"featured_media":0,"parent":0,"menu_order":-3,"comment_status":"closed","ping_status":"closed","template":"","meta":{"_eb_attr":"","_vp_format_video_url":"","_vp_image_focal_point":[],"footnotes":""},"class_list":["post-189","page","type-page","status-publish","hentry"],"yoast_head":"<!-- This site is optimized with the Yoast SEO plugin v27.2 - https:\/\/yoast.com\/product\/yoast-seo-wordpress\/ -->\n<title>PORTF\u00d3LIO CRIATIVO - Fa\u00e7a parte da EVOLU\u00c7\u00c3O Digital<\/title>\n<meta name=\"robots\" content=\"index, follow, max-snippet:-1, max-image-preview:large, max-video-preview:-1\" \/>\n<link rel=\"canonical\" href=\"https:\/\/digitalhelp.rgdi.net\/site\/portfolio\/\" \/>\n<meta property=\"og:locale\" content=\"pt_BR\" \/>\n<meta property=\"og:type\" content=\"article\" \/>\n<meta property=\"og:title\" content=\"PORTF\u00d3LIO CRIATIVO - Fa\u00e7a parte da EVOLU\u00c7\u00c3O Digital\" \/>\n<meta property=\"og:url\" content=\"https:\/\/digitalhelp.rgdi.net\/site\/portfolio\/\" \/>\n<meta property=\"og:site_name\" content=\"Fa\u00e7a parte da EVOLU\u00c7\u00c3O Digital\" \/>\n<meta property=\"article:publisher\" content=\"https:\/\/www.facebook.com\/digitalhelp.rgdi.net\" \/>\n<meta property=\"article:modified_time\" content=\"2025-08-15T12:02:00+00:00\" \/>\n<meta property=\"og:image\" content=\"https:\/\/digitalhelp.rgdi.net\/site\/wp-content\/uploads\/2023\/09\/zion.png\" \/>\n\t<meta property=\"og:image:width\" content=\"1080\" \/>\n\t<meta property=\"og:image:height\" content=\"1080\" \/>\n\t<meta property=\"og:image:type\" content=\"image\/png\" \/>\n<meta name=\"twitter:card\" content=\"summary_large_image\" \/>\n<meta name=\"twitter:label1\" content=\"Est. tempo de leitura\" \/>\n\t<meta name=\"twitter:data1\" content=\"1 minuto\" \/>\n<script type=\"application\/ld+json\" class=\"yoast-schema-graph\">{\"@context\":\"https:\/\/schema.org\",\"@graph\":[{\"@type\":\"WebPage\",\"@id\":\"https:\/\/digitalhelp.rgdi.net\/site\/portfolio\/\",\"url\":\"https:\/\/digitalhelp.rgdi.net\/site\/portfolio\/\",\"name\":\"PORTF\u00d3LIO CRIATIVO - Fa\u00e7a parte da EVOLU\u00c7\u00c3O Digital\",\"isPartOf\":{\"@id\":\"https:\/\/digitalhelp.rgdi.net\/site\/#website\"},\"primaryImageOfPage\":{\"@id\":\"https:\/\/digitalhelp.rgdi.net\/site\/portfolio\/#primaryimage\"},\"image\":{\"@id\":\"https:\/\/digitalhelp.rgdi.net\/site\/portfolio\/#primaryimage\"},\"thumbnailUrl\":\"https:\/\/digitalhelp.rgdi.net\/site\/wp-content\/uploads\/2023\/09\/zion.png\",\"datePublished\":\"2020-05-18T20:33:12+00:00\",\"dateModified\":\"2025-08-15T12:02:00+00:00\",\"breadcrumb\":{\"@id\":\"https:\/\/digitalhelp.rgdi.net\/site\/portfolio\/#breadcrumb\"},\"inLanguage\":\"pt-BR\",\"potentialAction\":[{\"@type\":\"ReadAction\",\"target\":[\"https:\/\/digitalhelp.rgdi.net\/site\/portfolio\/\"]}]},{\"@type\":\"ImageObject\",\"inLanguage\":\"pt-BR\",\"@id\":\"https:\/\/digitalhelp.rgdi.net\/site\/portfolio\/#primaryimage\",\"url\":\"https:\/\/digitalhelp.rgdi.net\/site\/wp-content\/uploads\/2023\/09\/zion.png\",\"contentUrl\":\"https:\/\/digitalhelp.rgdi.net\/site\/wp-content\/uploads\/2023\/09\/zion.png\",\"width\":1080,\"height\":1080},{\"@type\":\"BreadcrumbList\",\"@id\":\"https:\/\/digitalhelp.rgdi.net\/site\/portfolio\/#breadcrumb\",\"itemListElement\":[{\"@type\":\"ListItem\",\"position\":1,\"name\":\"In\u00edcio\",\"item\":\"https:\/\/digitalhelp.rgdi.net\/site\/\"},{\"@type\":\"ListItem\",\"position\":2,\"name\":\"PORTF\u00d3LIO CRIATIVO\"}]},{\"@type\":\"WebSite\",\"@id\":\"https:\/\/digitalhelp.rgdi.net\/site\/#website\",\"url\":\"https:\/\/digitalhelp.rgdi.net\/site\/\",\"name\":\"Fa\u00e7a parte da EVOLU\u00c7\u00c3O Digital\",\"description\":\"Fa\u00e7a parte da EVOLU\u00c7\u00c3O Digital.\",\"publisher\":{\"@id\":\"https:\/\/digitalhelp.rgdi.net\/site\/#organization\"},\"potentialAction\":[{\"@type\":\"SearchAction\",\"target\":{\"@type\":\"EntryPoint\",\"urlTemplate\":\"https:\/\/digitalhelp.rgdi.net\/site\/?s={search_term_string}\"},\"query-input\":{\"@type\":\"PropertyValueSpecification\",\"valueRequired\":true,\"valueName\":\"search_term_string\"}}],\"inLanguage\":\"pt-BR\"},{\"@type\":\"Organization\",\"@id\":\"https:\/\/digitalhelp.rgdi.net\/site\/#organization\",\"name\":\"Digital Help\",\"url\":\"https:\/\/digitalhelp.rgdi.net\/site\/\",\"logo\":{\"@type\":\"ImageObject\",\"inLanguage\":\"pt-BR\",\"@id\":\"https:\/\/digitalhelp.rgdi.net\/site\/#\/schema\/logo\/image\/\",\"url\":\"https:\/\/digitalhelp.rgdi.net\/site\/wp-content\/uploads\/2021\/04\/logotipo-site-novo.png\",\"contentUrl\":\"https:\/\/digitalhelp.rgdi.net\/site\/wp-content\/uploads\/2021\/04\/logotipo-site-novo.png\",\"width\":150,\"height\":119,\"caption\":\"Digital Help\"},\"image\":{\"@id\":\"https:\/\/digitalhelp.rgdi.net\/site\/#\/schema\/logo\/image\/\"},\"sameAs\":[\"https:\/\/www.facebook.com\/digitalhelp.rgdi.net\"]}]}<\/script>\n<!-- \/ Yoast SEO plugin. -->","yoast_head_json":{"title":"PORTF\u00d3LIO CRIATIVO - Fa\u00e7a parte da EVOLU\u00c7\u00c3O Digital","robots":{"index":"index","follow":"follow","max-snippet":"max-snippet:-1","max-image-preview":"max-image-preview:large","max-video-preview":"max-video-preview:-1"},"canonical":"https:\/\/digitalhelp.rgdi.net\/site\/portfolio\/","og_locale":"pt_BR","og_type":"article","og_title":"PORTF\u00d3LIO CRIATIVO - Fa\u00e7a parte da EVOLU\u00c7\u00c3O Digital","og_url":"https:\/\/digitalhelp.rgdi.net\/site\/portfolio\/","og_site_name":"Fa\u00e7a parte da EVOLU\u00c7\u00c3O Digital","article_publisher":"https:\/\/www.facebook.com\/digitalhelp.rgdi.net","article_modified_time":"2025-08-15T12:02:00+00:00","og_image":[{"width":1080,"height":1080,"url":"https:\/\/digitalhelp.rgdi.net\/site\/wp-content\/uploads\/2023\/09\/zion.png","type":"image\/png"}],"twitter_card":"summary_large_image","twitter_misc":{"Est. tempo de leitura":"1 minuto"},"schema":{"@context":"https:\/\/schema.org","@graph":[{"@type":"WebPage","@id":"https:\/\/digitalhelp.rgdi.net\/site\/portfolio\/","url":"https:\/\/digitalhelp.rgdi.net\/site\/portfolio\/","name":"PORTF\u00d3LIO CRIATIVO - Fa\u00e7a parte da EVOLU\u00c7\u00c3O Digital","isPartOf":{"@id":"https:\/\/digitalhelp.rgdi.net\/site\/#website"},"primaryImageOfPage":{"@id":"https:\/\/digitalhelp.rgdi.net\/site\/portfolio\/#primaryimage"},"image":{"@id":"https:\/\/digitalhelp.rgdi.net\/site\/portfolio\/#primaryimage"},"thumbnailUrl":"https:\/\/digitalhelp.rgdi.net\/site\/wp-content\/uploads\/2023\/09\/zion.png","datePublished":"2020-05-18T20:33:12+00:00","dateModified":"2025-08-15T12:02:00+00:00","breadcrumb":{"@id":"https:\/\/digitalhelp.rgdi.net\/site\/portfolio\/#breadcrumb"},"inLanguage":"pt-BR","potentialAction":[{"@type":"ReadAction","target":["https:\/\/digitalhelp.rgdi.net\/site\/portfolio\/"]}]},{"@type":"ImageObject","inLanguage":"pt-BR","@id":"https:\/\/digitalhelp.rgdi.net\/site\/portfolio\/#primaryimage","url":"https:\/\/digitalhelp.rgdi.net\/site\/wp-content\/uploads\/2023\/09\/zion.png","contentUrl":"https:\/\/digitalhelp.rgdi.net\/site\/wp-content\/uploads\/2023\/09\/zion.png","width":1080,"height":1080},{"@type":"BreadcrumbList","@id":"https:\/\/digitalhelp.rgdi.net\/site\/portfolio\/#breadcrumb","itemListElement":[{"@type":"ListItem","position":1,"name":"In\u00edcio","item":"https:\/\/digitalhelp.rgdi.net\/site\/"},{"@type":"ListItem","position":2,"name":"PORTF\u00d3LIO CRIATIVO"}]},{"@type":"WebSite","@id":"https:\/\/digitalhelp.rgdi.net\/site\/#website","url":"https:\/\/digitalhelp.rgdi.net\/site\/","name":"Fa\u00e7a parte da EVOLU\u00c7\u00c3O Digital","description":"Fa\u00e7a parte da EVOLU\u00c7\u00c3O Digital.","publisher":{"@id":"https:\/\/digitalhelp.rgdi.net\/site\/#organization"},"potentialAction":[{"@type":"SearchAction","target":{"@type":"EntryPoint","urlTemplate":"https:\/\/digitalhelp.rgdi.net\/site\/?s={search_term_string}"},"query-input":{"@type":"PropertyValueSpecification","valueRequired":true,"valueName":"search_term_string"}}],"inLanguage":"pt-BR"},{"@type":"Organization","@id":"https:\/\/digitalhelp.rgdi.net\/site\/#organization","name":"Digital Help","url":"https:\/\/digitalhelp.rgdi.net\/site\/","logo":{"@type":"ImageObject","inLanguage":"pt-BR","@id":"https:\/\/digitalhelp.rgdi.net\/site\/#\/schema\/logo\/image\/","url":"https:\/\/digitalhelp.rgdi.net\/site\/wp-content\/uploads\/2021\/04\/logotipo-site-novo.png","contentUrl":"https:\/\/digitalhelp.rgdi.net\/site\/wp-content\/uploads\/2021\/04\/logotipo-site-novo.png","width":150,"height":119,"caption":"Digital Help"},"image":{"@id":"https:\/\/digitalhelp.rgdi.net\/site\/#\/schema\/logo\/image\/"},"sameAs":["https:\/\/www.facebook.com\/digitalhelp.rgdi.net"]}]}},"rttpg_featured_image_url":null,"rttpg_author":{"display_name":"digitalhelp","author_link":"https:\/\/digitalhelp.rgdi.net\/site\/author\/digitalhelp\/"},"rttpg_comment":0,"rttpg_category":null,"rttpg_excerpt":null,"_links":{"self":[{"href":"https:\/\/digitalhelp.rgdi.net\/site\/wp-json\/wp\/v2\/pages\/189","targetHints":{"allow":["GET"]}}],"collection":[{"href":"https:\/\/digitalhelp.rgdi.net\/site\/wp-json\/wp\/v2\/pages"}],"about":[{"href":"https:\/\/digitalhelp.rgdi.net\/site\/wp-json\/wp\/v2\/types\/page"}],"author":[{"embeddable":true,"href":"https:\/\/digitalhelp.rgdi.net\/site\/wp-json\/wp\/v2\/users\/1"}],"replies":[{"embeddable":true,"href":"https:\/\/digitalhelp.rgdi.net\/site\/wp-json\/wp\/v2\/comments?post=189"}],"version-history":[{"count":190,"href":"https:\/\/digitalhelp.rgdi.net\/site\/wp-json\/wp\/v2\/pages\/189\/revisions"}],"predecessor-version":[{"id":6788,"href":"https:\/\/digitalhelp.rgdi.net\/site\/wp-json\/wp\/v2\/pages\/189\/revisions\/6788"}],"wp:attachment":[{"href":"https:\/\/digitalhelp.rgdi.net\/site\/wp-json\/wp\/v2\/media?parent=189"}],"curies":[{"name":"wp","href":"https:\/\/api.w.org\/{rel}","templated":true}]}}