{"id":2031,"date":"2021-02-22T15:52:01","date_gmt":"2021-02-22T18:52:01","guid":{"rendered":"http:\/\/digitalhelp.rgdi.net\/site\/?page_id=2031"},"modified":"2021-07-16T16:41:02","modified_gmt":"2021-07-16T19:41:02","slug":"midia-eleitoral","status":"publish","type":"page","link":"https:\/\/digitalhelp.rgdi.net\/site\/midia-eleitoral\/","title":{"rendered":"M\u00cdDIA ELEITORAL &#8211; Elei\u00e7\u00f5es Municipais 2020"},"content":{"rendered":"\n<p><strong>Majorit\u00e1rias (2020):<\/strong><\/p>\n\n\n<ul class=\"wp-block-latest-posts__list is-grid columns-4 aligncenter wp-block-latest-posts\"><li><div class=\"wp-block-latest-posts__featured-image aligncenter\"><a href=\"https:\/\/digitalhelp.rgdi.net\/site\/dudu-e-osvaldo-pp\/\" aria-label=\"Dudu e Osvaldo &#8211; PP\"><img loading=\"lazy\" decoding=\"async\" width=\"300\" height=\"240\" src=\"https:\/\/digitalhelp.rgdi.net\/site\/wp-content\/uploads\/2021\/03\/dudu-osvaldo.jpg\" class=\"attachment-medium size-medium wp-post-image\" alt=\"\" style=\"max-width:250px;max-height:250px;\" \/><\/a><\/div><a class=\"wp-block-latest-posts__post-title\" href=\"https:\/\/digitalhelp.rgdi.net\/site\/dudu-e-osvaldo-pp\/\">Dudu e Osvaldo &#8211; PP<\/a><\/li>\n<li><div class=\"wp-block-latest-posts__featured-image aligncenter\"><a href=\"https:\/\/digitalhelp.rgdi.net\/site\/eduardo-e-eliane-mdb\/\" aria-label=\"Eduardo e Eliane &#8211; MDB\"><img loading=\"lazy\" decoding=\"async\" width=\"300\" height=\"240\" src=\"https:\/\/digitalhelp.rgdi.net\/site\/wp-content\/uploads\/2021\/04\/edudardo-eliane.jpg\" class=\"attachment-medium size-medium wp-post-image\" alt=\"\" style=\"max-width:250px;max-height:250px;\" \/><\/a><\/div><a class=\"wp-block-latest-posts__post-title\" href=\"https:\/\/digitalhelp.rgdi.net\/site\/eduardo-e-eliane-mdb\/\">Eduardo e Eliane &#8211; MDB<\/a><\/li>\n<li><div class=\"wp-block-latest-posts__featured-image aligncenter\"><a href=\"https:\/\/digitalhelp.rgdi.net\/site\/orlando-e-sonia-pt\/\" aria-label=\"Orlando e S\u00f4nia &#8211; PT\"><img loading=\"lazy\" decoding=\"async\" width=\"300\" height=\"240\" src=\"https:\/\/digitalhelp.rgdi.net\/site\/wp-content\/uploads\/2021\/04\/orlando-sonia.jpg\" class=\"attachment-medium size-medium wp-post-image\" alt=\"\" style=\"max-width:250px;max-height:250px;\" \/><\/a><\/div><a class=\"wp-block-latest-posts__post-title\" href=\"https:\/\/digitalhelp.rgdi.net\/site\/orlando-e-sonia-pt\/\">Orlando e S\u00f4nia &#8211; PT<\/a><\/li>\n<\/ul>\n\n\n<p><strong>Proporcionais (2020):<\/strong><\/p>\n\n\n<ul class=\"wp-block-latest-posts__list is-grid columns-3 wp-block-latest-posts\"><li><div class=\"wp-block-latest-posts__featured-image aligncenter\"><a href=\"https:\/\/digitalhelp.rgdi.net\/site\/beto-noronha-pt\/\" aria-label=\"Beto Noronha (PT)\"><img loading=\"lazy\" decoding=\"async\" width=\"300\" height=\"240\" src=\"https:\/\/digitalhelp.rgdi.net\/site\/wp-content\/uploads\/2021\/02\/beto.jpg\" class=\"attachment-medium size-medium wp-post-image\" alt=\"\" style=\"\" \/><\/a><\/div><a class=\"wp-block-latest-posts__post-title\" href=\"https:\/\/digitalhelp.rgdi.net\/site\/beto-noronha-pt\/\">Beto Noronha (PT)<\/a><\/li>\n<li><div class=\"wp-block-latest-posts__featured-image aligncenter\"><a href=\"https:\/\/digitalhelp.rgdi.net\/site\/flamarion-miranda-mdb\/\" aria-label=\"Flamarion Miranda (MDB)\"><img loading=\"lazy\" decoding=\"async\" width=\"300\" height=\"240\" src=\"https:\/\/digitalhelp.rgdi.net\/site\/wp-content\/uploads\/2021\/02\/flamarion.jpg\" class=\"attachment-medium size-medium wp-post-image\" alt=\"\" style=\"\" \/><\/a><\/div><a class=\"wp-block-latest-posts__post-title\" href=\"https:\/\/digitalhelp.rgdi.net\/site\/flamarion-miranda-mdb\/\">Flamarion Miranda (MDB)<\/a><\/li>\n<li><div class=\"wp-block-latest-posts__featured-image aligncenter\"><a href=\"https:\/\/digitalhelp.rgdi.net\/site\/paloma-del-frari-pl\/\" aria-label=\"Paloma Del Frari (PL)\"><img loading=\"lazy\" decoding=\"async\" width=\"300\" height=\"240\" src=\"https:\/\/digitalhelp.rgdi.net\/site\/wp-content\/uploads\/2021\/02\/paloma.jpg\" class=\"attachment-medium size-medium wp-post-image\" alt=\"\" style=\"\" \/><\/a><\/div><a class=\"wp-block-latest-posts__post-title\" href=\"https:\/\/digitalhelp.rgdi.net\/site\/paloma-del-frari-pl\/\">Paloma Del Frari (PL)<\/a><\/li>\n<li><div class=\"wp-block-latest-posts__featured-image aligncenter\"><a href=\"https:\/\/digitalhelp.rgdi.net\/site\/renildo-tibe-pt-2\/\" aria-label=\"Regina Lopes\"><img loading=\"lazy\" decoding=\"async\" width=\"400\" height=\"321\" src=\"https:\/\/digitalhelp.rgdi.net\/site\/wp-content\/uploads\/2021\/07\/regina-lopes-1-400x321.jpg\" class=\"attachment-medium size-medium wp-post-image\" alt=\"\" style=\"\" srcset=\"https:\/\/digitalhelp.rgdi.net\/site\/wp-content\/uploads\/2021\/07\/regina-lopes-1-400x321.jpg 400w, https:\/\/digitalhelp.rgdi.net\/site\/wp-content\/uploads\/2021\/07\/regina-lopes-1.jpg 500w\" sizes=\"auto, (max-width: 400px) 100vw, 400px\" \/><\/a><\/div><a class=\"wp-block-latest-posts__post-title\" href=\"https:\/\/digitalhelp.rgdi.net\/site\/renildo-tibe-pt-2\/\">Regina Lopes<\/a><\/li>\n<li><div class=\"wp-block-latest-posts__featured-image aligncenter\"><a href=\"https:\/\/digitalhelp.rgdi.net\/site\/renildo-tibe-pt\/\" aria-label=\"Renildo &#8211; Tibe (PT)\"><img loading=\"lazy\" decoding=\"async\" width=\"300\" height=\"240\" src=\"https:\/\/digitalhelp.rgdi.net\/site\/wp-content\/uploads\/2021\/02\/renildo.jpg\" class=\"attachment-medium size-medium wp-post-image\" alt=\"\" style=\"\" \/><\/a><\/div><a class=\"wp-block-latest-posts__post-title\" href=\"https:\/\/digitalhelp.rgdi.net\/site\/renildo-tibe-pt\/\">Renildo &#8211; Tibe (PT)<\/a><\/li>\n<li><div class=\"wp-block-latest-posts__featured-image aligncenter\"><a href=\"https:\/\/digitalhelp.rgdi.net\/site\/tia-sola\/\" aria-label=\"Tia Sola (PL)\"><img loading=\"lazy\" decoding=\"async\" width=\"300\" height=\"240\" src=\"https:\/\/digitalhelp.rgdi.net\/site\/wp-content\/uploads\/2021\/02\/tiasola.jpg\" class=\"attachment-medium size-medium wp-post-image\" alt=\"\" style=\"\" \/><\/a><\/div><a class=\"wp-block-latest-posts__post-title\" href=\"https:\/\/digitalhelp.rgdi.net\/site\/tia-sola\/\">Tia Sola (PL)<\/a><\/li>\n<\/ul>\n\n\n<p><\/p>\n\n\n\n<p><\/p>\n","protected":false},"excerpt":{"rendered":"<p>Majorit\u00e1rias (2020): Proporcionais (2020):<\/p>\n","protected":false},"author":1,"featured_media":0,"parent":0,"menu_order":0,"comment_status":"closed","ping_status":"closed","template":"","meta":{"_eb_attr":"","_vp_format_video_url":"","_vp_image_focal_point":[],"footnotes":""},"class_list":["post-2031","page","type-page","status-publish","hentry"],"yoast_head":"<!-- This site is optimized with the Yoast SEO plugin v27.2 - https:\/\/yoast.com\/product\/yoast-seo-wordpress\/ -->\n<title>M\u00cdDIA ELEITORAL - Elei\u00e7\u00f5es Municipais 2020 - Fa\u00e7a parte da EVOLU\u00c7\u00c3O Digital<\/title>\n<meta name=\"robots\" content=\"index, follow, max-snippet:-1, max-image-preview:large, max-video-preview:-1\" \/>\n<link rel=\"canonical\" href=\"https:\/\/digitalhelp.rgdi.net\/site\/midia-eleitoral\/\" \/>\n<meta property=\"og:locale\" content=\"pt_BR\" \/>\n<meta property=\"og:type\" content=\"article\" \/>\n<meta property=\"og:title\" content=\"M\u00cdDIA ELEITORAL - Elei\u00e7\u00f5es Municipais 2020 - Fa\u00e7a parte da EVOLU\u00c7\u00c3O Digital\" \/>\n<meta property=\"og:description\" content=\"Majorit\u00e1rias (2020): Proporcionais (2020):\" \/>\n<meta property=\"og:url\" content=\"https:\/\/digitalhelp.rgdi.net\/site\/midia-eleitoral\/\" \/>\n<meta property=\"og:site_name\" content=\"Fa\u00e7a parte da EVOLU\u00c7\u00c3O Digital\" \/>\n<meta property=\"article:publisher\" content=\"https:\/\/www.facebook.com\/digitalhelp.rgdi.net\" \/>\n<meta property=\"article:modified_time\" content=\"2021-07-16T19:41:02+00:00\" \/>\n<meta name=\"twitter:card\" content=\"summary_large_image\" \/>\n<script type=\"application\/ld+json\" class=\"yoast-schema-graph\">{\"@context\":\"https:\/\/schema.org\",\"@graph\":[{\"@type\":\"WebPage\",\"@id\":\"https:\/\/digitalhelp.rgdi.net\/site\/midia-eleitoral\/\",\"url\":\"https:\/\/digitalhelp.rgdi.net\/site\/midia-eleitoral\/\",\"name\":\"M\u00cdDIA ELEITORAL - Elei\u00e7\u00f5es Municipais 2020 - Fa\u00e7a parte da EVOLU\u00c7\u00c3O Digital\",\"isPartOf\":{\"@id\":\"https:\/\/digitalhelp.rgdi.net\/site\/#website\"},\"datePublished\":\"2021-02-22T18:52:01+00:00\",\"dateModified\":\"2021-07-16T19:41:02+00:00\",\"breadcrumb\":{\"@id\":\"https:\/\/digitalhelp.rgdi.net\/site\/midia-eleitoral\/#breadcrumb\"},\"inLanguage\":\"pt-BR\",\"potentialAction\":[{\"@type\":\"ReadAction\",\"target\":[\"https:\/\/digitalhelp.rgdi.net\/site\/midia-eleitoral\/\"]}]},{\"@type\":\"BreadcrumbList\",\"@id\":\"https:\/\/digitalhelp.rgdi.net\/site\/midia-eleitoral\/#breadcrumb\",\"itemListElement\":[{\"@type\":\"ListItem\",\"position\":1,\"name\":\"In\u00edcio\",\"item\":\"https:\/\/digitalhelp.rgdi.net\/site\/\"},{\"@type\":\"ListItem\",\"position\":2,\"name\":\"M\u00cdDIA ELEITORAL &#8211; Elei\u00e7\u00f5es Municipais 2020\"}]},{\"@type\":\"WebSite\",\"@id\":\"https:\/\/digitalhelp.rgdi.net\/site\/#website\",\"url\":\"https:\/\/digitalhelp.rgdi.net\/site\/\",\"name\":\"Fa\u00e7a parte da EVOLU\u00c7\u00c3O Digital\",\"description\":\"Fa\u00e7a parte da EVOLU\u00c7\u00c3O Digital.\",\"publisher\":{\"@id\":\"https:\/\/digitalhelp.rgdi.net\/site\/#organization\"},\"potentialAction\":[{\"@type\":\"SearchAction\",\"target\":{\"@type\":\"EntryPoint\",\"urlTemplate\":\"https:\/\/digitalhelp.rgdi.net\/site\/?s={search_term_string}\"},\"query-input\":{\"@type\":\"PropertyValueSpecification\",\"valueRequired\":true,\"valueName\":\"search_term_string\"}}],\"inLanguage\":\"pt-BR\"},{\"@type\":\"Organization\",\"@id\":\"https:\/\/digitalhelp.rgdi.net\/site\/#organization\",\"name\":\"Digital Help\",\"url\":\"https:\/\/digitalhelp.rgdi.net\/site\/\",\"logo\":{\"@type\":\"ImageObject\",\"inLanguage\":\"pt-BR\",\"@id\":\"https:\/\/digitalhelp.rgdi.net\/site\/#\/schema\/logo\/image\/\",\"url\":\"https:\/\/digitalhelp.rgdi.net\/site\/wp-content\/uploads\/2021\/04\/logotipo-site-novo.png\",\"contentUrl\":\"https:\/\/digitalhelp.rgdi.net\/site\/wp-content\/uploads\/2021\/04\/logotipo-site-novo.png\",\"width\":150,\"height\":119,\"caption\":\"Digital Help\"},\"image\":{\"@id\":\"https:\/\/digitalhelp.rgdi.net\/site\/#\/schema\/logo\/image\/\"},\"sameAs\":[\"https:\/\/www.facebook.com\/digitalhelp.rgdi.net\"]}]}<\/script>\n<!-- \/ Yoast SEO plugin. -->","yoast_head_json":{"title":"M\u00cdDIA ELEITORAL - Elei\u00e7\u00f5es Municipais 2020 - Fa\u00e7a parte da EVOLU\u00c7\u00c3O Digital","robots":{"index":"index","follow":"follow","max-snippet":"max-snippet:-1","max-image-preview":"max-image-preview:large","max-video-preview":"max-video-preview:-1"},"canonical":"https:\/\/digitalhelp.rgdi.net\/site\/midia-eleitoral\/","og_locale":"pt_BR","og_type":"article","og_title":"M\u00cdDIA ELEITORAL - Elei\u00e7\u00f5es Municipais 2020 - Fa\u00e7a parte da EVOLU\u00c7\u00c3O Digital","og_description":"Majorit\u00e1rias (2020): Proporcionais (2020):","og_url":"https:\/\/digitalhelp.rgdi.net\/site\/midia-eleitoral\/","og_site_name":"Fa\u00e7a parte da EVOLU\u00c7\u00c3O Digital","article_publisher":"https:\/\/www.facebook.com\/digitalhelp.rgdi.net","article_modified_time":"2021-07-16T19:41:02+00:00","twitter_card":"summary_large_image","schema":{"@context":"https:\/\/schema.org","@graph":[{"@type":"WebPage","@id":"https:\/\/digitalhelp.rgdi.net\/site\/midia-eleitoral\/","url":"https:\/\/digitalhelp.rgdi.net\/site\/midia-eleitoral\/","name":"M\u00cdDIA ELEITORAL - Elei\u00e7\u00f5es Municipais 2020 - Fa\u00e7a parte da EVOLU\u00c7\u00c3O Digital","isPartOf":{"@id":"https:\/\/digitalhelp.rgdi.net\/site\/#website"},"datePublished":"2021-02-22T18:52:01+00:00","dateModified":"2021-07-16T19:41:02+00:00","breadcrumb":{"@id":"https:\/\/digitalhelp.rgdi.net\/site\/midia-eleitoral\/#breadcrumb"},"inLanguage":"pt-BR","potentialAction":[{"@type":"ReadAction","target":["https:\/\/digitalhelp.rgdi.net\/site\/midia-eleitoral\/"]}]},{"@type":"BreadcrumbList","@id":"https:\/\/digitalhelp.rgdi.net\/site\/midia-eleitoral\/#breadcrumb","itemListElement":[{"@type":"ListItem","position":1,"name":"In\u00edcio","item":"https:\/\/digitalhelp.rgdi.net\/site\/"},{"@type":"ListItem","position":2,"name":"M\u00cdDIA ELEITORAL &#8211; Elei\u00e7\u00f5es Municipais 2020"}]},{"@type":"WebSite","@id":"https:\/\/digitalhelp.rgdi.net\/site\/#website","url":"https:\/\/digitalhelp.rgdi.net\/site\/","name":"Fa\u00e7a parte da EVOLU\u00c7\u00c3O Digital","description":"Fa\u00e7a parte da EVOLU\u00c7\u00c3O Digital.","publisher":{"@id":"https:\/\/digitalhelp.rgdi.net\/site\/#organization"},"potentialAction":[{"@type":"SearchAction","target":{"@type":"EntryPoint","urlTemplate":"https:\/\/digitalhelp.rgdi.net\/site\/?s={search_term_string}"},"query-input":{"@type":"PropertyValueSpecification","valueRequired":true,"valueName":"search_term_string"}}],"inLanguage":"pt-BR"},{"@type":"Organization","@id":"https:\/\/digitalhelp.rgdi.net\/site\/#organization","name":"Digital Help","url":"https:\/\/digitalhelp.rgdi.net\/site\/","logo":{"@type":"ImageObject","inLanguage":"pt-BR","@id":"https:\/\/digitalhelp.rgdi.net\/site\/#\/schema\/logo\/image\/","url":"https:\/\/digitalhelp.rgdi.net\/site\/wp-content\/uploads\/2021\/04\/logotipo-site-novo.png","contentUrl":"https:\/\/digitalhelp.rgdi.net\/site\/wp-content\/uploads\/2021\/04\/logotipo-site-novo.png","width":150,"height":119,"caption":"Digital Help"},"image":{"@id":"https:\/\/digitalhelp.rgdi.net\/site\/#\/schema\/logo\/image\/"},"sameAs":["https:\/\/www.facebook.com\/digitalhelp.rgdi.net"]}]}},"rttpg_featured_image_url":null,"rttpg_author":{"display_name":"digitalhelp","author_link":"https:\/\/digitalhelp.rgdi.net\/site\/author\/digitalhelp\/"},"rttpg_comment":0,"rttpg_category":null,"rttpg_excerpt":"Majorit\u00e1rias (2020): Proporcionais (2020):","_links":{"self":[{"href":"https:\/\/digitalhelp.rgdi.net\/site\/wp-json\/wp\/v2\/pages\/2031","targetHints":{"allow":["GET"]}}],"collection":[{"href":"https:\/\/digitalhelp.rgdi.net\/site\/wp-json\/wp\/v2\/pages"}],"about":[{"href":"https:\/\/digitalhelp.rgdi.net\/site\/wp-json\/wp\/v2\/types\/page"}],"author":[{"embeddable":true,"href":"https:\/\/digitalhelp.rgdi.net\/site\/wp-json\/wp\/v2\/users\/1"}],"replies":[{"embeddable":true,"href":"https:\/\/digitalhelp.rgdi.net\/site\/wp-json\/wp\/v2\/comments?post=2031"}],"version-history":[{"count":16,"href":"https:\/\/digitalhelp.rgdi.net\/site\/wp-json\/wp\/v2\/pages\/2031\/revisions"}],"predecessor-version":[{"id":3590,"href":"https:\/\/digitalhelp.rgdi.net\/site\/wp-json\/wp\/v2\/pages\/2031\/revisions\/3590"}],"wp:attachment":[{"href":"https:\/\/digitalhelp.rgdi.net\/site\/wp-json\/wp\/v2\/media?parent=2031"}],"curies":[{"name":"wp","href":"https:\/\/api.w.org\/{rel}","templated":true}]}}