{"id":5688,"date":"2023-11-17T09:22:48","date_gmt":"2023-11-17T12:22:48","guid":{"rendered":"https:\/\/digitalhelp.rgdi.net\/site\/?page_id=5688"},"modified":"2025-08-13T16:56:03","modified_gmt":"2025-08-13T19:56:03","slug":"diagramacao","status":"publish","type":"page","link":"https:\/\/digitalhelp.rgdi.net\/site\/diagramacao\/","title":{"rendered":"Diagrama\u00e7\u00e3o"},"content":{"rendered":"\n<p class=\"blockart-heading blockart-heading-355033ac\">Transforme seu conte\u00fado em p\u00e1ginas atraentes e informativas com nossos servi\u00e7os de diagrama\u00e7\u00e3o profissional.<\/p>\n\n\n\n<p class=\"has-text-align-center\"><\/p>\n\n\n\n<div class=\"blockart-section blockart-section-6a152014\"><div class=\"blockart-container\"><div class=\"blockart-section-inner\">\n<div class=\"blockart-column blockart-column-bcd6d7d7\"><div class=\"blockart-column-inner\">\n<div class=\"blockart-section blockart-section-b4fdabd2\"><div class=\"blockart-container\"><div class=\"blockart-section-inner\">\n<div class=\"blockart-column blockart-column-3a138650\"><div class=\"blockart-column-inner\">\n<h2 class=\"blockart-heading blockart-heading-0b69fa9f\">Revistas<\/h2>\n\n\n\n<p class=\"blockart-paragraph blockart-paragraph-a419ca9f\"><em>A <strong>Digital Help<\/strong> oferece um servi\u00e7o completo de <strong>diagrama\u00e7\u00e3o de revistas<\/strong>, cuidando de cada detalhe para que o conte\u00fado seja organizado, harmonioso e atraente.<\/em><\/p>\n\n\n\n<p class=\"blockart-paragraph blockart-paragraph-4f18fc8b\"> Com layout pensado para facilitar a leitura e valorizar as imagens, criamos p\u00e1ginas que transmitem credibilidade e impactam seu p\u00fablico, seja no formato impresso ou digital<\/p>\n\n\n\n<div class=\"blockart-buttons blockart-buttons-6e583a05 is-wrap\">\n<div class=\"blockart-button blockart-button-04db2448 \"><a class=\"blockart-button-link is-large is-style-filled\">Solicitar Or\u00e7amento<\/a><\/div>\n<\/div>\n<\/div><\/div>\n\n\n\n<div class=\"blockart-column blockart-column-4ca565e4\"><div class=\"blockart-column-inner\">\n<figure class=\"blockart-image blockart-image-a727de3c\"><img loading=\"lazy\" decoding=\"async\" class=\"wp-image-5597 hover-effect-static filter-none mask mask-none\" src=\"https:\/\/digitalhelp.rgdi.net\/site\/wp-content\/uploads\/2023\/10\/Portfolio-DHB-2023-3.png\" alt=\"\" height=\"1080\" width=\"1080\" srcset=\"https:\/\/digitalhelp.rgdi.net\/site\/wp-content\/uploads\/2023\/10\/Portfolio-DHB-2023-3.png 1080w, https:\/\/digitalhelp.rgdi.net\/site\/wp-content\/uploads\/2023\/10\/Portfolio-DHB-2023-3-400x400.png 400w, https:\/\/digitalhelp.rgdi.net\/site\/wp-content\/uploads\/2023\/10\/Portfolio-DHB-2023-3-1024x1024.png 1024w, https:\/\/digitalhelp.rgdi.net\/site\/wp-content\/uploads\/2023\/10\/Portfolio-DHB-2023-3-768x768.png 768w, https:\/\/digitalhelp.rgdi.net\/site\/wp-content\/uploads\/2023\/10\/Portfolio-DHB-2023-3-200x200.png 200w, https:\/\/digitalhelp.rgdi.net\/site\/wp-content\/uploads\/2023\/10\/Portfolio-DHB-2023-3-300x300.png 300w, https:\/\/digitalhelp.rgdi.net\/site\/wp-content\/uploads\/2023\/10\/Portfolio-DHB-2023-3-600x600.png 600w, https:\/\/digitalhelp.rgdi.net\/site\/wp-content\/uploads\/2023\/10\/Portfolio-DHB-2023-3-800x800.png 800w, https:\/\/digitalhelp.rgdi.net\/site\/wp-content\/uploads\/2023\/10\/Portfolio-DHB-2023-3-45x45.png 45w\" sizes=\"auto, (max-width: 1080px) 100vw, 1080px\" \/><\/figure>\n<\/div><\/div>\n<\/div><\/div><\/div>\n\n\n\n<div class=\"blockart-section blockart-section-67d02ded\"><div class=\"blockart-container\"><div class=\"blockart-section-inner\">\n<div class=\"blockart-column blockart-column-22a34327\"><div class=\"blockart-column-inner\">\n<figure class=\"blockart-image blockart-image-4004ca0a\"><img loading=\"lazy\" decoding=\"async\" width=\"1080\" height=\"1080\" class=\"wp-image-6751 hover-effect-static filter-none mask mask-none\" src=\"https:\/\/digitalhelp.rgdi.net\/site\/wp-content\/uploads\/2025\/08\/pagelinks-1.png\" alt=\"\" srcset=\"https:\/\/digitalhelp.rgdi.net\/site\/wp-content\/uploads\/2025\/08\/pagelinks-1.png 1080w, https:\/\/digitalhelp.rgdi.net\/site\/wp-content\/uploads\/2025\/08\/pagelinks-1-400x400.png 400w, https:\/\/digitalhelp.rgdi.net\/site\/wp-content\/uploads\/2025\/08\/pagelinks-1-1024x1024.png 1024w, https:\/\/digitalhelp.rgdi.net\/site\/wp-content\/uploads\/2025\/08\/pagelinks-1-768x768.png 768w, https:\/\/digitalhelp.rgdi.net\/site\/wp-content\/uploads\/2025\/08\/pagelinks-1-200x200.png 200w, https:\/\/digitalhelp.rgdi.net\/site\/wp-content\/uploads\/2025\/08\/pagelinks-1-300x300.png 300w, https:\/\/digitalhelp.rgdi.net\/site\/wp-content\/uploads\/2025\/08\/pagelinks-1-600x600.png 600w, https:\/\/digitalhelp.rgdi.net\/site\/wp-content\/uploads\/2025\/08\/pagelinks-1-800x800.png 800w, https:\/\/digitalhelp.rgdi.net\/site\/wp-content\/uploads\/2025\/08\/pagelinks-1-45x45.png 45w, https:\/\/digitalhelp.rgdi.net\/site\/wp-content\/uploads\/2025\/08\/pagelinks-1-100x100.png 100w\" sizes=\"auto, (max-width: 1080px) 100vw, 1080px\" \/><\/figure>\n<\/div><\/div>\n\n\n\n<div class=\"blockart-column blockart-column-2d1b66bf\"><div class=\"blockart-column-inner\">\n<figure class=\"blockart-image blockart-image-84459f91\"><img loading=\"lazy\" decoding=\"async\" class=\"wp-image-6753 hover-effect-static filter-none mask mask-none\" src=\"https:\/\/digitalhelp.rgdi.net\/site\/wp-content\/uploads\/2025\/08\/pagelinks-2.png\" alt=\"\" height=\"1080\" width=\"1080\" srcset=\"https:\/\/digitalhelp.rgdi.net\/site\/wp-content\/uploads\/2025\/08\/pagelinks-2.png 1080w, https:\/\/digitalhelp.rgdi.net\/site\/wp-content\/uploads\/2025\/08\/pagelinks-2-400x400.png 400w, https:\/\/digitalhelp.rgdi.net\/site\/wp-content\/uploads\/2025\/08\/pagelinks-2-1024x1024.png 1024w, https:\/\/digitalhelp.rgdi.net\/site\/wp-content\/uploads\/2025\/08\/pagelinks-2-768x768.png 768w, https:\/\/digitalhelp.rgdi.net\/site\/wp-content\/uploads\/2025\/08\/pagelinks-2-200x200.png 200w, https:\/\/digitalhelp.rgdi.net\/site\/wp-content\/uploads\/2025\/08\/pagelinks-2-300x300.png 300w, https:\/\/digitalhelp.rgdi.net\/site\/wp-content\/uploads\/2025\/08\/pagelinks-2-600x600.png 600w, https:\/\/digitalhelp.rgdi.net\/site\/wp-content\/uploads\/2025\/08\/pagelinks-2-800x800.png 800w, https:\/\/digitalhelp.rgdi.net\/site\/wp-content\/uploads\/2025\/08\/pagelinks-2-45x45.png 45w, https:\/\/digitalhelp.rgdi.net\/site\/wp-content\/uploads\/2025\/08\/pagelinks-2-100x100.png 100w\" sizes=\"auto, (max-width: 1080px) 100vw, 1080px\" \/><\/figure>\n<\/div><\/div>\n\n\n\n<div class=\"blockart-column blockart-column-72891ebb\"><div class=\"blockart-column-inner\">\n<figure class=\"blockart-image blockart-image-4873af0c\"><img loading=\"lazy\" decoding=\"async\" width=\"1080\" height=\"1080\" class=\"wp-image-6755 hover-effect-static filter-none mask mask-none\" src=\"https:\/\/digitalhelp.rgdi.net\/site\/wp-content\/uploads\/2025\/08\/pagelinks-3.png\" alt=\"\" srcset=\"https:\/\/digitalhelp.rgdi.net\/site\/wp-content\/uploads\/2025\/08\/pagelinks-3.png 1080w, https:\/\/digitalhelp.rgdi.net\/site\/wp-content\/uploads\/2025\/08\/pagelinks-3-400x400.png 400w, https:\/\/digitalhelp.rgdi.net\/site\/wp-content\/uploads\/2025\/08\/pagelinks-3-1024x1024.png 1024w, https:\/\/digitalhelp.rgdi.net\/site\/wp-content\/uploads\/2025\/08\/pagelinks-3-768x768.png 768w, https:\/\/digitalhelp.rgdi.net\/site\/wp-content\/uploads\/2025\/08\/pagelinks-3-200x200.png 200w, https:\/\/digitalhelp.rgdi.net\/site\/wp-content\/uploads\/2025\/08\/pagelinks-3-300x300.png 300w, https:\/\/digitalhelp.rgdi.net\/site\/wp-content\/uploads\/2025\/08\/pagelinks-3-600x600.png 600w, https:\/\/digitalhelp.rgdi.net\/site\/wp-content\/uploads\/2025\/08\/pagelinks-3-800x800.png 800w, https:\/\/digitalhelp.rgdi.net\/site\/wp-content\/uploads\/2025\/08\/pagelinks-3-45x45.png 45w, https:\/\/digitalhelp.rgdi.net\/site\/wp-content\/uploads\/2025\/08\/pagelinks-3-100x100.png 100w\" sizes=\"auto, (max-width: 1080px) 100vw, 1080px\" \/><\/figure>\n<\/div><\/div>\n<\/div><\/div><\/div>\n<\/div><\/div>\n<\/div><\/div><\/div>\n\n\n\n<div class=\"blockart-section blockart-section-ae0594e3\"><div class=\"blockart-container\"><div class=\"blockart-section-inner\">\n<div class=\"blockart-column blockart-column-ed1c9c1d\"><div class=\"blockart-column-inner\">\n<div class=\"blockart-section blockart-section-dbb1b2a4\"><div class=\"blockart-container\"><div class=\"blockart-section-inner\">\n<div class=\"blockart-column blockart-column-f59b985a\"><div class=\"blockart-column-inner\">\n<h2 class=\"blockart-heading blockart-heading-a3a565d9\">Informativos<\/h2>\n\n\n\n<p class=\"blockart-paragraph blockart-paragraph-b9a55e8a\"><em>A <strong>Digital Help<\/strong> transforma suas ideias em <strong>informativos profissionais e atrativos<\/strong>, prontos para engajar seu p\u00fablico.<\/em><\/p>\n\n\n\n<p class=\"blockart-paragraph blockart-paragraph-785d6281\">Nosso servi\u00e7o de diagrama\u00e7\u00e3o garante <strong>layout moderno e organizado<\/strong>, <strong>identidade visual personalizada<\/strong>, uso inteligente de imagens e tipografia, al\u00e9m de entregar o <strong>arquivo final pronto para impress\u00e3o<\/strong>. Seja para empresas, sindicatos, escolas ou eventos.<\/p>\n\n\n\n<div class=\"blockart-buttons blockart-buttons-626ad81c-9542-4501-9329-d46181c967cc is-wrap\">\n<div class=\"blockart-button blockart-button-2061f9d9-f97d-49e5-bd9c-b1a84fade74e \"><a class=\"blockart-button-link is-large is-style-filled\">Solicitar Or\u00e7amento<\/a><\/div>\n<\/div>\n<\/div><\/div>\n\n\n\n<div class=\"blockart-column blockart-column-e52daf1f\"><div class=\"blockart-column-inner\">\n<figure class=\"blockart-image blockart-image-c78afd80\"><img loading=\"lazy\" decoding=\"async\" width=\"1080\" height=\"1080\" class=\"wp-image-6761 hover-effect-static filter-none mask mask-none\" src=\"https:\/\/digitalhelp.rgdi.net\/site\/wp-content\/uploads\/2025\/08\/informativos.png\" alt=\"\" srcset=\"https:\/\/digitalhelp.rgdi.net\/site\/wp-content\/uploads\/2025\/08\/informativos.png 1080w, https:\/\/digitalhelp.rgdi.net\/site\/wp-content\/uploads\/2025\/08\/informativos-400x400.png 400w, https:\/\/digitalhelp.rgdi.net\/site\/wp-content\/uploads\/2025\/08\/informativos-1024x1024.png 1024w, https:\/\/digitalhelp.rgdi.net\/site\/wp-content\/uploads\/2025\/08\/informativos-768x768.png 768w, https:\/\/digitalhelp.rgdi.net\/site\/wp-content\/uploads\/2025\/08\/informativos-200x200.png 200w, https:\/\/digitalhelp.rgdi.net\/site\/wp-content\/uploads\/2025\/08\/informativos-300x300.png 300w, https:\/\/digitalhelp.rgdi.net\/site\/wp-content\/uploads\/2025\/08\/informativos-600x600.png 600w, https:\/\/digitalhelp.rgdi.net\/site\/wp-content\/uploads\/2025\/08\/informativos-800x800.png 800w, https:\/\/digitalhelp.rgdi.net\/site\/wp-content\/uploads\/2025\/08\/informativos-45x45.png 45w, https:\/\/digitalhelp.rgdi.net\/site\/wp-content\/uploads\/2025\/08\/informativos-100x100.png 100w\" sizes=\"auto, (max-width: 1080px) 100vw, 1080px\" \/><\/figure>\n<\/div><\/div>\n<\/div><\/div><\/div>\n\n\n\n<div class=\"blockart-section blockart-section-17d9453d\"><div class=\"blockart-container\"><div class=\"blockart-section-inner\">\n<div class=\"blockart-column blockart-column-791fa2bb\"><div class=\"blockart-column-inner\">\n<figure class=\"blockart-image blockart-image-9f8b2c79\"><img loading=\"lazy\" decoding=\"async\" width=\"1080\" height=\"1080\" class=\"wp-image-6762 hover-effect-static filter-none mask mask-none\" src=\"https:\/\/digitalhelp.rgdi.net\/site\/wp-content\/uploads\/2025\/08\/portfolio-servicos-2.png\" alt=\"\" srcset=\"https:\/\/digitalhelp.rgdi.net\/site\/wp-content\/uploads\/2025\/08\/portfolio-servicos-2.png 1080w, https:\/\/digitalhelp.rgdi.net\/site\/wp-content\/uploads\/2025\/08\/portfolio-servicos-2-400x400.png 400w, https:\/\/digitalhelp.rgdi.net\/site\/wp-content\/uploads\/2025\/08\/portfolio-servicos-2-1024x1024.png 1024w, https:\/\/digitalhelp.rgdi.net\/site\/wp-content\/uploads\/2025\/08\/portfolio-servicos-2-768x768.png 768w, https:\/\/digitalhelp.rgdi.net\/site\/wp-content\/uploads\/2025\/08\/portfolio-servicos-2-200x200.png 200w, https:\/\/digitalhelp.rgdi.net\/site\/wp-content\/uploads\/2025\/08\/portfolio-servicos-2-300x300.png 300w, https:\/\/digitalhelp.rgdi.net\/site\/wp-content\/uploads\/2025\/08\/portfolio-servicos-2-600x600.png 600w, https:\/\/digitalhelp.rgdi.net\/site\/wp-content\/uploads\/2025\/08\/portfolio-servicos-2-800x800.png 800w, https:\/\/digitalhelp.rgdi.net\/site\/wp-content\/uploads\/2025\/08\/portfolio-servicos-2-45x45.png 45w, https:\/\/digitalhelp.rgdi.net\/site\/wp-content\/uploads\/2025\/08\/portfolio-servicos-2-100x100.png 100w\" sizes=\"auto, (max-width: 1080px) 100vw, 1080px\" \/><\/figure>\n<\/div><\/div>\n\n\n\n<div class=\"blockart-column blockart-column-c3835ea2\"><div class=\"blockart-column-inner\">\n<figure class=\"blockart-image blockart-image-a2777a4b\"><img loading=\"lazy\" decoding=\"async\" width=\"1080\" height=\"1080\" class=\"wp-image-6763 hover-effect-static filter-none mask mask-none\" src=\"https:\/\/digitalhelp.rgdi.net\/site\/wp-content\/uploads\/2025\/08\/portfolio-servicos.png\" alt=\"\" srcset=\"https:\/\/digitalhelp.rgdi.net\/site\/wp-content\/uploads\/2025\/08\/portfolio-servicos.png 1080w, https:\/\/digitalhelp.rgdi.net\/site\/wp-content\/uploads\/2025\/08\/portfolio-servicos-400x400.png 400w, https:\/\/digitalhelp.rgdi.net\/site\/wp-content\/uploads\/2025\/08\/portfolio-servicos-1024x1024.png 1024w, https:\/\/digitalhelp.rgdi.net\/site\/wp-content\/uploads\/2025\/08\/portfolio-servicos-768x768.png 768w, https:\/\/digitalhelp.rgdi.net\/site\/wp-content\/uploads\/2025\/08\/portfolio-servicos-200x200.png 200w, https:\/\/digitalhelp.rgdi.net\/site\/wp-content\/uploads\/2025\/08\/portfolio-servicos-300x300.png 300w, https:\/\/digitalhelp.rgdi.net\/site\/wp-content\/uploads\/2025\/08\/portfolio-servicos-600x600.png 600w, https:\/\/digitalhelp.rgdi.net\/site\/wp-content\/uploads\/2025\/08\/portfolio-servicos-800x800.png 800w, https:\/\/digitalhelp.rgdi.net\/site\/wp-content\/uploads\/2025\/08\/portfolio-servicos-45x45.png 45w, https:\/\/digitalhelp.rgdi.net\/site\/wp-content\/uploads\/2025\/08\/portfolio-servicos-100x100.png 100w\" sizes=\"auto, (max-width: 1080px) 100vw, 1080px\" \/><\/figure>\n<\/div><\/div>\n\n\n\n<div class=\"blockart-column blockart-column-adbedfb9\"><div class=\"blockart-column-inner\">\n<figure class=\"blockart-image blockart-image-08245a1a\"><img loading=\"lazy\" decoding=\"async\" width=\"1080\" height=\"1080\" class=\"wp-image-6764 hover-effect-static filter-none mask mask-none\" src=\"https:\/\/digitalhelp.rgdi.net\/site\/wp-content\/uploads\/2025\/08\/portfolio-servicos-1.png\" alt=\"\" srcset=\"https:\/\/digitalhelp.rgdi.net\/site\/wp-content\/uploads\/2025\/08\/portfolio-servicos-1.png 1080w, https:\/\/digitalhelp.rgdi.net\/site\/wp-content\/uploads\/2025\/08\/portfolio-servicos-1-400x400.png 400w, https:\/\/digitalhelp.rgdi.net\/site\/wp-content\/uploads\/2025\/08\/portfolio-servicos-1-1024x1024.png 1024w, https:\/\/digitalhelp.rgdi.net\/site\/wp-content\/uploads\/2025\/08\/portfolio-servicos-1-768x768.png 768w, https:\/\/digitalhelp.rgdi.net\/site\/wp-content\/uploads\/2025\/08\/portfolio-servicos-1-200x200.png 200w, https:\/\/digitalhelp.rgdi.net\/site\/wp-content\/uploads\/2025\/08\/portfolio-servicos-1-300x300.png 300w, https:\/\/digitalhelp.rgdi.net\/site\/wp-content\/uploads\/2025\/08\/portfolio-servicos-1-600x600.png 600w, https:\/\/digitalhelp.rgdi.net\/site\/wp-content\/uploads\/2025\/08\/portfolio-servicos-1-800x800.png 800w, https:\/\/digitalhelp.rgdi.net\/site\/wp-content\/uploads\/2025\/08\/portfolio-servicos-1-45x45.png 45w, https:\/\/digitalhelp.rgdi.net\/site\/wp-content\/uploads\/2025\/08\/portfolio-servicos-1-100x100.png 100w\" sizes=\"auto, (max-width: 1080px) 100vw, 1080px\" \/><\/figure>\n<\/div><\/div>\n<\/div><\/div><\/div>\n<\/div><\/div>\n<\/div><\/div><\/div>\n","protected":false},"excerpt":{"rendered":"","protected":false},"author":1,"featured_media":0,"parent":0,"menu_order":0,"comment_status":"closed","ping_status":"closed","template":"","meta":{"_eb_attr":"","_vp_format_video_url":"","_vp_image_focal_point":[],"footnotes":""},"class_list":["post-5688","page","type-page","status-publish","hentry"],"yoast_head":"<!-- This site is optimized with the Yoast SEO plugin v27.2 - https:\/\/yoast.com\/product\/yoast-seo-wordpress\/ -->\n<title>Diagrama\u00e7\u00e3o - Fa\u00e7a parte da EVOLU\u00c7\u00c3O Digital<\/title>\n<meta name=\"robots\" content=\"index, follow, max-snippet:-1, max-image-preview:large, max-video-preview:-1\" \/>\n<link rel=\"canonical\" href=\"https:\/\/digitalhelp.rgdi.net\/site\/diagramacao\/\" \/>\n<meta property=\"og:locale\" content=\"pt_BR\" \/>\n<meta property=\"og:type\" content=\"article\" \/>\n<meta property=\"og:title\" content=\"Diagrama\u00e7\u00e3o - Fa\u00e7a parte da EVOLU\u00c7\u00c3O Digital\" \/>\n<meta property=\"og:url\" content=\"https:\/\/digitalhelp.rgdi.net\/site\/diagramacao\/\" \/>\n<meta property=\"og:site_name\" content=\"Fa\u00e7a parte da EVOLU\u00c7\u00c3O Digital\" \/>\n<meta property=\"article:publisher\" content=\"https:\/\/www.facebook.com\/digitalhelp.rgdi.net\" \/>\n<meta property=\"article:modified_time\" content=\"2025-08-13T19:56:03+00:00\" \/>\n<meta property=\"og:image\" content=\"https:\/\/digitalhelp.rgdi.net\/site\/wp-content\/uploads\/2023\/10\/Portfolio-DHB-2023-3.png\" \/>\n\t<meta property=\"og:image:width\" content=\"1080\" \/>\n\t<meta property=\"og:image:height\" content=\"1080\" \/>\n\t<meta property=\"og:image:type\" content=\"image\/png\" \/>\n<meta name=\"twitter:card\" content=\"summary_large_image\" \/>\n<meta name=\"twitter:label1\" content=\"Est. tempo de leitura\" \/>\n\t<meta name=\"twitter:data1\" content=\"4 minutos\" \/>\n<script type=\"application\/ld+json\" class=\"yoast-schema-graph\">{\"@context\":\"https:\/\/schema.org\",\"@graph\":[{\"@type\":\"WebPage\",\"@id\":\"https:\/\/digitalhelp.rgdi.net\/site\/diagramacao\/\",\"url\":\"https:\/\/digitalhelp.rgdi.net\/site\/diagramacao\/\",\"name\":\"Diagrama\u00e7\u00e3o - Fa\u00e7a parte da EVOLU\u00c7\u00c3O Digital\",\"isPartOf\":{\"@id\":\"https:\/\/digitalhelp.rgdi.net\/site\/#website\"},\"primaryImageOfPage\":{\"@id\":\"https:\/\/digitalhelp.rgdi.net\/site\/diagramacao\/#primaryimage\"},\"image\":{\"@id\":\"https:\/\/digitalhelp.rgdi.net\/site\/diagramacao\/#primaryimage\"},\"thumbnailUrl\":\"https:\/\/digitalhelp.rgdi.net\/site\/wp-content\/uploads\/2023\/10\/Portfolio-DHB-2023-3.png\",\"datePublished\":\"2023-11-17T12:22:48+00:00\",\"dateModified\":\"2025-08-13T19:56:03+00:00\",\"breadcrumb\":{\"@id\":\"https:\/\/digitalhelp.rgdi.net\/site\/diagramacao\/#breadcrumb\"},\"inLanguage\":\"pt-BR\",\"potentialAction\":[{\"@type\":\"ReadAction\",\"target\":[\"https:\/\/digitalhelp.rgdi.net\/site\/diagramacao\/\"]}]},{\"@type\":\"ImageObject\",\"inLanguage\":\"pt-BR\",\"@id\":\"https:\/\/digitalhelp.rgdi.net\/site\/diagramacao\/#primaryimage\",\"url\":\"https:\/\/digitalhelp.rgdi.net\/site\/wp-content\/uploads\/2023\/10\/Portfolio-DHB-2023-3.png\",\"contentUrl\":\"https:\/\/digitalhelp.rgdi.net\/site\/wp-content\/uploads\/2023\/10\/Portfolio-DHB-2023-3.png\",\"width\":1080,\"height\":1080},{\"@type\":\"BreadcrumbList\",\"@id\":\"https:\/\/digitalhelp.rgdi.net\/site\/diagramacao\/#breadcrumb\",\"itemListElement\":[{\"@type\":\"ListItem\",\"position\":1,\"name\":\"In\u00edcio\",\"item\":\"https:\/\/digitalhelp.rgdi.net\/site\/\"},{\"@type\":\"ListItem\",\"position\":2,\"name\":\"Diagrama\u00e7\u00e3o\"}]},{\"@type\":\"WebSite\",\"@id\":\"https:\/\/digitalhelp.rgdi.net\/site\/#website\",\"url\":\"https:\/\/digitalhelp.rgdi.net\/site\/\",\"name\":\"Fa\u00e7a parte da EVOLU\u00c7\u00c3O Digital\",\"description\":\"Fa\u00e7a parte da EVOLU\u00c7\u00c3O Digital.\",\"publisher\":{\"@id\":\"https:\/\/digitalhelp.rgdi.net\/site\/#organization\"},\"potentialAction\":[{\"@type\":\"SearchAction\",\"target\":{\"@type\":\"EntryPoint\",\"urlTemplate\":\"https:\/\/digitalhelp.rgdi.net\/site\/?s={search_term_string}\"},\"query-input\":{\"@type\":\"PropertyValueSpecification\",\"valueRequired\":true,\"valueName\":\"search_term_string\"}}],\"inLanguage\":\"pt-BR\"},{\"@type\":\"Organization\",\"@id\":\"https:\/\/digitalhelp.rgdi.net\/site\/#organization\",\"name\":\"Digital Help\",\"url\":\"https:\/\/digitalhelp.rgdi.net\/site\/\",\"logo\":{\"@type\":\"ImageObject\",\"inLanguage\":\"pt-BR\",\"@id\":\"https:\/\/digitalhelp.rgdi.net\/site\/#\/schema\/logo\/image\/\",\"url\":\"https:\/\/digitalhelp.rgdi.net\/site\/wp-content\/uploads\/2021\/04\/logotipo-site-novo.png\",\"contentUrl\":\"https:\/\/digitalhelp.rgdi.net\/site\/wp-content\/uploads\/2021\/04\/logotipo-site-novo.png\",\"width\":150,\"height\":119,\"caption\":\"Digital Help\"},\"image\":{\"@id\":\"https:\/\/digitalhelp.rgdi.net\/site\/#\/schema\/logo\/image\/\"},\"sameAs\":[\"https:\/\/www.facebook.com\/digitalhelp.rgdi.net\"]}]}<\/script>\n<!-- \/ Yoast SEO plugin. -->","yoast_head_json":{"title":"Diagrama\u00e7\u00e3o - Fa\u00e7a parte da EVOLU\u00c7\u00c3O Digital","robots":{"index":"index","follow":"follow","max-snippet":"max-snippet:-1","max-image-preview":"max-image-preview:large","max-video-preview":"max-video-preview:-1"},"canonical":"https:\/\/digitalhelp.rgdi.net\/site\/diagramacao\/","og_locale":"pt_BR","og_type":"article","og_title":"Diagrama\u00e7\u00e3o - Fa\u00e7a parte da EVOLU\u00c7\u00c3O Digital","og_url":"https:\/\/digitalhelp.rgdi.net\/site\/diagramacao\/","og_site_name":"Fa\u00e7a parte da EVOLU\u00c7\u00c3O Digital","article_publisher":"https:\/\/www.facebook.com\/digitalhelp.rgdi.net","article_modified_time":"2025-08-13T19:56:03+00:00","og_image":[{"width":1080,"height":1080,"url":"https:\/\/digitalhelp.rgdi.net\/site\/wp-content\/uploads\/2023\/10\/Portfolio-DHB-2023-3.png","type":"image\/png"}],"twitter_card":"summary_large_image","twitter_misc":{"Est. tempo de leitura":"4 minutos"},"schema":{"@context":"https:\/\/schema.org","@graph":[{"@type":"WebPage","@id":"https:\/\/digitalhelp.rgdi.net\/site\/diagramacao\/","url":"https:\/\/digitalhelp.rgdi.net\/site\/diagramacao\/","name":"Diagrama\u00e7\u00e3o - Fa\u00e7a parte da EVOLU\u00c7\u00c3O Digital","isPartOf":{"@id":"https:\/\/digitalhelp.rgdi.net\/site\/#website"},"primaryImageOfPage":{"@id":"https:\/\/digitalhelp.rgdi.net\/site\/diagramacao\/#primaryimage"},"image":{"@id":"https:\/\/digitalhelp.rgdi.net\/site\/diagramacao\/#primaryimage"},"thumbnailUrl":"https:\/\/digitalhelp.rgdi.net\/site\/wp-content\/uploads\/2023\/10\/Portfolio-DHB-2023-3.png","datePublished":"2023-11-17T12:22:48+00:00","dateModified":"2025-08-13T19:56:03+00:00","breadcrumb":{"@id":"https:\/\/digitalhelp.rgdi.net\/site\/diagramacao\/#breadcrumb"},"inLanguage":"pt-BR","potentialAction":[{"@type":"ReadAction","target":["https:\/\/digitalhelp.rgdi.net\/site\/diagramacao\/"]}]},{"@type":"ImageObject","inLanguage":"pt-BR","@id":"https:\/\/digitalhelp.rgdi.net\/site\/diagramacao\/#primaryimage","url":"https:\/\/digitalhelp.rgdi.net\/site\/wp-content\/uploads\/2023\/10\/Portfolio-DHB-2023-3.png","contentUrl":"https:\/\/digitalhelp.rgdi.net\/site\/wp-content\/uploads\/2023\/10\/Portfolio-DHB-2023-3.png","width":1080,"height":1080},{"@type":"BreadcrumbList","@id":"https:\/\/digitalhelp.rgdi.net\/site\/diagramacao\/#breadcrumb","itemListElement":[{"@type":"ListItem","position":1,"name":"In\u00edcio","item":"https:\/\/digitalhelp.rgdi.net\/site\/"},{"@type":"ListItem","position":2,"name":"Diagrama\u00e7\u00e3o"}]},{"@type":"WebSite","@id":"https:\/\/digitalhelp.rgdi.net\/site\/#website","url":"https:\/\/digitalhelp.rgdi.net\/site\/","name":"Fa\u00e7a parte da EVOLU\u00c7\u00c3O Digital","description":"Fa\u00e7a parte da EVOLU\u00c7\u00c3O Digital.","publisher":{"@id":"https:\/\/digitalhelp.rgdi.net\/site\/#organization"},"potentialAction":[{"@type":"SearchAction","target":{"@type":"EntryPoint","urlTemplate":"https:\/\/digitalhelp.rgdi.net\/site\/?s={search_term_string}"},"query-input":{"@type":"PropertyValueSpecification","valueRequired":true,"valueName":"search_term_string"}}],"inLanguage":"pt-BR"},{"@type":"Organization","@id":"https:\/\/digitalhelp.rgdi.net\/site\/#organization","name":"Digital Help","url":"https:\/\/digitalhelp.rgdi.net\/site\/","logo":{"@type":"ImageObject","inLanguage":"pt-BR","@id":"https:\/\/digitalhelp.rgdi.net\/site\/#\/schema\/logo\/image\/","url":"https:\/\/digitalhelp.rgdi.net\/site\/wp-content\/uploads\/2021\/04\/logotipo-site-novo.png","contentUrl":"https:\/\/digitalhelp.rgdi.net\/site\/wp-content\/uploads\/2021\/04\/logotipo-site-novo.png","width":150,"height":119,"caption":"Digital Help"},"image":{"@id":"https:\/\/digitalhelp.rgdi.net\/site\/#\/schema\/logo\/image\/"},"sameAs":["https:\/\/www.facebook.com\/digitalhelp.rgdi.net"]}]}},"rttpg_featured_image_url":null,"rttpg_author":{"display_name":"digitalhelp","author_link":"https:\/\/digitalhelp.rgdi.net\/site\/author\/digitalhelp\/"},"rttpg_comment":0,"rttpg_category":null,"rttpg_excerpt":null,"_links":{"self":[{"href":"https:\/\/digitalhelp.rgdi.net\/site\/wp-json\/wp\/v2\/pages\/5688","targetHints":{"allow":["GET"]}}],"collection":[{"href":"https:\/\/digitalhelp.rgdi.net\/site\/wp-json\/wp\/v2\/pages"}],"about":[{"href":"https:\/\/digitalhelp.rgdi.net\/site\/wp-json\/wp\/v2\/types\/page"}],"author":[{"embeddable":true,"href":"https:\/\/digitalhelp.rgdi.net\/site\/wp-json\/wp\/v2\/users\/1"}],"replies":[{"embeddable":true,"href":"https:\/\/digitalhelp.rgdi.net\/site\/wp-json\/wp\/v2\/comments?post=5688"}],"version-history":[{"count":55,"href":"https:\/\/digitalhelp.rgdi.net\/site\/wp-json\/wp\/v2\/pages\/5688\/revisions"}],"predecessor-version":[{"id":6766,"href":"https:\/\/digitalhelp.rgdi.net\/site\/wp-json\/wp\/v2\/pages\/5688\/revisions\/6766"}],"wp:attachment":[{"href":"https:\/\/digitalhelp.rgdi.net\/site\/wp-json\/wp\/v2\/media?parent=5688"}],"curies":[{"name":"wp","href":"https:\/\/api.w.org\/{rel}","templated":true}]}}