{"id":6352,"date":"2024-11-01T10:22:36","date_gmt":"2024-11-01T13:22:36","guid":{"rendered":"https:\/\/digitalhelp.rgdi.net\/site\/?post_type=product&#038;p=6352"},"modified":"2025-10-09T08:26:50","modified_gmt":"2025-10-09T11:26:50","slug":"mobile-security-antivirus-para-celular-android","status":"publish","type":"product","link":"https:\/\/digitalhelp.rgdi.net\/site\/loja\/mobile-security-antivirus-para-celular-android\/","title":{"rendered":"Mobile Security Antivirus para Celular Android"},"content":{"rendered":"<p>O Android por ser o sistema operacional para dispositivos m\u00f3veis mais popular, tamb\u00e9m \u00e9 o mais visado por criminosos que criam virus e aplicativos maliciosos com inen\u00e7\u00e3o de infectar a plataforma.<\/p>\n<p>O Antivirus Eset Mobile Security faz mais do que apenas uma varredura nos aparelhos em busca de v\u00edrus ou outros problemas, ele atua para evitar que aplicativos perigosos sejam instalados no Android. Este \u00e9 o antivirus mais leve entre todos os aplicativos, ele se destaca no mercado por ser o que menos impacta a experi\u00eancia do usu\u00e1rio. O programa oferece prote\u00e7\u00e3o e rastreamento de malwares, disponibilizando um relat\u00f3rio detalhado de como o smartphone est\u00e1 protegido.<\/p>\n<p>Prote\u00e7\u00e3o m\u00e1xima para o seu tablet ou smartphone Android!<\/p>\n<p><strong>Funcionalidades:<\/strong><br \/>\n&#8211; Antiv\u00edrus<br \/>\n&#8211; Escaneamento em tempo real<br \/>\n&#8211; Bloqueio remoto<br \/>\n&#8211; Alerta remoto<br \/>\n&#8211; Localiza\u00e7\u00e3o por GPS<br \/>\n&#8211; Suporte para Tablets<br \/>\n&#8211; Fotos instant\u00e2neas que identifica usu\u00e1rios n\u00e3o permitidos<br \/>\n&#8211; Alerta de bateria fraca<br \/>\n&#8211; Verifica\u00e7\u00e3o de chip<br \/>\n&#8211; Filtro de Chamadas e SMS<br \/>\n&#8211; Limpeza Remota de Dados<br \/>\n&#8211; Antifurto<br \/>\n&#8211; Anti-Phishing<br \/>\n&#8211; Mensagem Personalizada na Tela<br \/>\n&#8211; Localiza\u00e7\u00e3o<br \/>\n&#8211; Licen\u00e7a v\u00e1lida por 1 ano<\/p>\n<p><strong>Requisitos de sistema:<\/strong><br \/>\n&#8211; Android 4.0 e maiores<br \/>\n&#8211; Dispositivo RAM 512 MB<br \/>\n&#8211; Touch screen (m\u00ednimo 240x320px)<br \/>\n&#8211; Processador: 500+ MHz ARM7+<br \/>\n&#8211; Conex\u00e3o com a Internet<\/p>\n","protected":false},"excerpt":{"rendered":"<p>O Android por ser o sistema operacional para dispositivos m\u00f3veis mais popular, tamb\u00e9m \u00e9 o mais visado por criminosos que criam virus e aplicativos maliciosos com inen\u00e7\u00e3o de infectar a plataforma. O Antivirus Eset Mobile Security faz mais do que apenas uma varredura nos aparelhos em busca de v\u00edrus ou outros problemas, ele atua para&#8230;<\/p>\n","protected":false},"featured_media":6353,"template":"","meta":{"_eb_attr":"","_vp_format_video_url":"","_vp_image_focal_point":[]},"product_brand":[],"product_cat":[457],"product_tag":[508,511,513,515,517,509,510,516,514,512],"class_list":{"0":"post-6352","1":"product","2":"type-product","3":"status-publish","4":"has-post-thumbnail","6":"product_cat-antivirus","7":"product_tag-antivirus-android","8":"product_tag-antivirus-leve","9":"product_tag-antivirus-para-celular","10":"product_tag-antivirus-para-tablet","11":"product_tag-aplicativo-de-seguranca-android","12":"product_tag-eset-mobile-security","13":"product_tag-protecao-android","14":"product_tag-protecao-contra-malware","15":"product_tag-seguranca-digital-android","16":"product_tag-seguranca-movel","18":"first","19":"instock","20":"virtual","21":"purchasable","22":"product-type-simple"},"yoast_head":"<!-- This site is optimized with the Yoast SEO plugin v27.2 - https:\/\/yoast.com\/product\/yoast-seo-wordpress\/ -->\n<title>Mobile Security Antivirus para Celular Android - Fa\u00e7a parte da EVOLU\u00c7\u00c3O Digital<\/title>\n<meta name=\"description\" content=\"ESET Mobile Security: o antiv\u00edrus leve e poderoso para Android. Prote\u00e7\u00e3o total contra v\u00edrus, malware, phishing e roubo de dados.\" \/>\n<meta name=\"robots\" content=\"index, follow, max-snippet:-1, max-image-preview:large, max-video-preview:-1\" \/>\n<link rel=\"canonical\" href=\"https:\/\/digitalhelp.rgdi.net\/site\/loja\/mobile-security-antivirus-para-celular-android\/\" \/>\n<meta property=\"og:locale\" content=\"pt_BR\" \/>\n<meta property=\"og:type\" content=\"article\" \/>\n<meta property=\"og:title\" content=\"Mobile Security Antivirus para Celular Android - Fa\u00e7a parte da EVOLU\u00c7\u00c3O Digital\" \/>\n<meta property=\"og:description\" content=\"ESET Mobile Security: o antiv\u00edrus leve e poderoso para Android. Prote\u00e7\u00e3o total contra v\u00edrus, malware, phishing e roubo de dados.\" \/>\n<meta property=\"og:url\" content=\"https:\/\/digitalhelp.rgdi.net\/site\/loja\/mobile-security-antivirus-para-celular-android\/\" \/>\n<meta property=\"og:site_name\" content=\"Fa\u00e7a parte da EVOLU\u00c7\u00c3O Digital\" \/>\n<meta property=\"article:publisher\" content=\"https:\/\/www.facebook.com\/digitalhelp.rgdi.net\" \/>\n<meta property=\"article:modified_time\" content=\"2025-10-09T11:26:50+00:00\" \/>\n<meta property=\"og:image\" content=\"https:\/\/digitalhelp.rgdi.net\/site\/wp-content\/uploads\/2024\/11\/Antivirus-Mobile-Android.jpg\" \/>\n\t<meta property=\"og:image:width\" content=\"1200\" \/>\n\t<meta property=\"og:image:height\" content=\"1200\" \/>\n\t<meta property=\"og:image:type\" content=\"image\/jpeg\" \/>\n<meta name=\"twitter:card\" content=\"summary_large_image\" \/>\n<meta name=\"twitter:label1\" content=\"Est. tempo de leitura\" \/>\n\t<meta name=\"twitter:data1\" content=\"2 minutos\" \/>\n<script type=\"application\/ld+json\" class=\"yoast-schema-graph\">{\"@context\":\"https:\/\/schema.org\",\"@graph\":[{\"@type\":\"WebPage\",\"@id\":\"https:\/\/digitalhelp.rgdi.net\/site\/loja\/mobile-security-antivirus-para-celular-android\/\",\"url\":\"https:\/\/digitalhelp.rgdi.net\/site\/loja\/mobile-security-antivirus-para-celular-android\/\",\"name\":\"Mobile Security Antivirus para Celular Android - Fa\u00e7a parte da EVOLU\u00c7\u00c3O Digital\",\"isPartOf\":{\"@id\":\"https:\/\/digitalhelp.rgdi.net\/site\/#website\"},\"primaryImageOfPage\":{\"@id\":\"https:\/\/digitalhelp.rgdi.net\/site\/loja\/mobile-security-antivirus-para-celular-android\/#primaryimage\"},\"image\":{\"@id\":\"https:\/\/digitalhelp.rgdi.net\/site\/loja\/mobile-security-antivirus-para-celular-android\/#primaryimage\"},\"thumbnailUrl\":\"https:\/\/digitalhelp.rgdi.net\/site\/wp-content\/uploads\/2024\/11\/Antivirus-Mobile-Android.jpg\",\"datePublished\":\"2024-11-01T13:22:36+00:00\",\"dateModified\":\"2025-10-09T11:26:50+00:00\",\"description\":\"ESET Mobile Security: o antiv\u00edrus leve e poderoso para Android. Prote\u00e7\u00e3o total contra v\u00edrus, malware, phishing e roubo de dados.\",\"breadcrumb\":{\"@id\":\"https:\/\/digitalhelp.rgdi.net\/site\/loja\/mobile-security-antivirus-para-celular-android\/#breadcrumb\"},\"inLanguage\":\"pt-BR\",\"potentialAction\":[{\"@type\":\"ReadAction\",\"target\":[\"https:\/\/digitalhelp.rgdi.net\/site\/loja\/mobile-security-antivirus-para-celular-android\/\"]}]},{\"@type\":\"ImageObject\",\"inLanguage\":\"pt-BR\",\"@id\":\"https:\/\/digitalhelp.rgdi.net\/site\/loja\/mobile-security-antivirus-para-celular-android\/#primaryimage\",\"url\":\"https:\/\/digitalhelp.rgdi.net\/site\/wp-content\/uploads\/2024\/11\/Antivirus-Mobile-Android.jpg\",\"contentUrl\":\"https:\/\/digitalhelp.rgdi.net\/site\/wp-content\/uploads\/2024\/11\/Antivirus-Mobile-Android.jpg\",\"width\":1200,\"height\":1200},{\"@type\":\"BreadcrumbList\",\"@id\":\"https:\/\/digitalhelp.rgdi.net\/site\/loja\/mobile-security-antivirus-para-celular-android\/#breadcrumb\",\"itemListElement\":[{\"@type\":\"ListItem\",\"position\":1,\"name\":\"In\u00edcio\",\"item\":\"https:\/\/digitalhelp.rgdi.net\/site\/\"},{\"@type\":\"ListItem\",\"position\":2,\"name\":\"NOSSAS SOLU\u00c7\u00d5ES PARA VOC\u00ca\",\"item\":\"https:\/\/digitalhelp.rgdi.net\/site\/loja\/\"},{\"@type\":\"ListItem\",\"position\":3,\"name\":\"Mobile Security Antivirus para Celular Android\"}]},{\"@type\":\"WebSite\",\"@id\":\"https:\/\/digitalhelp.rgdi.net\/site\/#website\",\"url\":\"https:\/\/digitalhelp.rgdi.net\/site\/\",\"name\":\"Fa\u00e7a parte da EVOLU\u00c7\u00c3O Digital\",\"description\":\"Fa\u00e7a parte da EVOLU\u00c7\u00c3O Digital.\",\"publisher\":{\"@id\":\"https:\/\/digitalhelp.rgdi.net\/site\/#organization\"},\"potentialAction\":[{\"@type\":\"SearchAction\",\"target\":{\"@type\":\"EntryPoint\",\"urlTemplate\":\"https:\/\/digitalhelp.rgdi.net\/site\/?s={search_term_string}\"},\"query-input\":{\"@type\":\"PropertyValueSpecification\",\"valueRequired\":true,\"valueName\":\"search_term_string\"}}],\"inLanguage\":\"pt-BR\"},{\"@type\":\"Organization\",\"@id\":\"https:\/\/digitalhelp.rgdi.net\/site\/#organization\",\"name\":\"Digital Help\",\"url\":\"https:\/\/digitalhelp.rgdi.net\/site\/\",\"logo\":{\"@type\":\"ImageObject\",\"inLanguage\":\"pt-BR\",\"@id\":\"https:\/\/digitalhelp.rgdi.net\/site\/#\/schema\/logo\/image\/\",\"url\":\"https:\/\/digitalhelp.rgdi.net\/site\/wp-content\/uploads\/2021\/04\/logotipo-site-novo.png\",\"contentUrl\":\"https:\/\/digitalhelp.rgdi.net\/site\/wp-content\/uploads\/2021\/04\/logotipo-site-novo.png\",\"width\":150,\"height\":119,\"caption\":\"Digital Help\"},\"image\":{\"@id\":\"https:\/\/digitalhelp.rgdi.net\/site\/#\/schema\/logo\/image\/\"},\"sameAs\":[\"https:\/\/www.facebook.com\/digitalhelp.rgdi.net\"]}]}<\/script>\n<!-- \/ Yoast SEO plugin. -->","yoast_head_json":{"title":"Mobile Security Antivirus para Celular Android - Fa\u00e7a parte da EVOLU\u00c7\u00c3O Digital","description":"ESET Mobile Security: o antiv\u00edrus leve e poderoso para Android. Prote\u00e7\u00e3o total contra v\u00edrus, malware, phishing e roubo de dados.","robots":{"index":"index","follow":"follow","max-snippet":"max-snippet:-1","max-image-preview":"max-image-preview:large","max-video-preview":"max-video-preview:-1"},"canonical":"https:\/\/digitalhelp.rgdi.net\/site\/loja\/mobile-security-antivirus-para-celular-android\/","og_locale":"pt_BR","og_type":"article","og_title":"Mobile Security Antivirus para Celular Android - Fa\u00e7a parte da EVOLU\u00c7\u00c3O Digital","og_description":"ESET Mobile Security: o antiv\u00edrus leve e poderoso para Android. Prote\u00e7\u00e3o total contra v\u00edrus, malware, phishing e roubo de dados.","og_url":"https:\/\/digitalhelp.rgdi.net\/site\/loja\/mobile-security-antivirus-para-celular-android\/","og_site_name":"Fa\u00e7a parte da EVOLU\u00c7\u00c3O Digital","article_publisher":"https:\/\/www.facebook.com\/digitalhelp.rgdi.net","article_modified_time":"2025-10-09T11:26:50+00:00","og_image":[{"width":1200,"height":1200,"url":"https:\/\/digitalhelp.rgdi.net\/site\/wp-content\/uploads\/2024\/11\/Antivirus-Mobile-Android.jpg","type":"image\/jpeg"}],"twitter_card":"summary_large_image","twitter_misc":{"Est. tempo de leitura":"2 minutos"},"schema":{"@context":"https:\/\/schema.org","@graph":[{"@type":"WebPage","@id":"https:\/\/digitalhelp.rgdi.net\/site\/loja\/mobile-security-antivirus-para-celular-android\/","url":"https:\/\/digitalhelp.rgdi.net\/site\/loja\/mobile-security-antivirus-para-celular-android\/","name":"Mobile Security Antivirus para Celular Android - Fa\u00e7a parte da EVOLU\u00c7\u00c3O Digital","isPartOf":{"@id":"https:\/\/digitalhelp.rgdi.net\/site\/#website"},"primaryImageOfPage":{"@id":"https:\/\/digitalhelp.rgdi.net\/site\/loja\/mobile-security-antivirus-para-celular-android\/#primaryimage"},"image":{"@id":"https:\/\/digitalhelp.rgdi.net\/site\/loja\/mobile-security-antivirus-para-celular-android\/#primaryimage"},"thumbnailUrl":"https:\/\/digitalhelp.rgdi.net\/site\/wp-content\/uploads\/2024\/11\/Antivirus-Mobile-Android.jpg","datePublished":"2024-11-01T13:22:36+00:00","dateModified":"2025-10-09T11:26:50+00:00","description":"ESET Mobile Security: o antiv\u00edrus leve e poderoso para Android. Prote\u00e7\u00e3o total contra v\u00edrus, malware, phishing e roubo de dados.","breadcrumb":{"@id":"https:\/\/digitalhelp.rgdi.net\/site\/loja\/mobile-security-antivirus-para-celular-android\/#breadcrumb"},"inLanguage":"pt-BR","potentialAction":[{"@type":"ReadAction","target":["https:\/\/digitalhelp.rgdi.net\/site\/loja\/mobile-security-antivirus-para-celular-android\/"]}]},{"@type":"ImageObject","inLanguage":"pt-BR","@id":"https:\/\/digitalhelp.rgdi.net\/site\/loja\/mobile-security-antivirus-para-celular-android\/#primaryimage","url":"https:\/\/digitalhelp.rgdi.net\/site\/wp-content\/uploads\/2024\/11\/Antivirus-Mobile-Android.jpg","contentUrl":"https:\/\/digitalhelp.rgdi.net\/site\/wp-content\/uploads\/2024\/11\/Antivirus-Mobile-Android.jpg","width":1200,"height":1200},{"@type":"BreadcrumbList","@id":"https:\/\/digitalhelp.rgdi.net\/site\/loja\/mobile-security-antivirus-para-celular-android\/#breadcrumb","itemListElement":[{"@type":"ListItem","position":1,"name":"In\u00edcio","item":"https:\/\/digitalhelp.rgdi.net\/site\/"},{"@type":"ListItem","position":2,"name":"NOSSAS SOLU\u00c7\u00d5ES PARA VOC\u00ca","item":"https:\/\/digitalhelp.rgdi.net\/site\/loja\/"},{"@type":"ListItem","position":3,"name":"Mobile Security Antivirus para Celular Android"}]},{"@type":"WebSite","@id":"https:\/\/digitalhelp.rgdi.net\/site\/#website","url":"https:\/\/digitalhelp.rgdi.net\/site\/","name":"Fa\u00e7a parte da EVOLU\u00c7\u00c3O Digital","description":"Fa\u00e7a parte da EVOLU\u00c7\u00c3O Digital.","publisher":{"@id":"https:\/\/digitalhelp.rgdi.net\/site\/#organization"},"potentialAction":[{"@type":"SearchAction","target":{"@type":"EntryPoint","urlTemplate":"https:\/\/digitalhelp.rgdi.net\/site\/?s={search_term_string}"},"query-input":{"@type":"PropertyValueSpecification","valueRequired":true,"valueName":"search_term_string"}}],"inLanguage":"pt-BR"},{"@type":"Organization","@id":"https:\/\/digitalhelp.rgdi.net\/site\/#organization","name":"Digital Help","url":"https:\/\/digitalhelp.rgdi.net\/site\/","logo":{"@type":"ImageObject","inLanguage":"pt-BR","@id":"https:\/\/digitalhelp.rgdi.net\/site\/#\/schema\/logo\/image\/","url":"https:\/\/digitalhelp.rgdi.net\/site\/wp-content\/uploads\/2021\/04\/logotipo-site-novo.png","contentUrl":"https:\/\/digitalhelp.rgdi.net\/site\/wp-content\/uploads\/2021\/04\/logotipo-site-novo.png","width":150,"height":119,"caption":"Digital Help"},"image":{"@id":"https:\/\/digitalhelp.rgdi.net\/site\/#\/schema\/logo\/image\/"},"sameAs":["https:\/\/www.facebook.com\/digitalhelp.rgdi.net"]}]}},"_links":{"self":[{"href":"https:\/\/digitalhelp.rgdi.net\/site\/wp-json\/wp\/v2\/product\/6352","targetHints":{"allow":["GET"]}}],"collection":[{"href":"https:\/\/digitalhelp.rgdi.net\/site\/wp-json\/wp\/v2\/product"}],"about":[{"href":"https:\/\/digitalhelp.rgdi.net\/site\/wp-json\/wp\/v2\/types\/product"}],"wp:featuredmedia":[{"embeddable":true,"href":"https:\/\/digitalhelp.rgdi.net\/site\/wp-json\/wp\/v2\/media\/6353"}],"wp:attachment":[{"href":"https:\/\/digitalhelp.rgdi.net\/site\/wp-json\/wp\/v2\/media?parent=6352"}],"wp:term":[{"taxonomy":"product_brand","embeddable":true,"href":"https:\/\/digitalhelp.rgdi.net\/site\/wp-json\/wp\/v2\/product_brand?post=6352"},{"taxonomy":"product_cat","embeddable":true,"href":"https:\/\/digitalhelp.rgdi.net\/site\/wp-json\/wp\/v2\/product_cat?post=6352"},{"taxonomy":"product_tag","embeddable":true,"href":"https:\/\/digitalhelp.rgdi.net\/site\/wp-json\/wp\/v2\/product_tag?post=6352"}],"curies":[{"name":"wp","href":"https:\/\/api.w.org\/{rel}","templated":true}]}}