{"id":6370,"date":"2024-11-01T10:53:50","date_gmt":"2024-11-01T13:53:50","guid":{"rendered":"https:\/\/digitalhelp.rgdi.net\/site\/?post_type=product&#038;p=6370"},"modified":"2025-10-09T09:04:38","modified_gmt":"2025-10-09T12:04:38","slug":"hospedagem-de-sites","status":"publish","type":"product","link":"https:\/\/digitalhelp.rgdi.net\/site\/loja\/hospedagem-de-sites\/","title":{"rendered":"Hospedagem de Sites"},"content":{"rendered":"<p>A <strong data-start=\"2\" data-end=\"24\">hospedagem de site<\/strong> \u00e9 o servi\u00e7o que mant\u00e9m seu conte\u00fado online e acess\u00edvel 24 horas por dia, garantindo estabilidade, seguran\u00e7a e velocidade para seus visitantes.<\/p>\n<p>Seja para um <strong data-start=\"181\" data-end=\"203\">site institucional<\/strong>, um <strong data-start=\"208\" data-end=\"218\">portal<\/strong> com grande volume de informa\u00e7\u00f5es, um <strong data-start=\"256\" data-end=\"291\">cat\u00e1logo de produtos e servi\u00e7os<\/strong> que apresenta seu portf\u00f3lio de forma organizada e atrativa, ou uma <strong data-start=\"359\" data-end=\"375\">landing page<\/strong> focada em convers\u00e3o e gera\u00e7\u00e3o de leads, a hospedagem de qualidade \u00e9 essencial para oferecer uma experi\u00eancia r\u00e1pida, confi\u00e1vel e profissional, fortalecendo a presen\u00e7a digital e a credibilidade do seu neg\u00f3cio.<\/p>\n","protected":false},"excerpt":{"rendered":"<p>A hospedagem de site \u00e9 o servi\u00e7o que mant\u00e9m seu conte\u00fado online e acess\u00edvel 24 horas por dia, garantindo estabilidade, seguran\u00e7a e velocidade para seus visitantes. Seja para um site institucional, um portal com grande volume de informa\u00e7\u00f5es, um cat\u00e1logo de produtos e servi\u00e7os que apresenta seu portf\u00f3lio de forma organizada e atrativa, ou uma&#8230;<\/p>\n","protected":false},"featured_media":6374,"template":"","meta":{"_eb_attr":"","_vp_format_video_url":"","_vp_image_focal_point":[]},"product_brand":[],"product_cat":[346],"product_tag":[542,545,537,536,538,541,544,543,546,539,540],"class_list":{"0":"post-6370","1":"product","2":"type-product","3":"status-publish","4":"has-post-thumbnail","6":"product_cat-hosting","7":"product_tag-catalogo-de-produtos","8":"product_tag-estabilidade","9":"product_tag-hospedagem-de-site-profissional","10":"product_tag-hospedagem-de-sites","11":"product_tag-hospedagem-segura","12":"product_tag-landing-page","13":"product_tag-performance","14":"product_tag-presenca-digital","15":"product_tag-seguranca-online","16":"product_tag-servidor-rapido","17":"product_tag-site-institucional","19":"first","20":"instock","21":"shipping-taxable","22":"purchasable","23":"product-type-variable"},"yoast_head":"<!-- This site is optimized with the Yoast SEO plugin v27.2 - https:\/\/yoast.com\/product\/yoast-seo-wordpress\/ -->\n<title>Hospedagem de Sites - Fa\u00e7a parte da EVOLU\u00c7\u00c3O Digital<\/title>\n<meta name=\"description\" content=\"Garanta que seu site fique online com seguran\u00e7a, velocidade e estabilidade. Hospedagem profissional ideal para sites com foco em desempenho e credibilidade.\" \/>\n<meta name=\"robots\" content=\"index, follow, max-snippet:-1, max-image-preview:large, max-video-preview:-1\" \/>\n<link rel=\"canonical\" href=\"https:\/\/digitalhelp.rgdi.net\/site\/loja\/hospedagem-de-sites\/\" \/>\n<meta property=\"og:locale\" content=\"pt_BR\" \/>\n<meta property=\"og:type\" content=\"article\" \/>\n<meta property=\"og:title\" content=\"Hospedagem de Sites - Fa\u00e7a parte da EVOLU\u00c7\u00c3O Digital\" \/>\n<meta property=\"og:description\" content=\"Garanta que seu site fique online com seguran\u00e7a, velocidade e estabilidade. Hospedagem profissional ideal para sites com foco em desempenho e credibilidade.\" \/>\n<meta property=\"og:url\" content=\"https:\/\/digitalhelp.rgdi.net\/site\/loja\/hospedagem-de-sites\/\" \/>\n<meta property=\"og:site_name\" content=\"Fa\u00e7a parte da EVOLU\u00c7\u00c3O Digital\" \/>\n<meta property=\"article:publisher\" content=\"https:\/\/www.facebook.com\/digitalhelp.rgdi.net\" \/>\n<meta property=\"article:modified_time\" content=\"2025-10-09T12:04:38+00:00\" \/>\n<meta property=\"og:image\" content=\"https:\/\/digitalhelp.rgdi.net\/site\/wp-content\/uploads\/2024\/11\/host-3.png\" \/>\n\t<meta property=\"og:image:width\" content=\"1080\" \/>\n\t<meta property=\"og:image:height\" content=\"1080\" \/>\n\t<meta property=\"og:image:type\" content=\"image\/png\" \/>\n<meta name=\"twitter:card\" content=\"summary_large_image\" \/>\n<meta name=\"twitter:label1\" content=\"Est. tempo de leitura\" \/>\n\t<meta name=\"twitter:data1\" content=\"1 minuto\" \/>\n<script type=\"application\/ld+json\" class=\"yoast-schema-graph\">{\"@context\":\"https:\/\/schema.org\",\"@graph\":[{\"@type\":\"WebPage\",\"@id\":\"https:\/\/digitalhelp.rgdi.net\/site\/loja\/hospedagem-de-sites\/\",\"url\":\"https:\/\/digitalhelp.rgdi.net\/site\/loja\/hospedagem-de-sites\/\",\"name\":\"Hospedagem de Sites - Fa\u00e7a parte da EVOLU\u00c7\u00c3O Digital\",\"isPartOf\":{\"@id\":\"https:\/\/digitalhelp.rgdi.net\/site\/#website\"},\"primaryImageOfPage\":{\"@id\":\"https:\/\/digitalhelp.rgdi.net\/site\/loja\/hospedagem-de-sites\/#primaryimage\"},\"image\":{\"@id\":\"https:\/\/digitalhelp.rgdi.net\/site\/loja\/hospedagem-de-sites\/#primaryimage\"},\"thumbnailUrl\":\"https:\/\/digitalhelp.rgdi.net\/site\/wp-content\/uploads\/2024\/11\/host-3.png\",\"datePublished\":\"2024-11-01T13:53:50+00:00\",\"dateModified\":\"2025-10-09T12:04:38+00:00\",\"description\":\"Garanta que seu site fique online com seguran\u00e7a, velocidade e estabilidade. Hospedagem profissional ideal para sites com foco em desempenho e credibilidade.\",\"breadcrumb\":{\"@id\":\"https:\/\/digitalhelp.rgdi.net\/site\/loja\/hospedagem-de-sites\/#breadcrumb\"},\"inLanguage\":\"pt-BR\",\"potentialAction\":[{\"@type\":\"ReadAction\",\"target\":[\"https:\/\/digitalhelp.rgdi.net\/site\/loja\/hospedagem-de-sites\/\"]}]},{\"@type\":\"ImageObject\",\"inLanguage\":\"pt-BR\",\"@id\":\"https:\/\/digitalhelp.rgdi.net\/site\/loja\/hospedagem-de-sites\/#primaryimage\",\"url\":\"https:\/\/digitalhelp.rgdi.net\/site\/wp-content\/uploads\/2024\/11\/host-3.png\",\"contentUrl\":\"https:\/\/digitalhelp.rgdi.net\/site\/wp-content\/uploads\/2024\/11\/host-3.png\",\"width\":1080,\"height\":1080},{\"@type\":\"BreadcrumbList\",\"@id\":\"https:\/\/digitalhelp.rgdi.net\/site\/loja\/hospedagem-de-sites\/#breadcrumb\",\"itemListElement\":[{\"@type\":\"ListItem\",\"position\":1,\"name\":\"In\u00edcio\",\"item\":\"https:\/\/digitalhelp.rgdi.net\/site\/\"},{\"@type\":\"ListItem\",\"position\":2,\"name\":\"NOSSAS SOLU\u00c7\u00d5ES PARA VOC\u00ca\",\"item\":\"https:\/\/digitalhelp.rgdi.net\/site\/loja\/\"},{\"@type\":\"ListItem\",\"position\":3,\"name\":\"Hospedagem de Sites\"}]},{\"@type\":\"WebSite\",\"@id\":\"https:\/\/digitalhelp.rgdi.net\/site\/#website\",\"url\":\"https:\/\/digitalhelp.rgdi.net\/site\/\",\"name\":\"Fa\u00e7a parte da EVOLU\u00c7\u00c3O Digital\",\"description\":\"Fa\u00e7a parte da EVOLU\u00c7\u00c3O Digital.\",\"publisher\":{\"@id\":\"https:\/\/digitalhelp.rgdi.net\/site\/#organization\"},\"potentialAction\":[{\"@type\":\"SearchAction\",\"target\":{\"@type\":\"EntryPoint\",\"urlTemplate\":\"https:\/\/digitalhelp.rgdi.net\/site\/?s={search_term_string}\"},\"query-input\":{\"@type\":\"PropertyValueSpecification\",\"valueRequired\":true,\"valueName\":\"search_term_string\"}}],\"inLanguage\":\"pt-BR\"},{\"@type\":\"Organization\",\"@id\":\"https:\/\/digitalhelp.rgdi.net\/site\/#organization\",\"name\":\"Digital Help\",\"url\":\"https:\/\/digitalhelp.rgdi.net\/site\/\",\"logo\":{\"@type\":\"ImageObject\",\"inLanguage\":\"pt-BR\",\"@id\":\"https:\/\/digitalhelp.rgdi.net\/site\/#\/schema\/logo\/image\/\",\"url\":\"https:\/\/digitalhelp.rgdi.net\/site\/wp-content\/uploads\/2021\/04\/logotipo-site-novo.png\",\"contentUrl\":\"https:\/\/digitalhelp.rgdi.net\/site\/wp-content\/uploads\/2021\/04\/logotipo-site-novo.png\",\"width\":150,\"height\":119,\"caption\":\"Digital Help\"},\"image\":{\"@id\":\"https:\/\/digitalhelp.rgdi.net\/site\/#\/schema\/logo\/image\/\"},\"sameAs\":[\"https:\/\/www.facebook.com\/digitalhelp.rgdi.net\"]}]}<\/script>\n<!-- \/ Yoast SEO plugin. -->","yoast_head_json":{"title":"Hospedagem de Sites - Fa\u00e7a parte da EVOLU\u00c7\u00c3O Digital","description":"Garanta que seu site fique online com seguran\u00e7a, velocidade e estabilidade. Hospedagem profissional ideal para sites com foco em desempenho e credibilidade.","robots":{"index":"index","follow":"follow","max-snippet":"max-snippet:-1","max-image-preview":"max-image-preview:large","max-video-preview":"max-video-preview:-1"},"canonical":"https:\/\/digitalhelp.rgdi.net\/site\/loja\/hospedagem-de-sites\/","og_locale":"pt_BR","og_type":"article","og_title":"Hospedagem de Sites - Fa\u00e7a parte da EVOLU\u00c7\u00c3O Digital","og_description":"Garanta que seu site fique online com seguran\u00e7a, velocidade e estabilidade. Hospedagem profissional ideal para sites com foco em desempenho e credibilidade.","og_url":"https:\/\/digitalhelp.rgdi.net\/site\/loja\/hospedagem-de-sites\/","og_site_name":"Fa\u00e7a parte da EVOLU\u00c7\u00c3O Digital","article_publisher":"https:\/\/www.facebook.com\/digitalhelp.rgdi.net","article_modified_time":"2025-10-09T12:04:38+00:00","og_image":[{"width":1080,"height":1080,"url":"https:\/\/digitalhelp.rgdi.net\/site\/wp-content\/uploads\/2024\/11\/host-3.png","type":"image\/png"}],"twitter_card":"summary_large_image","twitter_misc":{"Est. tempo de leitura":"1 minuto"},"schema":{"@context":"https:\/\/schema.org","@graph":[{"@type":"WebPage","@id":"https:\/\/digitalhelp.rgdi.net\/site\/loja\/hospedagem-de-sites\/","url":"https:\/\/digitalhelp.rgdi.net\/site\/loja\/hospedagem-de-sites\/","name":"Hospedagem de Sites - Fa\u00e7a parte da EVOLU\u00c7\u00c3O Digital","isPartOf":{"@id":"https:\/\/digitalhelp.rgdi.net\/site\/#website"},"primaryImageOfPage":{"@id":"https:\/\/digitalhelp.rgdi.net\/site\/loja\/hospedagem-de-sites\/#primaryimage"},"image":{"@id":"https:\/\/digitalhelp.rgdi.net\/site\/loja\/hospedagem-de-sites\/#primaryimage"},"thumbnailUrl":"https:\/\/digitalhelp.rgdi.net\/site\/wp-content\/uploads\/2024\/11\/host-3.png","datePublished":"2024-11-01T13:53:50+00:00","dateModified":"2025-10-09T12:04:38+00:00","description":"Garanta que seu site fique online com seguran\u00e7a, velocidade e estabilidade. Hospedagem profissional ideal para sites com foco em desempenho e credibilidade.","breadcrumb":{"@id":"https:\/\/digitalhelp.rgdi.net\/site\/loja\/hospedagem-de-sites\/#breadcrumb"},"inLanguage":"pt-BR","potentialAction":[{"@type":"ReadAction","target":["https:\/\/digitalhelp.rgdi.net\/site\/loja\/hospedagem-de-sites\/"]}]},{"@type":"ImageObject","inLanguage":"pt-BR","@id":"https:\/\/digitalhelp.rgdi.net\/site\/loja\/hospedagem-de-sites\/#primaryimage","url":"https:\/\/digitalhelp.rgdi.net\/site\/wp-content\/uploads\/2024\/11\/host-3.png","contentUrl":"https:\/\/digitalhelp.rgdi.net\/site\/wp-content\/uploads\/2024\/11\/host-3.png","width":1080,"height":1080},{"@type":"BreadcrumbList","@id":"https:\/\/digitalhelp.rgdi.net\/site\/loja\/hospedagem-de-sites\/#breadcrumb","itemListElement":[{"@type":"ListItem","position":1,"name":"In\u00edcio","item":"https:\/\/digitalhelp.rgdi.net\/site\/"},{"@type":"ListItem","position":2,"name":"NOSSAS SOLU\u00c7\u00d5ES PARA VOC\u00ca","item":"https:\/\/digitalhelp.rgdi.net\/site\/loja\/"},{"@type":"ListItem","position":3,"name":"Hospedagem de Sites"}]},{"@type":"WebSite","@id":"https:\/\/digitalhelp.rgdi.net\/site\/#website","url":"https:\/\/digitalhelp.rgdi.net\/site\/","name":"Fa\u00e7a parte da EVOLU\u00c7\u00c3O Digital","description":"Fa\u00e7a parte da EVOLU\u00c7\u00c3O Digital.","publisher":{"@id":"https:\/\/digitalhelp.rgdi.net\/site\/#organization"},"potentialAction":[{"@type":"SearchAction","target":{"@type":"EntryPoint","urlTemplate":"https:\/\/digitalhelp.rgdi.net\/site\/?s={search_term_string}"},"query-input":{"@type":"PropertyValueSpecification","valueRequired":true,"valueName":"search_term_string"}}],"inLanguage":"pt-BR"},{"@type":"Organization","@id":"https:\/\/digitalhelp.rgdi.net\/site\/#organization","name":"Digital Help","url":"https:\/\/digitalhelp.rgdi.net\/site\/","logo":{"@type":"ImageObject","inLanguage":"pt-BR","@id":"https:\/\/digitalhelp.rgdi.net\/site\/#\/schema\/logo\/image\/","url":"https:\/\/digitalhelp.rgdi.net\/site\/wp-content\/uploads\/2021\/04\/logotipo-site-novo.png","contentUrl":"https:\/\/digitalhelp.rgdi.net\/site\/wp-content\/uploads\/2021\/04\/logotipo-site-novo.png","width":150,"height":119,"caption":"Digital Help"},"image":{"@id":"https:\/\/digitalhelp.rgdi.net\/site\/#\/schema\/logo\/image\/"},"sameAs":["https:\/\/www.facebook.com\/digitalhelp.rgdi.net"]}]}},"_links":{"self":[{"href":"https:\/\/digitalhelp.rgdi.net\/site\/wp-json\/wp\/v2\/product\/6370","targetHints":{"allow":["GET"]}}],"collection":[{"href":"https:\/\/digitalhelp.rgdi.net\/site\/wp-json\/wp\/v2\/product"}],"about":[{"href":"https:\/\/digitalhelp.rgdi.net\/site\/wp-json\/wp\/v2\/types\/product"}],"wp:featuredmedia":[{"embeddable":true,"href":"https:\/\/digitalhelp.rgdi.net\/site\/wp-json\/wp\/v2\/media\/6374"}],"wp:attachment":[{"href":"https:\/\/digitalhelp.rgdi.net\/site\/wp-json\/wp\/v2\/media?parent=6370"}],"wp:term":[{"taxonomy":"product_brand","embeddable":true,"href":"https:\/\/digitalhelp.rgdi.net\/site\/wp-json\/wp\/v2\/product_brand?post=6370"},{"taxonomy":"product_cat","embeddable":true,"href":"https:\/\/digitalhelp.rgdi.net\/site\/wp-json\/wp\/v2\/product_cat?post=6370"},{"taxonomy":"product_tag","embeddable":true,"href":"https:\/\/digitalhelp.rgdi.net\/site\/wp-json\/wp\/v2\/product_tag?post=6370"}],"curies":[{"name":"wp","href":"https:\/\/api.w.org\/{rel}","templated":true}]}}