{"id":6380,"date":"2024-11-01T10:59:52","date_gmt":"2024-11-01T13:59:52","guid":{"rendered":"https:\/\/digitalhelp.rgdi.net\/site\/?post_type=product&#038;p=6380"},"modified":"2025-10-08T11:11:40","modified_gmt":"2025-10-08T14:11:40","slug":"revenda-de-hospedagem","status":"publish","type":"product","link":"https:\/\/digitalhelp.rgdi.net\/site\/loja\/revenda-de-hospedagem\/","title":{"rendered":"Revenda de Hospedagem"},"content":{"rendered":"<p data-start=\"275\" data-end=\"671\">Todos os planos da <strong data-start=\"294\" data-end=\"323\">Linha Revenda Hosting Pro<\/strong> oferecem desempenho, estabilidade e controle total sobre suas hospedagens.<br data-start=\"398\" data-end=\"401\" \/>Gerencie facilmente seus clientes com o <strong data-start=\"441\" data-end=\"463\">Painel DirectAdmin<\/strong>, um painel intuitivo, r\u00e1pido e seguro, e conte com o <strong data-start=\"517\" data-end=\"532\">Softaculous<\/strong>, o instalador autom\u00e1tico que permite configurar mais de <strong data-start=\"589\" data-end=\"607\">400 aplica\u00e7\u00f5es<\/strong> (como WordPress, Joomla, Magento e outras) em poucos cliques.<\/p>\n<p data-start=\"673\" data-end=\"815\">Ideal para ag\u00eancias, desenvolvedores e empreendedores digitais que desejam revender hospedagem com qualidade profissional e total autonomia.<\/p>\n","protected":false},"excerpt":{"rendered":"<p>Todos os planos da Linha Revenda Hosting Pro oferecem desempenho, estabilidade e controle total sobre suas hospedagens.Gerencie facilmente seus clientes com o Painel DirectAdmin, um painel intuitivo, r\u00e1pido e seguro, e conte com o Softaculous, o instalador autom\u00e1tico que permite configurar mais de 400 aplica\u00e7\u00f5es (como WordPress, Joomla, Magento e outras) em poucos cliques. Ideal&#8230;<\/p>\n","protected":false},"featured_media":6386,"template":"","meta":{"_eb_attr":"","_vp_format_video_url":"","_vp_image_focal_point":[]},"product_brand":[],"product_cat":[453],"product_tag":[498,31,497,496,499],"class_list":{"0":"post-6380","1":"product","2":"type-product","3":"status-publish","4":"has-post-thumbnail","6":"product_cat-revendas","7":"product_tag-direct-admin","8":"product_tag-host","9":"product_tag-plano-de-hospedagem","10":"product_tag-revenda","11":"product_tag-softaculous","13":"first","14":"instock","15":"shipping-taxable","16":"purchasable","17":"product-type-variable"},"yoast_head":"<!-- This site is optimized with the Yoast SEO plugin v27.2 - https:\/\/yoast.com\/product\/yoast-seo-wordpress\/ -->\n<title>Revenda de Hospedagem - Fa\u00e7a parte da EVOLU\u00c7\u00c3O Digital<\/title>\n<meta name=\"description\" content=\"Todos os planos da Linha Revenda Hosting Pro oferecem desempenho, estabilidade e controle total sobre suas hospedagens.\" \/>\n<meta name=\"robots\" content=\"index, follow, max-snippet:-1, max-image-preview:large, max-video-preview:-1\" \/>\n<link rel=\"canonical\" href=\"https:\/\/digitalhelp.rgdi.net\/site\/loja\/revenda-de-hospedagem\/\" \/>\n<meta property=\"og:locale\" content=\"pt_BR\" \/>\n<meta property=\"og:type\" content=\"article\" \/>\n<meta property=\"og:title\" content=\"Revenda de Hospedagem - Fa\u00e7a parte da EVOLU\u00c7\u00c3O Digital\" \/>\n<meta property=\"og:description\" content=\"Todos os planos da Linha Revenda Hosting Pro oferecem desempenho, estabilidade e controle total sobre suas hospedagens.\" \/>\n<meta property=\"og:url\" content=\"https:\/\/digitalhelp.rgdi.net\/site\/loja\/revenda-de-hospedagem\/\" \/>\n<meta property=\"og:site_name\" content=\"Fa\u00e7a parte da EVOLU\u00c7\u00c3O Digital\" \/>\n<meta property=\"article:publisher\" content=\"https:\/\/www.facebook.com\/digitalhelp.rgdi.net\" \/>\n<meta property=\"article:modified_time\" content=\"2025-10-08T14:11:40+00:00\" \/>\n<meta property=\"og:image\" content=\"https:\/\/digitalhelp.rgdi.net\/site\/wp-content\/uploads\/2024\/11\/host-4.png\" \/>\n\t<meta property=\"og:image:width\" content=\"1080\" \/>\n\t<meta property=\"og:image:height\" content=\"1080\" \/>\n\t<meta property=\"og:image:type\" content=\"image\/png\" \/>\n<meta name=\"twitter:card\" content=\"summary_large_image\" \/>\n<meta name=\"twitter:label1\" content=\"Est. tempo de leitura\" \/>\n\t<meta name=\"twitter:data1\" content=\"1 minuto\" \/>\n<script type=\"application\/ld+json\" class=\"yoast-schema-graph\">{\"@context\":\"https:\/\/schema.org\",\"@graph\":[{\"@type\":\"WebPage\",\"@id\":\"https:\/\/digitalhelp.rgdi.net\/site\/loja\/revenda-de-hospedagem\/\",\"url\":\"https:\/\/digitalhelp.rgdi.net\/site\/loja\/revenda-de-hospedagem\/\",\"name\":\"Revenda de Hospedagem - Fa\u00e7a parte da EVOLU\u00c7\u00c3O Digital\",\"isPartOf\":{\"@id\":\"https:\/\/digitalhelp.rgdi.net\/site\/#website\"},\"primaryImageOfPage\":{\"@id\":\"https:\/\/digitalhelp.rgdi.net\/site\/loja\/revenda-de-hospedagem\/#primaryimage\"},\"image\":{\"@id\":\"https:\/\/digitalhelp.rgdi.net\/site\/loja\/revenda-de-hospedagem\/#primaryimage\"},\"thumbnailUrl\":\"https:\/\/digitalhelp.rgdi.net\/site\/wp-content\/uploads\/2024\/11\/host-4.png\",\"datePublished\":\"2024-11-01T13:59:52+00:00\",\"dateModified\":\"2025-10-08T14:11:40+00:00\",\"description\":\"Todos os planos da Linha Revenda Hosting Pro oferecem desempenho, estabilidade e controle total sobre suas hospedagens.\",\"breadcrumb\":{\"@id\":\"https:\/\/digitalhelp.rgdi.net\/site\/loja\/revenda-de-hospedagem\/#breadcrumb\"},\"inLanguage\":\"pt-BR\",\"potentialAction\":[{\"@type\":\"ReadAction\",\"target\":[\"https:\/\/digitalhelp.rgdi.net\/site\/loja\/revenda-de-hospedagem\/\"]}]},{\"@type\":\"ImageObject\",\"inLanguage\":\"pt-BR\",\"@id\":\"https:\/\/digitalhelp.rgdi.net\/site\/loja\/revenda-de-hospedagem\/#primaryimage\",\"url\":\"https:\/\/digitalhelp.rgdi.net\/site\/wp-content\/uploads\/2024\/11\/host-4.png\",\"contentUrl\":\"https:\/\/digitalhelp.rgdi.net\/site\/wp-content\/uploads\/2024\/11\/host-4.png\",\"width\":1080,\"height\":1080},{\"@type\":\"BreadcrumbList\",\"@id\":\"https:\/\/digitalhelp.rgdi.net\/site\/loja\/revenda-de-hospedagem\/#breadcrumb\",\"itemListElement\":[{\"@type\":\"ListItem\",\"position\":1,\"name\":\"In\u00edcio\",\"item\":\"https:\/\/digitalhelp.rgdi.net\/site\/\"},{\"@type\":\"ListItem\",\"position\":2,\"name\":\"NOSSAS SOLU\u00c7\u00d5ES PARA VOC\u00ca\",\"item\":\"https:\/\/digitalhelp.rgdi.net\/site\/loja\/\"},{\"@type\":\"ListItem\",\"position\":3,\"name\":\"Revenda de Hospedagem\"}]},{\"@type\":\"WebSite\",\"@id\":\"https:\/\/digitalhelp.rgdi.net\/site\/#website\",\"url\":\"https:\/\/digitalhelp.rgdi.net\/site\/\",\"name\":\"Fa\u00e7a parte da EVOLU\u00c7\u00c3O Digital\",\"description\":\"Fa\u00e7a parte da EVOLU\u00c7\u00c3O Digital.\",\"publisher\":{\"@id\":\"https:\/\/digitalhelp.rgdi.net\/site\/#organization\"},\"potentialAction\":[{\"@type\":\"SearchAction\",\"target\":{\"@type\":\"EntryPoint\",\"urlTemplate\":\"https:\/\/digitalhelp.rgdi.net\/site\/?s={search_term_string}\"},\"query-input\":{\"@type\":\"PropertyValueSpecification\",\"valueRequired\":true,\"valueName\":\"search_term_string\"}}],\"inLanguage\":\"pt-BR\"},{\"@type\":\"Organization\",\"@id\":\"https:\/\/digitalhelp.rgdi.net\/site\/#organization\",\"name\":\"Digital Help\",\"url\":\"https:\/\/digitalhelp.rgdi.net\/site\/\",\"logo\":{\"@type\":\"ImageObject\",\"inLanguage\":\"pt-BR\",\"@id\":\"https:\/\/digitalhelp.rgdi.net\/site\/#\/schema\/logo\/image\/\",\"url\":\"https:\/\/digitalhelp.rgdi.net\/site\/wp-content\/uploads\/2021\/04\/logotipo-site-novo.png\",\"contentUrl\":\"https:\/\/digitalhelp.rgdi.net\/site\/wp-content\/uploads\/2021\/04\/logotipo-site-novo.png\",\"width\":150,\"height\":119,\"caption\":\"Digital Help\"},\"image\":{\"@id\":\"https:\/\/digitalhelp.rgdi.net\/site\/#\/schema\/logo\/image\/\"},\"sameAs\":[\"https:\/\/www.facebook.com\/digitalhelp.rgdi.net\"]}]}<\/script>\n<!-- \/ Yoast SEO plugin. -->","yoast_head_json":{"title":"Revenda de Hospedagem - Fa\u00e7a parte da EVOLU\u00c7\u00c3O Digital","description":"Todos os planos da Linha Revenda Hosting Pro oferecem desempenho, estabilidade e controle total sobre suas hospedagens.","robots":{"index":"index","follow":"follow","max-snippet":"max-snippet:-1","max-image-preview":"max-image-preview:large","max-video-preview":"max-video-preview:-1"},"canonical":"https:\/\/digitalhelp.rgdi.net\/site\/loja\/revenda-de-hospedagem\/","og_locale":"pt_BR","og_type":"article","og_title":"Revenda de Hospedagem - Fa\u00e7a parte da EVOLU\u00c7\u00c3O Digital","og_description":"Todos os planos da Linha Revenda Hosting Pro oferecem desempenho, estabilidade e controle total sobre suas hospedagens.","og_url":"https:\/\/digitalhelp.rgdi.net\/site\/loja\/revenda-de-hospedagem\/","og_site_name":"Fa\u00e7a parte da EVOLU\u00c7\u00c3O Digital","article_publisher":"https:\/\/www.facebook.com\/digitalhelp.rgdi.net","article_modified_time":"2025-10-08T14:11:40+00:00","og_image":[{"width":1080,"height":1080,"url":"https:\/\/digitalhelp.rgdi.net\/site\/wp-content\/uploads\/2024\/11\/host-4.png","type":"image\/png"}],"twitter_card":"summary_large_image","twitter_misc":{"Est. tempo de leitura":"1 minuto"},"schema":{"@context":"https:\/\/schema.org","@graph":[{"@type":"WebPage","@id":"https:\/\/digitalhelp.rgdi.net\/site\/loja\/revenda-de-hospedagem\/","url":"https:\/\/digitalhelp.rgdi.net\/site\/loja\/revenda-de-hospedagem\/","name":"Revenda de Hospedagem - Fa\u00e7a parte da EVOLU\u00c7\u00c3O Digital","isPartOf":{"@id":"https:\/\/digitalhelp.rgdi.net\/site\/#website"},"primaryImageOfPage":{"@id":"https:\/\/digitalhelp.rgdi.net\/site\/loja\/revenda-de-hospedagem\/#primaryimage"},"image":{"@id":"https:\/\/digitalhelp.rgdi.net\/site\/loja\/revenda-de-hospedagem\/#primaryimage"},"thumbnailUrl":"https:\/\/digitalhelp.rgdi.net\/site\/wp-content\/uploads\/2024\/11\/host-4.png","datePublished":"2024-11-01T13:59:52+00:00","dateModified":"2025-10-08T14:11:40+00:00","description":"Todos os planos da Linha Revenda Hosting Pro oferecem desempenho, estabilidade e controle total sobre suas hospedagens.","breadcrumb":{"@id":"https:\/\/digitalhelp.rgdi.net\/site\/loja\/revenda-de-hospedagem\/#breadcrumb"},"inLanguage":"pt-BR","potentialAction":[{"@type":"ReadAction","target":["https:\/\/digitalhelp.rgdi.net\/site\/loja\/revenda-de-hospedagem\/"]}]},{"@type":"ImageObject","inLanguage":"pt-BR","@id":"https:\/\/digitalhelp.rgdi.net\/site\/loja\/revenda-de-hospedagem\/#primaryimage","url":"https:\/\/digitalhelp.rgdi.net\/site\/wp-content\/uploads\/2024\/11\/host-4.png","contentUrl":"https:\/\/digitalhelp.rgdi.net\/site\/wp-content\/uploads\/2024\/11\/host-4.png","width":1080,"height":1080},{"@type":"BreadcrumbList","@id":"https:\/\/digitalhelp.rgdi.net\/site\/loja\/revenda-de-hospedagem\/#breadcrumb","itemListElement":[{"@type":"ListItem","position":1,"name":"In\u00edcio","item":"https:\/\/digitalhelp.rgdi.net\/site\/"},{"@type":"ListItem","position":2,"name":"NOSSAS SOLU\u00c7\u00d5ES PARA VOC\u00ca","item":"https:\/\/digitalhelp.rgdi.net\/site\/loja\/"},{"@type":"ListItem","position":3,"name":"Revenda de Hospedagem"}]},{"@type":"WebSite","@id":"https:\/\/digitalhelp.rgdi.net\/site\/#website","url":"https:\/\/digitalhelp.rgdi.net\/site\/","name":"Fa\u00e7a parte da EVOLU\u00c7\u00c3O Digital","description":"Fa\u00e7a parte da EVOLU\u00c7\u00c3O Digital.","publisher":{"@id":"https:\/\/digitalhelp.rgdi.net\/site\/#organization"},"potentialAction":[{"@type":"SearchAction","target":{"@type":"EntryPoint","urlTemplate":"https:\/\/digitalhelp.rgdi.net\/site\/?s={search_term_string}"},"query-input":{"@type":"PropertyValueSpecification","valueRequired":true,"valueName":"search_term_string"}}],"inLanguage":"pt-BR"},{"@type":"Organization","@id":"https:\/\/digitalhelp.rgdi.net\/site\/#organization","name":"Digital Help","url":"https:\/\/digitalhelp.rgdi.net\/site\/","logo":{"@type":"ImageObject","inLanguage":"pt-BR","@id":"https:\/\/digitalhelp.rgdi.net\/site\/#\/schema\/logo\/image\/","url":"https:\/\/digitalhelp.rgdi.net\/site\/wp-content\/uploads\/2021\/04\/logotipo-site-novo.png","contentUrl":"https:\/\/digitalhelp.rgdi.net\/site\/wp-content\/uploads\/2021\/04\/logotipo-site-novo.png","width":150,"height":119,"caption":"Digital Help"},"image":{"@id":"https:\/\/digitalhelp.rgdi.net\/site\/#\/schema\/logo\/image\/"},"sameAs":["https:\/\/www.facebook.com\/digitalhelp.rgdi.net"]}]}},"_links":{"self":[{"href":"https:\/\/digitalhelp.rgdi.net\/site\/wp-json\/wp\/v2\/product\/6380","targetHints":{"allow":["GET"]}}],"collection":[{"href":"https:\/\/digitalhelp.rgdi.net\/site\/wp-json\/wp\/v2\/product"}],"about":[{"href":"https:\/\/digitalhelp.rgdi.net\/site\/wp-json\/wp\/v2\/types\/product"}],"wp:featuredmedia":[{"embeddable":true,"href":"https:\/\/digitalhelp.rgdi.net\/site\/wp-json\/wp\/v2\/media\/6386"}],"wp:attachment":[{"href":"https:\/\/digitalhelp.rgdi.net\/site\/wp-json\/wp\/v2\/media?parent=6380"}],"wp:term":[{"taxonomy":"product_brand","embeddable":true,"href":"https:\/\/digitalhelp.rgdi.net\/site\/wp-json\/wp\/v2\/product_brand?post=6380"},{"taxonomy":"product_cat","embeddable":true,"href":"https:\/\/digitalhelp.rgdi.net\/site\/wp-json\/wp\/v2\/product_cat?post=6380"},{"taxonomy":"product_tag","embeddable":true,"href":"https:\/\/digitalhelp.rgdi.net\/site\/wp-json\/wp\/v2\/product_tag?post=6380"}],"curies":[{"name":"wp","href":"https:\/\/api.w.org\/{rel}","templated":true}]}}