{"id":6919,"date":"2025-10-08T13:11:29","date_gmt":"2025-10-08T16:11:29","guid":{"rendered":"https:\/\/digitalhelp.rgdi.net\/site\/?post_type=product&#038;p=6919"},"modified":"2025-10-08T13:16:24","modified_gmt":"2025-10-08T16:16:24","slug":"e-cpf-assinatura-digital-com-validade-juridica","status":"publish","type":"product","link":"https:\/\/digitalhelp.rgdi.net\/site\/loja\/e-cpf-assinatura-digital-com-validade-juridica\/","title":{"rendered":"e-CPF \u2013 Assinatura Digital com Validade Jur\u00eddica"},"content":{"rendered":"","protected":false},"excerpt":{"rendered":"<p>Obtenha seu e-CPF e <strong>assine documentos digitais com validade jur\u00eddica e total seguran\u00e7a.<\/strong> Tenha acesso a servi\u00e7os governamentais, envie declara\u00e7\u00f5es e garanta agilidade em seus processos, tudo com prote\u00e7\u00e3o e conformidade legal.<\/p>\n","protected":false},"featured_media":6920,"template":"","meta":{"_eb_attr":"","_vp_format_video_url":"","_vp_image_focal_point":[]},"product_brand":[],"product_cat":[432],"product_tag":[506,500,503,505,507],"class_list":{"0":"post-6919","1":"product","2":"type-product","3":"status-publish","4":"has-post-thumbnail","6":"product_cat-certificados-digitais","7":"product_tag-a1","8":"product_tag-certificado","9":"product_tag-digital","10":"product_tag-e-cpf","11":"product_tag-pessoa-fisica","13":"first","14":"instock","15":"virtual","16":"product-type-simple"},"yoast_head":"<!-- This site is optimized with the Yoast SEO plugin v27.2 - https:\/\/yoast.com\/product\/yoast-seo-wordpress\/ -->\n<title>e-CPF \u2013 Assinatura Digital com Validade Jur\u00eddica - Fa\u00e7a parte da EVOLU\u00c7\u00c3O Digital<\/title>\n<meta name=\"description\" content=\"Tenha acesso a servi\u00e7os governamentais, envie declara\u00e7\u00f5es e garanta agilidade em seus processos, tudo com prote\u00e7\u00e3o e conformidade legal.\" \/>\n<meta name=\"robots\" content=\"index, follow, max-snippet:-1, max-image-preview:large, max-video-preview:-1\" \/>\n<link rel=\"canonical\" href=\"https:\/\/digitalhelp.rgdi.net\/site\/loja\/e-cpf-assinatura-digital-com-validade-juridica\/\" \/>\n<meta property=\"og:locale\" content=\"pt_BR\" \/>\n<meta property=\"og:type\" content=\"article\" \/>\n<meta property=\"og:title\" content=\"e-CPF \u2013 Assinatura Digital com Validade Jur\u00eddica - Fa\u00e7a parte da EVOLU\u00c7\u00c3O Digital\" \/>\n<meta property=\"og:description\" content=\"Tenha acesso a servi\u00e7os governamentais, envie declara\u00e7\u00f5es e garanta agilidade em seus processos, tudo com prote\u00e7\u00e3o e conformidade legal.\" \/>\n<meta property=\"og:url\" content=\"https:\/\/digitalhelp.rgdi.net\/site\/loja\/e-cpf-assinatura-digital-com-validade-juridica\/\" \/>\n<meta property=\"og:site_name\" content=\"Fa\u00e7a parte da EVOLU\u00c7\u00c3O Digital\" \/>\n<meta property=\"article:publisher\" content=\"https:\/\/www.facebook.com\/digitalhelp.rgdi.net\" \/>\n<meta property=\"article:modified_time\" content=\"2025-10-08T16:16:24+00:00\" \/>\n<meta property=\"og:image\" content=\"https:\/\/digitalhelp.rgdi.net\/site\/wp-content\/uploads\/2025\/10\/ecpf.jpg\" \/>\n\t<meta property=\"og:image:width\" content=\"1080\" \/>\n\t<meta property=\"og:image:height\" content=\"1080\" \/>\n\t<meta property=\"og:image:type\" content=\"image\/jpeg\" \/>\n<meta name=\"twitter:card\" content=\"summary_large_image\" \/>\n<meta name=\"twitter:label1\" content=\"Est. tempo de leitura\" \/>\n\t<meta name=\"twitter:data1\" content=\"1 minuto\" \/>\n<script type=\"application\/ld+json\" class=\"yoast-schema-graph\">{\"@context\":\"https:\/\/schema.org\",\"@graph\":[{\"@type\":\"WebPage\",\"@id\":\"https:\/\/digitalhelp.rgdi.net\/site\/loja\/e-cpf-assinatura-digital-com-validade-juridica\/\",\"url\":\"https:\/\/digitalhelp.rgdi.net\/site\/loja\/e-cpf-assinatura-digital-com-validade-juridica\/\",\"name\":\"e-CPF \u2013 Assinatura Digital com Validade Jur\u00eddica - Fa\u00e7a parte da EVOLU\u00c7\u00c3O Digital\",\"isPartOf\":{\"@id\":\"https:\/\/digitalhelp.rgdi.net\/site\/#website\"},\"primaryImageOfPage\":{\"@id\":\"https:\/\/digitalhelp.rgdi.net\/site\/loja\/e-cpf-assinatura-digital-com-validade-juridica\/#primaryimage\"},\"image\":{\"@id\":\"https:\/\/digitalhelp.rgdi.net\/site\/loja\/e-cpf-assinatura-digital-com-validade-juridica\/#primaryimage\"},\"thumbnailUrl\":\"https:\/\/digitalhelp.rgdi.net\/site\/wp-content\/uploads\/2025\/10\/ecpf.jpg\",\"datePublished\":\"2025-10-08T16:11:29+00:00\",\"dateModified\":\"2025-10-08T16:16:24+00:00\",\"description\":\"Tenha acesso a servi\u00e7os governamentais, envie declara\u00e7\u00f5es e garanta agilidade em seus processos, tudo com prote\u00e7\u00e3o e conformidade legal.\",\"breadcrumb\":{\"@id\":\"https:\/\/digitalhelp.rgdi.net\/site\/loja\/e-cpf-assinatura-digital-com-validade-juridica\/#breadcrumb\"},\"inLanguage\":\"pt-BR\",\"potentialAction\":[{\"@type\":\"ReadAction\",\"target\":[\"https:\/\/digitalhelp.rgdi.net\/site\/loja\/e-cpf-assinatura-digital-com-validade-juridica\/\"]}]},{\"@type\":\"ImageObject\",\"inLanguage\":\"pt-BR\",\"@id\":\"https:\/\/digitalhelp.rgdi.net\/site\/loja\/e-cpf-assinatura-digital-com-validade-juridica\/#primaryimage\",\"url\":\"https:\/\/digitalhelp.rgdi.net\/site\/wp-content\/uploads\/2025\/10\/ecpf.jpg\",\"contentUrl\":\"https:\/\/digitalhelp.rgdi.net\/site\/wp-content\/uploads\/2025\/10\/ecpf.jpg\",\"width\":1080,\"height\":1080},{\"@type\":\"BreadcrumbList\",\"@id\":\"https:\/\/digitalhelp.rgdi.net\/site\/loja\/e-cpf-assinatura-digital-com-validade-juridica\/#breadcrumb\",\"itemListElement\":[{\"@type\":\"ListItem\",\"position\":1,\"name\":\"In\u00edcio\",\"item\":\"https:\/\/digitalhelp.rgdi.net\/site\/\"},{\"@type\":\"ListItem\",\"position\":2,\"name\":\"NOSSAS SOLU\u00c7\u00d5ES PARA VOC\u00ca\",\"item\":\"https:\/\/digitalhelp.rgdi.net\/site\/loja\/\"},{\"@type\":\"ListItem\",\"position\":3,\"name\":\"e-CPF \u2013 Assinatura Digital com Validade Jur\u00eddica\"}]},{\"@type\":\"WebSite\",\"@id\":\"https:\/\/digitalhelp.rgdi.net\/site\/#website\",\"url\":\"https:\/\/digitalhelp.rgdi.net\/site\/\",\"name\":\"Fa\u00e7a parte da EVOLU\u00c7\u00c3O Digital\",\"description\":\"Fa\u00e7a parte da EVOLU\u00c7\u00c3O Digital.\",\"publisher\":{\"@id\":\"https:\/\/digitalhelp.rgdi.net\/site\/#organization\"},\"potentialAction\":[{\"@type\":\"SearchAction\",\"target\":{\"@type\":\"EntryPoint\",\"urlTemplate\":\"https:\/\/digitalhelp.rgdi.net\/site\/?s={search_term_string}\"},\"query-input\":{\"@type\":\"PropertyValueSpecification\",\"valueRequired\":true,\"valueName\":\"search_term_string\"}}],\"inLanguage\":\"pt-BR\"},{\"@type\":\"Organization\",\"@id\":\"https:\/\/digitalhelp.rgdi.net\/site\/#organization\",\"name\":\"Digital Help\",\"url\":\"https:\/\/digitalhelp.rgdi.net\/site\/\",\"logo\":{\"@type\":\"ImageObject\",\"inLanguage\":\"pt-BR\",\"@id\":\"https:\/\/digitalhelp.rgdi.net\/site\/#\/schema\/logo\/image\/\",\"url\":\"https:\/\/digitalhelp.rgdi.net\/site\/wp-content\/uploads\/2021\/04\/logotipo-site-novo.png\",\"contentUrl\":\"https:\/\/digitalhelp.rgdi.net\/site\/wp-content\/uploads\/2021\/04\/logotipo-site-novo.png\",\"width\":150,\"height\":119,\"caption\":\"Digital Help\"},\"image\":{\"@id\":\"https:\/\/digitalhelp.rgdi.net\/site\/#\/schema\/logo\/image\/\"},\"sameAs\":[\"https:\/\/www.facebook.com\/digitalhelp.rgdi.net\"]}]}<\/script>\n<!-- \/ Yoast SEO plugin. -->","yoast_head_json":{"title":"e-CPF \u2013 Assinatura Digital com Validade Jur\u00eddica - Fa\u00e7a parte da EVOLU\u00c7\u00c3O Digital","description":"Tenha acesso a servi\u00e7os governamentais, envie declara\u00e7\u00f5es e garanta agilidade em seus processos, tudo com prote\u00e7\u00e3o e conformidade legal.","robots":{"index":"index","follow":"follow","max-snippet":"max-snippet:-1","max-image-preview":"max-image-preview:large","max-video-preview":"max-video-preview:-1"},"canonical":"https:\/\/digitalhelp.rgdi.net\/site\/loja\/e-cpf-assinatura-digital-com-validade-juridica\/","og_locale":"pt_BR","og_type":"article","og_title":"e-CPF \u2013 Assinatura Digital com Validade Jur\u00eddica - Fa\u00e7a parte da EVOLU\u00c7\u00c3O Digital","og_description":"Tenha acesso a servi\u00e7os governamentais, envie declara\u00e7\u00f5es e garanta agilidade em seus processos, tudo com prote\u00e7\u00e3o e conformidade legal.","og_url":"https:\/\/digitalhelp.rgdi.net\/site\/loja\/e-cpf-assinatura-digital-com-validade-juridica\/","og_site_name":"Fa\u00e7a parte da EVOLU\u00c7\u00c3O Digital","article_publisher":"https:\/\/www.facebook.com\/digitalhelp.rgdi.net","article_modified_time":"2025-10-08T16:16:24+00:00","og_image":[{"width":1080,"height":1080,"url":"https:\/\/digitalhelp.rgdi.net\/site\/wp-content\/uploads\/2025\/10\/ecpf.jpg","type":"image\/jpeg"}],"twitter_card":"summary_large_image","twitter_misc":{"Est. tempo de leitura":"1 minuto"},"schema":{"@context":"https:\/\/schema.org","@graph":[{"@type":"WebPage","@id":"https:\/\/digitalhelp.rgdi.net\/site\/loja\/e-cpf-assinatura-digital-com-validade-juridica\/","url":"https:\/\/digitalhelp.rgdi.net\/site\/loja\/e-cpf-assinatura-digital-com-validade-juridica\/","name":"e-CPF \u2013 Assinatura Digital com Validade Jur\u00eddica - Fa\u00e7a parte da EVOLU\u00c7\u00c3O Digital","isPartOf":{"@id":"https:\/\/digitalhelp.rgdi.net\/site\/#website"},"primaryImageOfPage":{"@id":"https:\/\/digitalhelp.rgdi.net\/site\/loja\/e-cpf-assinatura-digital-com-validade-juridica\/#primaryimage"},"image":{"@id":"https:\/\/digitalhelp.rgdi.net\/site\/loja\/e-cpf-assinatura-digital-com-validade-juridica\/#primaryimage"},"thumbnailUrl":"https:\/\/digitalhelp.rgdi.net\/site\/wp-content\/uploads\/2025\/10\/ecpf.jpg","datePublished":"2025-10-08T16:11:29+00:00","dateModified":"2025-10-08T16:16:24+00:00","description":"Tenha acesso a servi\u00e7os governamentais, envie declara\u00e7\u00f5es e garanta agilidade em seus processos, tudo com prote\u00e7\u00e3o e conformidade legal.","breadcrumb":{"@id":"https:\/\/digitalhelp.rgdi.net\/site\/loja\/e-cpf-assinatura-digital-com-validade-juridica\/#breadcrumb"},"inLanguage":"pt-BR","potentialAction":[{"@type":"ReadAction","target":["https:\/\/digitalhelp.rgdi.net\/site\/loja\/e-cpf-assinatura-digital-com-validade-juridica\/"]}]},{"@type":"ImageObject","inLanguage":"pt-BR","@id":"https:\/\/digitalhelp.rgdi.net\/site\/loja\/e-cpf-assinatura-digital-com-validade-juridica\/#primaryimage","url":"https:\/\/digitalhelp.rgdi.net\/site\/wp-content\/uploads\/2025\/10\/ecpf.jpg","contentUrl":"https:\/\/digitalhelp.rgdi.net\/site\/wp-content\/uploads\/2025\/10\/ecpf.jpg","width":1080,"height":1080},{"@type":"BreadcrumbList","@id":"https:\/\/digitalhelp.rgdi.net\/site\/loja\/e-cpf-assinatura-digital-com-validade-juridica\/#breadcrumb","itemListElement":[{"@type":"ListItem","position":1,"name":"In\u00edcio","item":"https:\/\/digitalhelp.rgdi.net\/site\/"},{"@type":"ListItem","position":2,"name":"NOSSAS SOLU\u00c7\u00d5ES PARA VOC\u00ca","item":"https:\/\/digitalhelp.rgdi.net\/site\/loja\/"},{"@type":"ListItem","position":3,"name":"e-CPF \u2013 Assinatura Digital com Validade Jur\u00eddica"}]},{"@type":"WebSite","@id":"https:\/\/digitalhelp.rgdi.net\/site\/#website","url":"https:\/\/digitalhelp.rgdi.net\/site\/","name":"Fa\u00e7a parte da EVOLU\u00c7\u00c3O Digital","description":"Fa\u00e7a parte da EVOLU\u00c7\u00c3O Digital.","publisher":{"@id":"https:\/\/digitalhelp.rgdi.net\/site\/#organization"},"potentialAction":[{"@type":"SearchAction","target":{"@type":"EntryPoint","urlTemplate":"https:\/\/digitalhelp.rgdi.net\/site\/?s={search_term_string}"},"query-input":{"@type":"PropertyValueSpecification","valueRequired":true,"valueName":"search_term_string"}}],"inLanguage":"pt-BR"},{"@type":"Organization","@id":"https:\/\/digitalhelp.rgdi.net\/site\/#organization","name":"Digital Help","url":"https:\/\/digitalhelp.rgdi.net\/site\/","logo":{"@type":"ImageObject","inLanguage":"pt-BR","@id":"https:\/\/digitalhelp.rgdi.net\/site\/#\/schema\/logo\/image\/","url":"https:\/\/digitalhelp.rgdi.net\/site\/wp-content\/uploads\/2021\/04\/logotipo-site-novo.png","contentUrl":"https:\/\/digitalhelp.rgdi.net\/site\/wp-content\/uploads\/2021\/04\/logotipo-site-novo.png","width":150,"height":119,"caption":"Digital Help"},"image":{"@id":"https:\/\/digitalhelp.rgdi.net\/site\/#\/schema\/logo\/image\/"},"sameAs":["https:\/\/www.facebook.com\/digitalhelp.rgdi.net"]}]}},"_links":{"self":[{"href":"https:\/\/digitalhelp.rgdi.net\/site\/wp-json\/wp\/v2\/product\/6919","targetHints":{"allow":["GET"]}}],"collection":[{"href":"https:\/\/digitalhelp.rgdi.net\/site\/wp-json\/wp\/v2\/product"}],"about":[{"href":"https:\/\/digitalhelp.rgdi.net\/site\/wp-json\/wp\/v2\/types\/product"}],"wp:featuredmedia":[{"embeddable":true,"href":"https:\/\/digitalhelp.rgdi.net\/site\/wp-json\/wp\/v2\/media\/6920"}],"wp:attachment":[{"href":"https:\/\/digitalhelp.rgdi.net\/site\/wp-json\/wp\/v2\/media?parent=6919"}],"wp:term":[{"taxonomy":"product_brand","embeddable":true,"href":"https:\/\/digitalhelp.rgdi.net\/site\/wp-json\/wp\/v2\/product_brand?post=6919"},{"taxonomy":"product_cat","embeddable":true,"href":"https:\/\/digitalhelp.rgdi.net\/site\/wp-json\/wp\/v2\/product_cat?post=6919"},{"taxonomy":"product_tag","embeddable":true,"href":"https:\/\/digitalhelp.rgdi.net\/site\/wp-json\/wp\/v2\/product_tag?post=6919"}],"curies":[{"name":"wp","href":"https:\/\/api.w.org\/{rel}","templated":true}]}}