{"id":6959,"date":"2025-10-09T09:17:09","date_gmt":"2025-10-09T12:17:09","guid":{"rendered":"https:\/\/digitalhelp.rgdi.net\/site\/?post_type=product&#038;p=6959"},"modified":"2025-10-09T10:34:50","modified_gmt":"2025-10-09T13:34:50","slug":"reformulacao-de-sites-em-wordpress","status":"publish","type":"product","link":"https:\/\/digitalhelp.rgdi.net\/site\/loja\/reformulacao-de-sites-em-wordpress\/","title":{"rendered":"Reformula\u00e7\u00e3o de sites em WordPress"},"content":{"rendered":"","protected":false},"excerpt":{"rendered":"<article class=\"text-token-text-primary w-full focus:outline-none [--shadow-height:45px] has-data-writing-block:pointer-events-none has-data-writing-block:-mt-(--shadow-height) has-data-writing-block:pt-(--shadow-height) [&amp;:has([data-writing-block])&gt;*]:pointer-events-auto scroll-mt-[calc(var(--header-height)+min(200px,max(70px,20svh)))]\" dir=\"auto\" tabindex=\"-1\" data-turn-id=\"43f750fa-826c-4e38-922e-f726a74cdadf\" data-testid=\"conversation-turn-10\" data-scroll-anchor=\"true\" data-turn=\"assistant\">\n<div class=\"text-base my-auto mx-auto pb-10 [--thread-content-margin:--spacing(4)] thread-sm:[--thread-content-margin:--spacing(6)] thread-lg:[--thread-content-margin:--spacing(16)] px-(--thread-content-margin)\">\n<div class=\"[--thread-content-max-width:40rem] thread-lg:[--thread-content-max-width:48rem] mx-auto max-w-(--thread-content-max-width) flex-1 group\/turn-messages focus-visible:outline-hidden relative flex w-full min-w-0 flex-col agent-turn\" tabindex=\"-1\">\n<div class=\"flex max-w-full flex-col grow\">\n<div class=\"min-h-8 text-message relative flex w-full flex-col items-end gap-2 text-start break-words whitespace-normal [.text-message+&amp;]:mt-5\" dir=\"auto\" data-message-author-role=\"assistant\" data-message-id=\"d99a9e44-b415-4863-87df-ab12a410512f\" data-message-model-slug=\"gpt-5\">\n<div class=\"flex w-full flex-col gap-1 empty:hidden first:pt-[1px]\">\n<div class=\"markdown prose dark:prose-invert w-full break-words light markdown-new-styling\">\n<p data-start=\"0\" data-end=\"138\" data-is-last-node=\"\" data-is-only-node=\"\">Reformula\u00e7\u00e3o de sites em WordPress com design moderno, desempenho otimizado e foco em resultados para destacar sua marca online.<\/p>\n<hr \/>\n<\/div>\n<\/div>\n<\/div>\n<\/div>\n<h3 class=\"z-0 flex min-h-[46px] justify-start\"><strong>A PARTIR DE:<\/strong><\/h3>\n<\/div>\n<\/div>\n<\/article>\n","protected":false},"featured_media":6963,"template":"","meta":{"_eb_attr":"","_vp_format_video_url":"","_vp_image_focal_point":[]},"product_brand":[],"product_cat":[547],"product_tag":[556,554,548,550,552,553,555,549,551,557],"class_list":{"0":"post-6959","1":"product","2":"type-product","3":"status-publish","4":"has-post-thumbnail","6":"product_cat-webdesign","7":"product_tag-agencia-wordpress","8":"product_tag-criacao-de-site-empresarial","9":"product_tag-criacao-de-sites-wordpress","10":"product_tag-desenvolvimento-web","11":"product_tag-design-responsivo","12":"product_tag-otimizacao-seo","13":"product_tag-redesign-de-site","14":"product_tag-reformulacao-de-sites","15":"product_tag-site-profissional","16":"product_tag-sites-modernos","18":"first","19":"instock","20":"virtual","21":"purchasable","22":"product-type-simple"},"yoast_head":"<!-- This site is optimized with the Yoast SEO plugin v27.2 - https:\/\/yoast.com\/product\/yoast-seo-wordpress\/ -->\n<title>Reformula\u00e7\u00e3o de sites em WordPress - Fa\u00e7a parte da EVOLU\u00c7\u00c3O Digital<\/title>\n<meta name=\"description\" content=\"Sites em WordPress com design moderno, desempenho otimizado e foco em resultados. Transforme sua presen\u00e7a online com um site profissional e responsivo.\" \/>\n<meta name=\"robots\" content=\"index, follow, max-snippet:-1, max-image-preview:large, max-video-preview:-1\" \/>\n<link rel=\"canonical\" href=\"https:\/\/digitalhelp.rgdi.net\/site\/loja\/reformulacao-de-sites-em-wordpress\/\" \/>\n<meta property=\"og:locale\" content=\"pt_BR\" \/>\n<meta property=\"og:type\" content=\"article\" \/>\n<meta property=\"og:title\" content=\"Reformula\u00e7\u00e3o de sites em WordPress - Fa\u00e7a parte da EVOLU\u00c7\u00c3O Digital\" \/>\n<meta property=\"og:description\" content=\"Sites em WordPress com design moderno, desempenho otimizado e foco em resultados. Transforme sua presen\u00e7a online com um site profissional e responsivo.\" \/>\n<meta property=\"og:url\" content=\"https:\/\/digitalhelp.rgdi.net\/site\/loja\/reformulacao-de-sites-em-wordpress\/\" \/>\n<meta property=\"og:site_name\" content=\"Fa\u00e7a parte da EVOLU\u00c7\u00c3O Digital\" \/>\n<meta property=\"article:publisher\" content=\"https:\/\/www.facebook.com\/digitalhelp.rgdi.net\" \/>\n<meta property=\"article:modified_time\" content=\"2025-10-09T13:34:50+00:00\" \/>\n<meta property=\"og:image\" content=\"https:\/\/digitalhelp.rgdi.net\/site\/wp-content\/uploads\/2025\/10\/wordpress-sites.png\" \/>\n\t<meta property=\"og:image:width\" content=\"1080\" \/>\n\t<meta property=\"og:image:height\" content=\"1080\" \/>\n\t<meta property=\"og:image:type\" content=\"image\/png\" \/>\n<meta name=\"twitter:card\" content=\"summary_large_image\" \/>\n<meta name=\"twitter:label1\" content=\"Est. tempo de leitura\" \/>\n\t<meta name=\"twitter:data1\" content=\"1 minuto\" \/>\n<script type=\"application\/ld+json\" class=\"yoast-schema-graph\">{\"@context\":\"https:\/\/schema.org\",\"@graph\":[{\"@type\":\"WebPage\",\"@id\":\"https:\/\/digitalhelp.rgdi.net\/site\/loja\/reformulacao-de-sites-em-wordpress\/\",\"url\":\"https:\/\/digitalhelp.rgdi.net\/site\/loja\/reformulacao-de-sites-em-wordpress\/\",\"name\":\"Reformula\u00e7\u00e3o de sites em WordPress - Fa\u00e7a parte da EVOLU\u00c7\u00c3O Digital\",\"isPartOf\":{\"@id\":\"https:\/\/digitalhelp.rgdi.net\/site\/#website\"},\"primaryImageOfPage\":{\"@id\":\"https:\/\/digitalhelp.rgdi.net\/site\/loja\/reformulacao-de-sites-em-wordpress\/#primaryimage\"},\"image\":{\"@id\":\"https:\/\/digitalhelp.rgdi.net\/site\/loja\/reformulacao-de-sites-em-wordpress\/#primaryimage\"},\"thumbnailUrl\":\"https:\/\/digitalhelp.rgdi.net\/site\/wp-content\/uploads\/2025\/10\/wordpress-sites.png\",\"datePublished\":\"2025-10-09T12:17:09+00:00\",\"dateModified\":\"2025-10-09T13:34:50+00:00\",\"description\":\"Sites em WordPress com design moderno, desempenho otimizado e foco em resultados. Transforme sua presen\u00e7a online com um site profissional e responsivo.\",\"breadcrumb\":{\"@id\":\"https:\/\/digitalhelp.rgdi.net\/site\/loja\/reformulacao-de-sites-em-wordpress\/#breadcrumb\"},\"inLanguage\":\"pt-BR\",\"potentialAction\":[{\"@type\":\"ReadAction\",\"target\":[\"https:\/\/digitalhelp.rgdi.net\/site\/loja\/reformulacao-de-sites-em-wordpress\/\"]}]},{\"@type\":\"ImageObject\",\"inLanguage\":\"pt-BR\",\"@id\":\"https:\/\/digitalhelp.rgdi.net\/site\/loja\/reformulacao-de-sites-em-wordpress\/#primaryimage\",\"url\":\"https:\/\/digitalhelp.rgdi.net\/site\/wp-content\/uploads\/2025\/10\/wordpress-sites.png\",\"contentUrl\":\"https:\/\/digitalhelp.rgdi.net\/site\/wp-content\/uploads\/2025\/10\/wordpress-sites.png\",\"width\":1080,\"height\":1080},{\"@type\":\"BreadcrumbList\",\"@id\":\"https:\/\/digitalhelp.rgdi.net\/site\/loja\/reformulacao-de-sites-em-wordpress\/#breadcrumb\",\"itemListElement\":[{\"@type\":\"ListItem\",\"position\":1,\"name\":\"In\u00edcio\",\"item\":\"https:\/\/digitalhelp.rgdi.net\/site\/\"},{\"@type\":\"ListItem\",\"position\":2,\"name\":\"NOSSAS SOLU\u00c7\u00d5ES PARA VOC\u00ca\",\"item\":\"https:\/\/digitalhelp.rgdi.net\/site\/loja\/\"},{\"@type\":\"ListItem\",\"position\":3,\"name\":\"Reformula\u00e7\u00e3o de sites em WordPress\"}]},{\"@type\":\"WebSite\",\"@id\":\"https:\/\/digitalhelp.rgdi.net\/site\/#website\",\"url\":\"https:\/\/digitalhelp.rgdi.net\/site\/\",\"name\":\"Fa\u00e7a parte da EVOLU\u00c7\u00c3O Digital\",\"description\":\"Fa\u00e7a parte da EVOLU\u00c7\u00c3O Digital.\",\"publisher\":{\"@id\":\"https:\/\/digitalhelp.rgdi.net\/site\/#organization\"},\"potentialAction\":[{\"@type\":\"SearchAction\",\"target\":{\"@type\":\"EntryPoint\",\"urlTemplate\":\"https:\/\/digitalhelp.rgdi.net\/site\/?s={search_term_string}\"},\"query-input\":{\"@type\":\"PropertyValueSpecification\",\"valueRequired\":true,\"valueName\":\"search_term_string\"}}],\"inLanguage\":\"pt-BR\"},{\"@type\":\"Organization\",\"@id\":\"https:\/\/digitalhelp.rgdi.net\/site\/#organization\",\"name\":\"Digital Help\",\"url\":\"https:\/\/digitalhelp.rgdi.net\/site\/\",\"logo\":{\"@type\":\"ImageObject\",\"inLanguage\":\"pt-BR\",\"@id\":\"https:\/\/digitalhelp.rgdi.net\/site\/#\/schema\/logo\/image\/\",\"url\":\"https:\/\/digitalhelp.rgdi.net\/site\/wp-content\/uploads\/2021\/04\/logotipo-site-novo.png\",\"contentUrl\":\"https:\/\/digitalhelp.rgdi.net\/site\/wp-content\/uploads\/2021\/04\/logotipo-site-novo.png\",\"width\":150,\"height\":119,\"caption\":\"Digital Help\"},\"image\":{\"@id\":\"https:\/\/digitalhelp.rgdi.net\/site\/#\/schema\/logo\/image\/\"},\"sameAs\":[\"https:\/\/www.facebook.com\/digitalhelp.rgdi.net\"]}]}<\/script>\n<!-- \/ Yoast SEO plugin. -->","yoast_head_json":{"title":"Reformula\u00e7\u00e3o de sites em WordPress - Fa\u00e7a parte da EVOLU\u00c7\u00c3O Digital","description":"Sites em WordPress com design moderno, desempenho otimizado e foco em resultados. Transforme sua presen\u00e7a online com um site profissional e responsivo.","robots":{"index":"index","follow":"follow","max-snippet":"max-snippet:-1","max-image-preview":"max-image-preview:large","max-video-preview":"max-video-preview:-1"},"canonical":"https:\/\/digitalhelp.rgdi.net\/site\/loja\/reformulacao-de-sites-em-wordpress\/","og_locale":"pt_BR","og_type":"article","og_title":"Reformula\u00e7\u00e3o de sites em WordPress - Fa\u00e7a parte da EVOLU\u00c7\u00c3O Digital","og_description":"Sites em WordPress com design moderno, desempenho otimizado e foco em resultados. Transforme sua presen\u00e7a online com um site profissional e responsivo.","og_url":"https:\/\/digitalhelp.rgdi.net\/site\/loja\/reformulacao-de-sites-em-wordpress\/","og_site_name":"Fa\u00e7a parte da EVOLU\u00c7\u00c3O Digital","article_publisher":"https:\/\/www.facebook.com\/digitalhelp.rgdi.net","article_modified_time":"2025-10-09T13:34:50+00:00","og_image":[{"width":1080,"height":1080,"url":"https:\/\/digitalhelp.rgdi.net\/site\/wp-content\/uploads\/2025\/10\/wordpress-sites.png","type":"image\/png"}],"twitter_card":"summary_large_image","twitter_misc":{"Est. tempo de leitura":"1 minuto"},"schema":{"@context":"https:\/\/schema.org","@graph":[{"@type":"WebPage","@id":"https:\/\/digitalhelp.rgdi.net\/site\/loja\/reformulacao-de-sites-em-wordpress\/","url":"https:\/\/digitalhelp.rgdi.net\/site\/loja\/reformulacao-de-sites-em-wordpress\/","name":"Reformula\u00e7\u00e3o de sites em WordPress - Fa\u00e7a parte da EVOLU\u00c7\u00c3O Digital","isPartOf":{"@id":"https:\/\/digitalhelp.rgdi.net\/site\/#website"},"primaryImageOfPage":{"@id":"https:\/\/digitalhelp.rgdi.net\/site\/loja\/reformulacao-de-sites-em-wordpress\/#primaryimage"},"image":{"@id":"https:\/\/digitalhelp.rgdi.net\/site\/loja\/reformulacao-de-sites-em-wordpress\/#primaryimage"},"thumbnailUrl":"https:\/\/digitalhelp.rgdi.net\/site\/wp-content\/uploads\/2025\/10\/wordpress-sites.png","datePublished":"2025-10-09T12:17:09+00:00","dateModified":"2025-10-09T13:34:50+00:00","description":"Sites em WordPress com design moderno, desempenho otimizado e foco em resultados. Transforme sua presen\u00e7a online com um site profissional e responsivo.","breadcrumb":{"@id":"https:\/\/digitalhelp.rgdi.net\/site\/loja\/reformulacao-de-sites-em-wordpress\/#breadcrumb"},"inLanguage":"pt-BR","potentialAction":[{"@type":"ReadAction","target":["https:\/\/digitalhelp.rgdi.net\/site\/loja\/reformulacao-de-sites-em-wordpress\/"]}]},{"@type":"ImageObject","inLanguage":"pt-BR","@id":"https:\/\/digitalhelp.rgdi.net\/site\/loja\/reformulacao-de-sites-em-wordpress\/#primaryimage","url":"https:\/\/digitalhelp.rgdi.net\/site\/wp-content\/uploads\/2025\/10\/wordpress-sites.png","contentUrl":"https:\/\/digitalhelp.rgdi.net\/site\/wp-content\/uploads\/2025\/10\/wordpress-sites.png","width":1080,"height":1080},{"@type":"BreadcrumbList","@id":"https:\/\/digitalhelp.rgdi.net\/site\/loja\/reformulacao-de-sites-em-wordpress\/#breadcrumb","itemListElement":[{"@type":"ListItem","position":1,"name":"In\u00edcio","item":"https:\/\/digitalhelp.rgdi.net\/site\/"},{"@type":"ListItem","position":2,"name":"NOSSAS SOLU\u00c7\u00d5ES PARA VOC\u00ca","item":"https:\/\/digitalhelp.rgdi.net\/site\/loja\/"},{"@type":"ListItem","position":3,"name":"Reformula\u00e7\u00e3o de sites em WordPress"}]},{"@type":"WebSite","@id":"https:\/\/digitalhelp.rgdi.net\/site\/#website","url":"https:\/\/digitalhelp.rgdi.net\/site\/","name":"Fa\u00e7a parte da EVOLU\u00c7\u00c3O Digital","description":"Fa\u00e7a parte da EVOLU\u00c7\u00c3O Digital.","publisher":{"@id":"https:\/\/digitalhelp.rgdi.net\/site\/#organization"},"potentialAction":[{"@type":"SearchAction","target":{"@type":"EntryPoint","urlTemplate":"https:\/\/digitalhelp.rgdi.net\/site\/?s={search_term_string}"},"query-input":{"@type":"PropertyValueSpecification","valueRequired":true,"valueName":"search_term_string"}}],"inLanguage":"pt-BR"},{"@type":"Organization","@id":"https:\/\/digitalhelp.rgdi.net\/site\/#organization","name":"Digital Help","url":"https:\/\/digitalhelp.rgdi.net\/site\/","logo":{"@type":"ImageObject","inLanguage":"pt-BR","@id":"https:\/\/digitalhelp.rgdi.net\/site\/#\/schema\/logo\/image\/","url":"https:\/\/digitalhelp.rgdi.net\/site\/wp-content\/uploads\/2021\/04\/logotipo-site-novo.png","contentUrl":"https:\/\/digitalhelp.rgdi.net\/site\/wp-content\/uploads\/2021\/04\/logotipo-site-novo.png","width":150,"height":119,"caption":"Digital Help"},"image":{"@id":"https:\/\/digitalhelp.rgdi.net\/site\/#\/schema\/logo\/image\/"},"sameAs":["https:\/\/www.facebook.com\/digitalhelp.rgdi.net"]}]}},"_links":{"self":[{"href":"https:\/\/digitalhelp.rgdi.net\/site\/wp-json\/wp\/v2\/product\/6959","targetHints":{"allow":["GET"]}}],"collection":[{"href":"https:\/\/digitalhelp.rgdi.net\/site\/wp-json\/wp\/v2\/product"}],"about":[{"href":"https:\/\/digitalhelp.rgdi.net\/site\/wp-json\/wp\/v2\/types\/product"}],"wp:featuredmedia":[{"embeddable":true,"href":"https:\/\/digitalhelp.rgdi.net\/site\/wp-json\/wp\/v2\/media\/6963"}],"wp:attachment":[{"href":"https:\/\/digitalhelp.rgdi.net\/site\/wp-json\/wp\/v2\/media?parent=6959"}],"wp:term":[{"taxonomy":"product_brand","embeddable":true,"href":"https:\/\/digitalhelp.rgdi.net\/site\/wp-json\/wp\/v2\/product_brand?post=6959"},{"taxonomy":"product_cat","embeddable":true,"href":"https:\/\/digitalhelp.rgdi.net\/site\/wp-json\/wp\/v2\/product_cat?post=6959"},{"taxonomy":"product_tag","embeddable":true,"href":"https:\/\/digitalhelp.rgdi.net\/site\/wp-json\/wp\/v2\/product_tag?post=6959"}],"curies":[{"name":"wp","href":"https:\/\/api.w.org\/{rel}","templated":true}]}}