{"id":6986,"date":"2025-10-09T16:39:59","date_gmt":"2025-10-09T19:39:59","guid":{"rendered":"https:\/\/digitalhelp.rgdi.net\/site\/?post_type=product&#038;p=6986"},"modified":"2025-10-09T16:47:14","modified_gmt":"2025-10-09T19:47:14","slug":"cursos-de-pos-graduacao-ead","status":"publish","type":"product","link":"https:\/\/digitalhelp.rgdi.net\/site\/loja\/cursos-de-pos-graduacao-ead\/","title":{"rendered":"Cursos de P\u00f3s-Gradua\u00e7\u00e3o EAD"},"content":{"rendered":"<p><img loading=\"lazy\" decoding=\"async\" class=\"aligncenter wp-image-6988 size-full\" src=\"https:\/\/digitalhelp.rgdi.net\/site\/wp-content\/uploads\/2025\/10\/POS-FASUL.webp\" alt=\"\" width=\"1320\" height=\"623\" srcset=\"https:\/\/digitalhelp.rgdi.net\/site\/wp-content\/uploads\/2025\/10\/POS-FASUL.webp 1320w, https:\/\/digitalhelp.rgdi.net\/site\/wp-content\/uploads\/2025\/10\/POS-FASUL-400x189.webp 400w, https:\/\/digitalhelp.rgdi.net\/site\/wp-content\/uploads\/2025\/10\/POS-FASUL-1024x483.webp 1024w, https:\/\/digitalhelp.rgdi.net\/site\/wp-content\/uploads\/2025\/10\/POS-FASUL-768x362.webp 768w, https:\/\/digitalhelp.rgdi.net\/site\/wp-content\/uploads\/2025\/10\/POS-FASUL-1200x566.webp 1200w, https:\/\/digitalhelp.rgdi.net\/site\/wp-content\/uploads\/2025\/10\/POS-FASUL-200x94.webp 200w, https:\/\/digitalhelp.rgdi.net\/site\/wp-content\/uploads\/2025\/10\/POS-FASUL-300x142.webp 300w, https:\/\/digitalhelp.rgdi.net\/site\/wp-content\/uploads\/2025\/10\/POS-FASUL-600x283.webp 600w, https:\/\/digitalhelp.rgdi.net\/site\/wp-content\/uploads\/2025\/10\/POS-FASUL-800x378.webp 800w\" sizes=\"auto, (max-width: 1320px) 100vw, 1320px\" \/><\/p>\n","protected":false},"excerpt":{"rendered":"<p data-start=\"248\" data-end=\"459\">Amplie suas oportunidades com mais de 2000 cursos de p\u00f3s-gradua\u00e7\u00e3o EAD reconhecidos pelo MEC.<br \/>\nEscolha entre \u00e1reas como Educa\u00e7\u00e3o, Sa\u00fade, Gest\u00e3o, Direito, Engenharia, Humanas e Tecnologia, e estude no seu ritmo.<\/p>\n<hr \/>\n<h3 data-start=\"248\" data-end=\"459\">PARCELAS FIXAS AT\u00c9 O FINAL DO CURSO DE APENAS R$ 66,00 por m\u00eas<\/h3>\n","protected":false},"featured_media":6987,"template":"","meta":{"_eb_attr":"","_vp_format_video_url":"","_vp_image_focal_point":[]},"product_brand":[615],"product_cat":[606],"product_tag":[624,621,622,623,617,619,618,627,625,616,626,620],"class_list":{"0":"post-6986","1":"product","2":"type-product","3":"status-publish","4":"has-post-thumbnail","6":"product_brand-fasul","7":"product_cat-cursos","8":"product_tag-cursos-de-educacao","9":"product_tag-cursos-de-gestao","10":"product_tag-cursos-de-saude","11":"product_tag-cursos-de-tecnologia","12":"product_tag-cursos-ead","13":"product_tag-educacao-a-distancia","14":"product_tag-especializacao-online","15":"product_tag-humanas-e-tecnologia","16":"product_tag-pos-graduacao-direito","17":"product_tag-pos-graduacao-ead","18":"product_tag-pos-graduacao-engenharia","19":"product_tag-pos-graduacao-reconhecida-pelo-mec","21":"first","22":"instock","23":"virtual","24":"product-type-simple"},"yoast_head":"<!-- This site is optimized with the Yoast SEO plugin v27.2 - https:\/\/yoast.com\/product\/yoast-seo-wordpress\/ -->\n<title>Cursos de P\u00f3s-Gradua\u00e7\u00e3o EAD - Fa\u00e7a parte da EVOLU\u00c7\u00c3O Digital<\/title>\n<meta name=\"description\" content=\"Cursos de p\u00f3s-gradua\u00e7\u00e3o EAD reconhecidos pelo MEC. Estude online nas \u00e1reas de Educa\u00e7\u00e3o, Sa\u00fade, Gest\u00e3o, Direito, Engenharia, Humanas e Tecnologia.\" \/>\n<meta name=\"robots\" content=\"index, follow, max-snippet:-1, max-image-preview:large, max-video-preview:-1\" \/>\n<link rel=\"canonical\" href=\"https:\/\/digitalhelp.rgdi.net\/site\/loja\/cursos-de-pos-graduacao-ead\/\" \/>\n<meta property=\"og:locale\" content=\"pt_BR\" \/>\n<meta property=\"og:type\" content=\"article\" \/>\n<meta property=\"og:title\" content=\"Cursos de P\u00f3s-Gradua\u00e7\u00e3o EAD - Fa\u00e7a parte da EVOLU\u00c7\u00c3O Digital\" \/>\n<meta property=\"og:description\" content=\"Cursos de p\u00f3s-gradua\u00e7\u00e3o EAD reconhecidos pelo MEC. Estude online nas \u00e1reas de Educa\u00e7\u00e3o, Sa\u00fade, Gest\u00e3o, Direito, Engenharia, Humanas e Tecnologia.\" \/>\n<meta property=\"og:url\" content=\"https:\/\/digitalhelp.rgdi.net\/site\/loja\/cursos-de-pos-graduacao-ead\/\" \/>\n<meta property=\"og:site_name\" content=\"Fa\u00e7a parte da EVOLU\u00c7\u00c3O Digital\" \/>\n<meta property=\"article:publisher\" content=\"https:\/\/www.facebook.com\/digitalhelp.rgdi.net\" \/>\n<meta property=\"article:modified_time\" content=\"2025-10-09T19:47:14+00:00\" \/>\n<meta property=\"og:image\" content=\"https:\/\/digitalhelp.rgdi.net\/site\/wp-content\/uploads\/2025\/10\/POSAGRADUACAO.png\" \/>\n\t<meta property=\"og:image:width\" content=\"1080\" \/>\n\t<meta property=\"og:image:height\" content=\"1080\" \/>\n\t<meta property=\"og:image:type\" content=\"image\/png\" \/>\n<meta name=\"twitter:card\" content=\"summary_large_image\" \/>\n<meta name=\"twitter:label1\" content=\"Est. tempo de leitura\" \/>\n\t<meta name=\"twitter:data1\" content=\"1 minuto\" \/>\n<script type=\"application\/ld+json\" class=\"yoast-schema-graph\">{\"@context\":\"https:\/\/schema.org\",\"@graph\":[{\"@type\":\"WebPage\",\"@id\":\"https:\/\/digitalhelp.rgdi.net\/site\/loja\/cursos-de-pos-graduacao-ead\/\",\"url\":\"https:\/\/digitalhelp.rgdi.net\/site\/loja\/cursos-de-pos-graduacao-ead\/\",\"name\":\"Cursos de P\u00f3s-Gradua\u00e7\u00e3o EAD - Fa\u00e7a parte da EVOLU\u00c7\u00c3O Digital\",\"isPartOf\":{\"@id\":\"https:\/\/digitalhelp.rgdi.net\/site\/#website\"},\"primaryImageOfPage\":{\"@id\":\"https:\/\/digitalhelp.rgdi.net\/site\/loja\/cursos-de-pos-graduacao-ead\/#primaryimage\"},\"image\":{\"@id\":\"https:\/\/digitalhelp.rgdi.net\/site\/loja\/cursos-de-pos-graduacao-ead\/#primaryimage\"},\"thumbnailUrl\":\"https:\/\/digitalhelp.rgdi.net\/site\/wp-content\/uploads\/2025\/10\/POSAGRADUACAO.png\",\"datePublished\":\"2025-10-09T19:39:59+00:00\",\"dateModified\":\"2025-10-09T19:47:14+00:00\",\"description\":\"Cursos de p\u00f3s-gradua\u00e7\u00e3o EAD reconhecidos pelo MEC. Estude online nas \u00e1reas de Educa\u00e7\u00e3o, Sa\u00fade, Gest\u00e3o, Direito, Engenharia, Humanas e Tecnologia.\",\"breadcrumb\":{\"@id\":\"https:\/\/digitalhelp.rgdi.net\/site\/loja\/cursos-de-pos-graduacao-ead\/#breadcrumb\"},\"inLanguage\":\"pt-BR\",\"potentialAction\":[{\"@type\":\"ReadAction\",\"target\":[\"https:\/\/digitalhelp.rgdi.net\/site\/loja\/cursos-de-pos-graduacao-ead\/\"]}]},{\"@type\":\"ImageObject\",\"inLanguage\":\"pt-BR\",\"@id\":\"https:\/\/digitalhelp.rgdi.net\/site\/loja\/cursos-de-pos-graduacao-ead\/#primaryimage\",\"url\":\"https:\/\/digitalhelp.rgdi.net\/site\/wp-content\/uploads\/2025\/10\/POSAGRADUACAO.png\",\"contentUrl\":\"https:\/\/digitalhelp.rgdi.net\/site\/wp-content\/uploads\/2025\/10\/POSAGRADUACAO.png\",\"width\":1080,\"height\":1080},{\"@type\":\"BreadcrumbList\",\"@id\":\"https:\/\/digitalhelp.rgdi.net\/site\/loja\/cursos-de-pos-graduacao-ead\/#breadcrumb\",\"itemListElement\":[{\"@type\":\"ListItem\",\"position\":1,\"name\":\"In\u00edcio\",\"item\":\"https:\/\/digitalhelp.rgdi.net\/site\/\"},{\"@type\":\"ListItem\",\"position\":2,\"name\":\"NOSSAS SOLU\u00c7\u00d5ES PARA VOC\u00ca\",\"item\":\"https:\/\/digitalhelp.rgdi.net\/site\/loja\/\"},{\"@type\":\"ListItem\",\"position\":3,\"name\":\"Cursos de P\u00f3s-Gradua\u00e7\u00e3o EAD\"}]},{\"@type\":\"WebSite\",\"@id\":\"https:\/\/digitalhelp.rgdi.net\/site\/#website\",\"url\":\"https:\/\/digitalhelp.rgdi.net\/site\/\",\"name\":\"Fa\u00e7a parte da EVOLU\u00c7\u00c3O Digital\",\"description\":\"Fa\u00e7a parte da EVOLU\u00c7\u00c3O Digital.\",\"publisher\":{\"@id\":\"https:\/\/digitalhelp.rgdi.net\/site\/#organization\"},\"potentialAction\":[{\"@type\":\"SearchAction\",\"target\":{\"@type\":\"EntryPoint\",\"urlTemplate\":\"https:\/\/digitalhelp.rgdi.net\/site\/?s={search_term_string}\"},\"query-input\":{\"@type\":\"PropertyValueSpecification\",\"valueRequired\":true,\"valueName\":\"search_term_string\"}}],\"inLanguage\":\"pt-BR\"},{\"@type\":\"Organization\",\"@id\":\"https:\/\/digitalhelp.rgdi.net\/site\/#organization\",\"name\":\"Digital Help\",\"url\":\"https:\/\/digitalhelp.rgdi.net\/site\/\",\"logo\":{\"@type\":\"ImageObject\",\"inLanguage\":\"pt-BR\",\"@id\":\"https:\/\/digitalhelp.rgdi.net\/site\/#\/schema\/logo\/image\/\",\"url\":\"https:\/\/digitalhelp.rgdi.net\/site\/wp-content\/uploads\/2021\/04\/logotipo-site-novo.png\",\"contentUrl\":\"https:\/\/digitalhelp.rgdi.net\/site\/wp-content\/uploads\/2021\/04\/logotipo-site-novo.png\",\"width\":150,\"height\":119,\"caption\":\"Digital Help\"},\"image\":{\"@id\":\"https:\/\/digitalhelp.rgdi.net\/site\/#\/schema\/logo\/image\/\"},\"sameAs\":[\"https:\/\/www.facebook.com\/digitalhelp.rgdi.net\"]}]}<\/script>\n<!-- \/ Yoast SEO plugin. -->","yoast_head_json":{"title":"Cursos de P\u00f3s-Gradua\u00e7\u00e3o EAD - Fa\u00e7a parte da EVOLU\u00c7\u00c3O Digital","description":"Cursos de p\u00f3s-gradua\u00e7\u00e3o EAD reconhecidos pelo MEC. Estude online nas \u00e1reas de Educa\u00e7\u00e3o, Sa\u00fade, Gest\u00e3o, Direito, Engenharia, Humanas e Tecnologia.","robots":{"index":"index","follow":"follow","max-snippet":"max-snippet:-1","max-image-preview":"max-image-preview:large","max-video-preview":"max-video-preview:-1"},"canonical":"https:\/\/digitalhelp.rgdi.net\/site\/loja\/cursos-de-pos-graduacao-ead\/","og_locale":"pt_BR","og_type":"article","og_title":"Cursos de P\u00f3s-Gradua\u00e7\u00e3o EAD - Fa\u00e7a parte da EVOLU\u00c7\u00c3O Digital","og_description":"Cursos de p\u00f3s-gradua\u00e7\u00e3o EAD reconhecidos pelo MEC. Estude online nas \u00e1reas de Educa\u00e7\u00e3o, Sa\u00fade, Gest\u00e3o, Direito, Engenharia, Humanas e Tecnologia.","og_url":"https:\/\/digitalhelp.rgdi.net\/site\/loja\/cursos-de-pos-graduacao-ead\/","og_site_name":"Fa\u00e7a parte da EVOLU\u00c7\u00c3O Digital","article_publisher":"https:\/\/www.facebook.com\/digitalhelp.rgdi.net","article_modified_time":"2025-10-09T19:47:14+00:00","og_image":[{"width":1080,"height":1080,"url":"https:\/\/digitalhelp.rgdi.net\/site\/wp-content\/uploads\/2025\/10\/POSAGRADUACAO.png","type":"image\/png"}],"twitter_card":"summary_large_image","twitter_misc":{"Est. tempo de leitura":"1 minuto"},"schema":{"@context":"https:\/\/schema.org","@graph":[{"@type":"WebPage","@id":"https:\/\/digitalhelp.rgdi.net\/site\/loja\/cursos-de-pos-graduacao-ead\/","url":"https:\/\/digitalhelp.rgdi.net\/site\/loja\/cursos-de-pos-graduacao-ead\/","name":"Cursos de P\u00f3s-Gradua\u00e7\u00e3o EAD - Fa\u00e7a parte da EVOLU\u00c7\u00c3O Digital","isPartOf":{"@id":"https:\/\/digitalhelp.rgdi.net\/site\/#website"},"primaryImageOfPage":{"@id":"https:\/\/digitalhelp.rgdi.net\/site\/loja\/cursos-de-pos-graduacao-ead\/#primaryimage"},"image":{"@id":"https:\/\/digitalhelp.rgdi.net\/site\/loja\/cursos-de-pos-graduacao-ead\/#primaryimage"},"thumbnailUrl":"https:\/\/digitalhelp.rgdi.net\/site\/wp-content\/uploads\/2025\/10\/POSAGRADUACAO.png","datePublished":"2025-10-09T19:39:59+00:00","dateModified":"2025-10-09T19:47:14+00:00","description":"Cursos de p\u00f3s-gradua\u00e7\u00e3o EAD reconhecidos pelo MEC. Estude online nas \u00e1reas de Educa\u00e7\u00e3o, Sa\u00fade, Gest\u00e3o, Direito, Engenharia, Humanas e Tecnologia.","breadcrumb":{"@id":"https:\/\/digitalhelp.rgdi.net\/site\/loja\/cursos-de-pos-graduacao-ead\/#breadcrumb"},"inLanguage":"pt-BR","potentialAction":[{"@type":"ReadAction","target":["https:\/\/digitalhelp.rgdi.net\/site\/loja\/cursos-de-pos-graduacao-ead\/"]}]},{"@type":"ImageObject","inLanguage":"pt-BR","@id":"https:\/\/digitalhelp.rgdi.net\/site\/loja\/cursos-de-pos-graduacao-ead\/#primaryimage","url":"https:\/\/digitalhelp.rgdi.net\/site\/wp-content\/uploads\/2025\/10\/POSAGRADUACAO.png","contentUrl":"https:\/\/digitalhelp.rgdi.net\/site\/wp-content\/uploads\/2025\/10\/POSAGRADUACAO.png","width":1080,"height":1080},{"@type":"BreadcrumbList","@id":"https:\/\/digitalhelp.rgdi.net\/site\/loja\/cursos-de-pos-graduacao-ead\/#breadcrumb","itemListElement":[{"@type":"ListItem","position":1,"name":"In\u00edcio","item":"https:\/\/digitalhelp.rgdi.net\/site\/"},{"@type":"ListItem","position":2,"name":"NOSSAS SOLU\u00c7\u00d5ES PARA VOC\u00ca","item":"https:\/\/digitalhelp.rgdi.net\/site\/loja\/"},{"@type":"ListItem","position":3,"name":"Cursos de P\u00f3s-Gradua\u00e7\u00e3o EAD"}]},{"@type":"WebSite","@id":"https:\/\/digitalhelp.rgdi.net\/site\/#website","url":"https:\/\/digitalhelp.rgdi.net\/site\/","name":"Fa\u00e7a parte da EVOLU\u00c7\u00c3O Digital","description":"Fa\u00e7a parte da EVOLU\u00c7\u00c3O Digital.","publisher":{"@id":"https:\/\/digitalhelp.rgdi.net\/site\/#organization"},"potentialAction":[{"@type":"SearchAction","target":{"@type":"EntryPoint","urlTemplate":"https:\/\/digitalhelp.rgdi.net\/site\/?s={search_term_string}"},"query-input":{"@type":"PropertyValueSpecification","valueRequired":true,"valueName":"search_term_string"}}],"inLanguage":"pt-BR"},{"@type":"Organization","@id":"https:\/\/digitalhelp.rgdi.net\/site\/#organization","name":"Digital Help","url":"https:\/\/digitalhelp.rgdi.net\/site\/","logo":{"@type":"ImageObject","inLanguage":"pt-BR","@id":"https:\/\/digitalhelp.rgdi.net\/site\/#\/schema\/logo\/image\/","url":"https:\/\/digitalhelp.rgdi.net\/site\/wp-content\/uploads\/2021\/04\/logotipo-site-novo.png","contentUrl":"https:\/\/digitalhelp.rgdi.net\/site\/wp-content\/uploads\/2021\/04\/logotipo-site-novo.png","width":150,"height":119,"caption":"Digital Help"},"image":{"@id":"https:\/\/digitalhelp.rgdi.net\/site\/#\/schema\/logo\/image\/"},"sameAs":["https:\/\/www.facebook.com\/digitalhelp.rgdi.net"]}]}},"_links":{"self":[{"href":"https:\/\/digitalhelp.rgdi.net\/site\/wp-json\/wp\/v2\/product\/6986","targetHints":{"allow":["GET"]}}],"collection":[{"href":"https:\/\/digitalhelp.rgdi.net\/site\/wp-json\/wp\/v2\/product"}],"about":[{"href":"https:\/\/digitalhelp.rgdi.net\/site\/wp-json\/wp\/v2\/types\/product"}],"wp:featuredmedia":[{"embeddable":true,"href":"https:\/\/digitalhelp.rgdi.net\/site\/wp-json\/wp\/v2\/media\/6987"}],"wp:attachment":[{"href":"https:\/\/digitalhelp.rgdi.net\/site\/wp-json\/wp\/v2\/media?parent=6986"}],"wp:term":[{"taxonomy":"product_brand","embeddable":true,"href":"https:\/\/digitalhelp.rgdi.net\/site\/wp-json\/wp\/v2\/product_brand?post=6986"},{"taxonomy":"product_cat","embeddable":true,"href":"https:\/\/digitalhelp.rgdi.net\/site\/wp-json\/wp\/v2\/product_cat?post=6986"},{"taxonomy":"product_tag","embeddable":true,"href":"https:\/\/digitalhelp.rgdi.net\/site\/wp-json\/wp\/v2\/product_tag?post=6986"}],"curies":[{"name":"wp","href":"https:\/\/api.w.org\/{rel}","templated":true}]}}